{"id":24529,"date":"2022-06-14T17:46:33","date_gmt":"2022-06-14T17:46:33","guid":{"rendered":"https:\/\/www.amnissoshotel.com\/zimmer-dienstleistungen\/"},"modified":"2025-06-26T10:30:08","modified_gmt":"2025-06-26T10:30:08","slug":"zimmer-dienstleistungen","status":"publish","type":"page","link":"https:\/\/amnissoshotel.com\/de\/the-hotel\/zimmer-dienstleistungen\/","title":{"rendered":"Zimmer &#038; Dienstleistungen"},"content":{"rendered":"\t\t<div data-elementor-type=\"wp-page\" data-elementor-id=\"24529\" class=\"elementor elementor-24529 elementor-11816\" data-elementor-post-type=\"page\">\n\t\t\t\t\t\t<section class=\"elementor-section elementor-top-section elementor-element elementor-element-2808e075 elementor-section-boxed elementor-section-height-default elementor-section-height-default\" data-id=\"2808e075\" data-element_type=\"section\">\n\t\t\t\t\t\t<div class=\"elementor-container elementor-column-gap-default\">\n\t\t\t\t\t<div class=\"elementor-column elementor-col-100 elementor-top-column elementor-element elementor-element-5ec5e5f4\" data-id=\"5ec5e5f4\" data-element_type=\"column\">\n\t\t\t<div class=\"elementor-widget-wrap elementor-element-populated\">\n\t\t\t\t\t\t<div class=\"elementor-element elementor-element-7a484003 elementor-widget elementor-widget-text-editor\" data-id=\"7a484003\" data-element_type=\"widget\" data-widget_type=\"text-editor.default\">\n\t\t\t\t<div class=\"elementor-widget-container\">\n\t\t\t\t\t\t\t\t\t<p>Liebe G\u00e4ste,<\/p><p>Wir freuen uns, Sie in der Amnissos Residence und auf der wundersch\u00f6nen Insel Kreta begr\u00fc\u00dfen zu d\u00fcrfen. In diesem Verzeichnis finden Sie hilfreiche Informationen zu unseren Hotelservices sowie zu anderen auf der Insel verf\u00fcgbaren Services. Falls Sie weitere Hilfe oder Informationen ben\u00f6tigen, wenden Sie sich bitte an die Rezeption. Unser freundliches Personal setzt sich daf\u00fcr ein, dass Ihr Aufenthalt in der Amnissos Residence sowohl angenehm als auch komfortabel ist und Sie ein unvergessliches Erlebnis haben.<\/p><p>Im Namen des Managements und des Personals,<\/p><p>Wir w\u00fcnschen Ihnen einen angenehmen Aufenthalt!<\/p><h3><strong>Rezeption<\/strong><\/h3><p>Die Rezeption ist rund um die Uhr ge\u00f6ffnet<\/p><h3><strong>Dienstleistungen f\u00fcr die G\u00e4ste<\/strong><\/h3><p>Klimaanlage \/ Heizung<\/p><p>Jedes Zimmer ist mit einer Klimaanlage mit eigener Fernbedienung ausgestattet.<\/p><p>M\u00f6glichkeit, Kissen zu w\u00e4hlen<\/p><p>Zimmerservice<\/p><p>W\u00e4scheservice, chemische Reinigung, B\u00fcgelservice<\/p><p>Pf\u00f6rtnerdienst<\/p><h3><strong>Haushaltdienst:<\/strong><\/h3><p>T\u00e4glicher und abendlicher Reinigungsservice.<\/p><p>Die Zimmer werden t\u00e4glich bis 16:30 Uhr gereinigt und aufger\u00e4umt. Handt\u00fccher werden alle 3 Tage und Bettw\u00e4sche alle 2 Tage gewechselt.<\/p><p>Bitte entfernen Sie die Handt\u00fccher nicht aus Ihrem Zimmer. Handt\u00fccher sind nicht f\u00fcr den Pool- oder Strandgebrauch geeignet.<\/p><p>Handtuchwechsel auf Anfrage.<\/p><h3><strong>Check-in-Zeit:<\/strong><\/h3><p>Der Check-in erfolgt um 15:00 Uhr<\/p><h3><strong>Abfahrt<\/strong><\/h3><p>Der Check-out erfolgt um 11:00 Uhr. Ein sp\u00e4ter Check-out ist auf Anfrage und je nach Verf\u00fcgbarkeit m\u00f6glich. Bitte wenden Sie sich f\u00fcr weitere Informationen an unsere Rezeption.<\/p><h3><strong>Concierge-Service:<\/strong><\/h3><p>Wenn Sie Hilfe bei der Auto-\/Motorradvermietung, Bootsvermietung, Ausfl\u00fcgen und anderen Arrangements ben\u00f6tigen, wenden Sie sich bitte an unsere Rezeption.<\/p><h3><strong>Kreditkarten<\/strong><\/h3><p>Das Hotel akzeptiert Kreditkarten von Visa und MasterCard. F\u00fcr andere Kreditvereinbarungen wenden Sie sich bitte an unsere Rezeption.<\/p><h3><strong>Wiegen und Babybetten:<\/strong><\/h3><p>Gep\u00e4cktransportdienst<\/p><p>Vorbehaltlich begrenzter Anzahl sind Kinderbetten und Kinderbetten verf\u00fcgbar. Bitte informieren Sie unser Front Office.<\/p><h3><strong>Essen<\/strong><\/h3><p>Fr\u00fchst\u00fcck, Mittagssnacks und Abendessen werden im hoteleigenen Open-Air-Restaurant serviert. Das Fr\u00fchst\u00fccksbuffet wird von 07:30 bis 10:00 Uhr serviert.<\/p><p>Das Mittagessen wird von 13:30 bis 15:00 Uhr serviert. Das Abendessen wird von 19:30 bis 21:30 Uhr serviert .Die \u201ePool Bar\u201c am Au\u00dfenpool des Hotels serviert auch Getr\u00e4nke und leichte Snacks und ist t\u00e4glich von 11:00 bis 00:00 Uhr ge\u00f6ffnet.\u00a0<\/p><p>\u00a0<\/p><p>Bitte beachten Sie, dass Lebensmittelsicherheits- und Hygienevorschriften das Mitnehmen von Lebensmitteln aus dem Hotelrestaurant verbieten. Wir bitten um Ihre Einhaltung. Bitte denken Sie daran, dass die Verschwendung von Lebensmitteln eine Beleidigung der Menschheit ist.<\/p><p>Lieferung von Mahlzeiten im Hotel in Zusammenarbeit mit einem nahe gelegenen Restaurant.<\/p><h3><strong>Erste-Hilfe-Kasten:<\/strong><\/h3><p>Ein Erste-Hilfe-Kasten befindet sich an unserer Rezeption.<\/p><h3><strong>Hei\u00dfes Wasser:<\/strong><\/h3><p>24 Stunden\/Tag<br \/>Zimmerausstattung:<br \/>Haartrockner<br \/>32-Zoll-Satellitenfernseher<br \/>Klimaanlage TV<br \/>Minik\u00fchlschrank<br \/>B\u00fcgeleisen an der Rezeption erh\u00e4ltlich<br \/>Handtuchwechsel auf Anfrage<\/p><h3><strong>Internet:<\/strong><\/h3><p>Wir freuen uns, Ihnen im gesamten Hotel einen kostenlosen drahtlosen Highspeed-Internetzugang anbieten zu k\u00f6nnen! Sie k\u00f6nnen auf das Internet zugreifen, indem Sie Ihre E-Mail-Adresse eingeben, nachdem Sie sich beim \u201eAMNISSOS HOTEL\u201c-Netzwerk angemeldet haben.<\/p><p>Es gilt eine faire und vern\u00fcnftige Nutzungsrichtlinie. Die Internetgeschwindigkeit h\u00e4ngt von der Gesamtnutzung ab.<\/p><p>Bitte beachten Sie, dass es aufgrund der Infrastruktur der Insel und der Besucherzunahme in den Monaten Juli und August in dieser Zeit zu langsameren Internetgeschwindigkeiten kommen kann. Wir entschuldigen uns f\u00fcr etwaige Unannehmlichkeiten.<\/p><h3><strong>Gep\u00e4ck:<\/strong><\/h3><p>Falls Sie eine sp\u00e4te Abreise von der Insel haben, helfen wir Ihnen gerne bei der Aufbewahrung Ihres Gep\u00e4cks.<\/p><h3 class=\"fusion-responsive-typography-calculated\" data-fontsize=\"24\" data-lineheight=\"40.08px\"><strong>Wartung:<\/strong><\/h3><p>Sollte etwas nicht funktionieren, informieren Sie bitte unser Front Office.<\/p><h3><strong>Parkplatz:<\/strong><\/h3><p>G\u00e4ste des \u201eAmnissos Hotel\u201c k\u00f6nnen kostenlos auf dem \u201e\u00d6ffentlichen Parkplatz\u201c parken, der sich neben dem Westeingang des Hotels befindet.<\/p><h3><strong>Schl\u00fcssel:<\/strong><\/h3><p>Bitte benachrichtigen Sie zu Ihrer eigenen Sicherheit den Schl\u00fcsselverlust umgehend an der Rezeption. Schlie\u00dfen Sie immer die T\u00fcr ab, wenn Sie Ihr Zimmer verlassen. Das Management haftet nicht f\u00fcr den Verlust von Geld oder pers\u00f6nlichen Gegenst\u00e4nden.<\/p><h3><strong>Safe:<\/strong><\/h3><p>An unserer Rezeption steht Ihnen ein Safe kostenlos zur Verf\u00fcgung. Das Amnissos Hotel haftet nicht f\u00fcr Wertgegenst\u00e4nde, die in Ihrem Zimmer zur\u00fcckgelassen werden.<\/p><h3><strong>Schwimmbad:<\/strong><\/h3><p>\u00a0Der Strand , der nicht privat , sondern \u00f6ffentich ist ,besteht aus Sand und Kies und es gibt Sonnenliegen und Sonnenschirme. <\/p><p>Regeln f\u00fcr Schwimmb\u00e4der<br \/>Der Pool ist von 07:30 bis 19:00 Uhr ge\u00f6ffnet<br \/>OPEN SKY ROOF TOP BAR 17:30-00:00<\/p><p>Bitte machen Sie sich mit den Sicherheitsregeln vertraut.<\/p><p>Aus Sicherheitsgr\u00fcnden ist im Poolbereich kein Glas erlaubt. Alle Getr\u00e4nke m\u00fcssen in Plastik- oder Papierbeh\u00e4ltern konsumiert werden.<\/p><h3><strong>\u00dcberweisungen:<\/strong><\/h3><p>Taxi-Service<\/p><p>\u201eAmnissos Hotel\u201c bietet gerne einen Transfer zum Hafen in Rethymno-Stadt an. Eine 24-Stunden-Benachrichtigung ist erforderlich und kann mit der Rezeption arrangiert werden.<\/p><h3><strong>Freundlicher Rat:<\/strong><\/h3><p>Bitte schalten Sie Licht und Klimaanlage aus, wenn Sie Ihr Zimmer verlassen.<br \/>&lt;h2&#8243;&gt;<strong>Allgemeine Informationen<\/strong><\/p><h3><strong>Banken:<\/strong><\/h3><p>Die \u00d6ffnungszeiten der Banken sind in der Regel Montag bis Freitag von 08:00 bis 14:00 Uhr bei Banken in der Stadt Rethymno. Geldautomaten befinden sich neben den St\u00e4dten Chania und Heraklion auch in der Stadt Rethymno.<\/p><h3><strong>Wasser trinken:<\/strong><\/h3><p>Das Leitungswasser auf Kreta ist trinkbar. Da es reich an Mineralien ist, bevorzugen Besucher m\u00f6glicherweise abgef\u00fclltes Wasser zum Trinken.<\/p><h3 class=\"fusion-responsive-typography-calculated\" data-fontsize=\"24\" data-lineheight=\"40.08px\">Spezielle Angebote f\u00fcr unsere G\u00e4ste<\/h3><ul><li>&lt;h3&#8243;&gt;<em><strong>Kostenlose Bereitstellung einer privaten Haftpflichtversicherung f\u00fcr Hotelkunden.<\/strong><\/em><\/li><li><h3><em><strong>Bereitstellung von W\u00e4scheservice mit Sonderrabatt f\u00fcr Hotelkunden.<\/strong><\/em><\/h3><\/li><li><h3><em><strong>Bereitstellung von 24-Stunden-Taxi-Transferdiensten mit Sonderrabatt f\u00fcr Hotelg\u00e4ste.<\/strong><\/em><\/h3><\/li><li><h3><em><strong>Verpflegung in einer angrenzenden Taverne mit Sonderrabatt f\u00fcr alle Hotelg\u00e4ste.<\/strong><\/em><\/h3><\/li><li><h3><em><strong>Handtuchwechsel in den Zimmern auf Anfrage.<\/strong><\/em><\/h3><\/li><\/ul><p>Erm\u00e4\u00dfigte Preise in der \u201ePool Bar\u201c und im \u201eMain Restaurant\u201c<\/p><p>Sie haben Anspruch auf 10 % Rabatt auf Speisen und Getr\u00e4nke in der \u201ePool Bar Bar\u201c und im \u201eMain Restaurant\u201c. Bitte teilen Sie dem Kellner Ihre Zimmernummer mit.<\/p><p><strong>Weitere Ank\u00fcndigung jeden Tag! Fragen Sie unsere Rezeption nach den neuesten Angeboten.<\/strong><\/p><p>Der obige Index gilt f\u00fcr Tarife im Januar 2022. Die Preise k\u00f6nnen sich je nach Diesel- und staatlichen Steuererh\u00f6hungen \u00e4ndern.<\/p><p>Habe sch\u00f6ne Ferien!<\/p><p><strong>Bitte halten Sie Rethymno sauber und gr\u00fcn!<\/strong><\/p>\t\t\t\t\t\t\t\t<\/div>\n\t\t\t\t<\/div>\n\t\t\t\t\t<\/div>\n\t\t<\/div>\n\t\t\t\t\t<\/div>\n\t\t<\/section>\n\t\t\t\t<\/div>\n\t\t","protected":false},"excerpt":{"rendered":"<p>Liebe G\u00e4ste, Wir freuen uns, Sie in der Amnissos Residence und auf der wundersch\u00f6nen Insel Kreta begr\u00fc\u00dfen zu d\u00fcrfen. In diesem Verzeichnis finden Sie hilfreiche Informationen zu unseren Hotelservices sowie zu anderen auf der Insel verf\u00fcgbaren Services. Falls Sie weitere Hilfe oder Informationen ben\u00f6tigen, wenden Sie sich bitte an die Rezeption. Unser freundliches Personal setzt [&hellip;]<\/p>\n","protected":false},"author":1,"featured_media":31701,"parent":24669,"menu_order":0,"comment_status":"closed","ping_status":"closed","template":"","meta":{"site-sidebar-layout":"default","site-content-layout":"default","ast-site-content-layout":"default","site-content-style":"default","site-sidebar-style":"default","ast-global-header-display":"","ast-banner-title-visibility":"","ast-main-header-display":"","ast-hfb-above-header-display":"","ast-hfb-below-header-display":"","ast-hfb-mobile-header-display":"","site-post-title":"","ast-breadcrumbs-content":"","ast-featured-img":"","footer-sml-layout":"","theme-transparent-header-meta":"default","adv-header-id-meta":"","stick-header-meta":"default","header-above-stick-meta":"","header-main-stick-meta":"","header-below-stick-meta":"","astra-migrate-meta-layouts":"set","ast-page-background-enabled":"default","ast-page-background-meta":{"desktop":{"background-color":"","background-image":"","background-repeat":"repeat","background-position":"center center","background-size":"auto","background-attachment":"scroll","background-type":"","background-media":"","overlay-type":"","overlay-color":"","overlay-opacity":"","overlay-gradient":""},"tablet":{"background-color":"","background-image":"","background-repeat":"repeat","background-position":"center center","background-size":"auto","background-attachment":"scroll","background-type":"","background-media":"","overlay-type":"","overlay-color":"","overlay-opacity":"","overlay-gradient":""},"mobile":{"background-color":"","background-image":"","background-repeat":"repeat","background-position":"center center","background-size":"auto","background-attachment":"scroll","background-type":"","background-media":"","overlay-type":"","overlay-color":"","overlay-opacity":"","overlay-gradient":""}},"ast-content-background-meta":{"desktop":{"background-color":"var(--ast-global-color-5)","background-image":"","background-repeat":"repeat","background-position":"center center","background-size":"auto","background-attachment":"scroll","background-type":"","background-media":"","overlay-type":"","overlay-color":"","overlay-opacity":"","overlay-gradient":""},"tablet":{"background-color":"var(--ast-global-color-5)","background-image":"","background-repeat":"repeat","background-position":"center center","background-size":"auto","background-attachment":"scroll","background-type":"","background-media":"","overlay-type":"","overlay-color":"","overlay-opacity":"","overlay-gradient":""},"mobile":{"background-color":"var(--ast-global-color-5)","background-image":"","background-repeat":"repeat","background-position":"center center","background-size":"auto","background-attachment":"scroll","background-type":"","background-media":"","overlay-type":"","overlay-color":"","overlay-opacity":"","overlay-gradient":""}},"_glsr_average":0,"_glsr_ranking":0,"_glsr_reviews":0,"footnotes":""},"class_list":["post-24529","page","type-page","status-publish","has-post-thumbnail","hentry"],"yoast_head":"<!-- This site is optimized with the Yoast SEO plugin v25.3.1 - https:\/\/yoast.com\/wordpress\/plugins\/seo\/ -->\n<title>Zimmer &amp; Dienstleistungen - Amnissos Residence<\/title>\n<meta name=\"robots\" content=\"index, follow, max-snippet:-1, max-image-preview:large, max-video-preview:-1\" \/>\n<link rel=\"canonical\" href=\"https:\/\/amnissoshotel.com\/de\/the-hotel\/zimmer-dienstleistungen\/\" \/>\n<meta property=\"og:locale\" content=\"de_DE\" \/>\n<meta property=\"og:type\" content=\"article\" \/>\n<meta property=\"og:title\" content=\"Zimmer &amp; Dienstleistungen - Amnissos Residence\" \/>\n<meta property=\"og:description\" content=\"Liebe G\u00e4ste, Wir freuen uns, Sie in der Amnissos Residence und auf der wundersch\u00f6nen Insel Kreta begr\u00fc\u00dfen zu d\u00fcrfen. In diesem Verzeichnis finden Sie hilfreiche Informationen zu unseren Hotelservices sowie zu anderen auf der Insel verf\u00fcgbaren Services. Falls Sie weitere Hilfe oder Informationen ben\u00f6tigen, wenden Sie sich bitte an die Rezeption. Unser freundliches Personal setzt [&hellip;]\" \/>\n<meta property=\"og:url\" content=\"https:\/\/amnissoshotel.com\/de\/the-hotel\/zimmer-dienstleistungen\/\" \/>\n<meta property=\"og:site_name\" content=\"Amnissos Residence\" \/>\n<meta property=\"article:publisher\" content=\"https:\/\/www.facebook.com\/AmnissosResidence\" \/>\n<meta property=\"article:modified_time\" content=\"2025-06-26T10:30:08+00:00\" \/>\n<meta property=\"og:image\" content=\"https:\/\/amnissoshotel.com\/wp-content\/uploads\/tropical-shisha-bar-6-2-1.jpg\" \/>\n\t<meta property=\"og:image:width\" content=\"1799\" \/>\n\t<meta property=\"og:image:height\" content=\"1200\" \/>\n\t<meta property=\"og:image:type\" content=\"image\/jpeg\" \/>\n<meta name=\"twitter:card\" content=\"summary_large_image\" \/>\n<meta name=\"twitter:label1\" content=\"Gesch\u00e4tzte Lesezeit\" \/>\n\t<meta name=\"twitter:data1\" content=\"5\u00a0Minuten\" \/>\n<script type=\"application\/ld+json\" class=\"yoast-schema-graph\">{\"@context\":\"https:\/\/schema.org\",\"@graph\":[{\"@type\":\"WebPage\",\"@id\":\"https:\/\/amnissoshotel.com\/de\/the-hotel\/zimmer-dienstleistungen\/\",\"url\":\"https:\/\/amnissoshotel.com\/de\/the-hotel\/zimmer-dienstleistungen\/\",\"name\":\"Zimmer & Dienstleistungen - Amnissos Residence\",\"isPartOf\":{\"@id\":\"https:\/\/amnissoshotel.com\/de\/#website\"},\"primaryImageOfPage\":{\"@id\":\"https:\/\/amnissoshotel.com\/de\/the-hotel\/zimmer-dienstleistungen\/#primaryimage\"},\"image\":{\"@id\":\"https:\/\/amnissoshotel.com\/de\/the-hotel\/zimmer-dienstleistungen\/#primaryimage\"},\"thumbnailUrl\":\"https:\/\/amnissoshotel.com\/wp-content\/uploads\/tropical-shisha-bar-6-2-1.jpg\",\"datePublished\":\"2022-06-14T17:46:33+00:00\",\"dateModified\":\"2025-06-26T10:30:08+00:00\",\"breadcrumb\":{\"@id\":\"https:\/\/amnissoshotel.com\/de\/the-hotel\/zimmer-dienstleistungen\/#breadcrumb\"},\"inLanguage\":\"de\",\"potentialAction\":[{\"@type\":\"ReadAction\",\"target\":[\"https:\/\/amnissoshotel.com\/de\/the-hotel\/zimmer-dienstleistungen\/\"]}]},{\"@type\":\"ImageObject\",\"inLanguage\":\"de\",\"@id\":\"https:\/\/amnissoshotel.com\/de\/the-hotel\/zimmer-dienstleistungen\/#primaryimage\",\"url\":\"https:\/\/amnissoshotel.com\/wp-content\/uploads\/tropical-shisha-bar-6-2-1.jpg\",\"contentUrl\":\"https:\/\/amnissoshotel.com\/wp-content\/uploads\/tropical-shisha-bar-6-2-1.jpg\",\"width\":1799,\"height\":1200},{\"@type\":\"BreadcrumbList\",\"@id\":\"https:\/\/amnissoshotel.com\/de\/the-hotel\/zimmer-dienstleistungen\/#breadcrumb\",\"itemListElement\":[{\"@type\":\"ListItem\",\"position\":1,\"name\":\"Home\",\"item\":\"https:\/\/amnissoshotel.com\/de\/\"},{\"@type\":\"ListItem\",\"position\":2,\"name\":\"Hotel\",\"item\":\"https:\/\/amnissoshotel.com\/de\/the-hotel\/\"},{\"@type\":\"ListItem\",\"position\":3,\"name\":\"Zimmer &#038; Dienstleistungen\"}]},{\"@type\":\"WebSite\",\"@id\":\"https:\/\/amnissoshotel.com\/de\/#website\",\"url\":\"https:\/\/amnissoshotel.com\/de\/\",\"name\":\"Amnissos Residence\",\"description\":\"Hotel in Rethymno\",\"publisher\":{\"@id\":\"https:\/\/amnissoshotel.com\/de\/#organization\"},\"potentialAction\":[{\"@type\":\"SearchAction\",\"target\":{\"@type\":\"EntryPoint\",\"urlTemplate\":\"https:\/\/amnissoshotel.com\/de\/?s={search_term_string}\"},\"query-input\":{\"@type\":\"PropertyValueSpecification\",\"valueRequired\":true,\"valueName\":\"search_term_string\"}}],\"inLanguage\":\"de\"},{\"@type\":\"Organization\",\"@id\":\"https:\/\/amnissoshotel.com\/de\/#organization\",\"name\":\"Amnissos Residence\",\"url\":\"https:\/\/amnissoshotel.com\/de\/\",\"logo\":{\"@type\":\"ImageObject\",\"inLanguage\":\"de\",\"@id\":\"https:\/\/amnissoshotel.com\/de\/#\/schema\/logo\/image\/\",\"url\":\"https:\/\/amnissoshotel.com\/wp-content\/uploads\/logo-trans-light-1.png\",\"contentUrl\":\"https:\/\/amnissoshotel.com\/wp-content\/uploads\/logo-trans-light-1.png\",\"width\":512,\"height\":365,\"caption\":\"Amnissos Residence\"},\"image\":{\"@id\":\"https:\/\/amnissoshotel.com\/de\/#\/schema\/logo\/image\/\"},\"sameAs\":[\"https:\/\/www.facebook.com\/AmnissosResidence\",\"https:\/\/www.instagram.com\/amnissosresidence_rethymno\/\"]}]}<\/script>\n<!-- \/ Yoast SEO plugin. -->","yoast_head_json":{"title":"Zimmer & Dienstleistungen - Amnissos Residence","robots":{"index":"index","follow":"follow","max-snippet":"max-snippet:-1","max-image-preview":"max-image-preview:large","max-video-preview":"max-video-preview:-1"},"canonical":"https:\/\/amnissoshotel.com\/de\/the-hotel\/zimmer-dienstleistungen\/","og_locale":"de_DE","og_type":"article","og_title":"Zimmer & Dienstleistungen - Amnissos Residence","og_description":"Liebe G\u00e4ste, Wir freuen uns, Sie in der Amnissos Residence und auf der wundersch\u00f6nen Insel Kreta begr\u00fc\u00dfen zu d\u00fcrfen. In diesem Verzeichnis finden Sie hilfreiche Informationen zu unseren Hotelservices sowie zu anderen auf der Insel verf\u00fcgbaren Services. Falls Sie weitere Hilfe oder Informationen ben\u00f6tigen, wenden Sie sich bitte an die Rezeption. Unser freundliches Personal setzt [&hellip;]","og_url":"https:\/\/amnissoshotel.com\/de\/the-hotel\/zimmer-dienstleistungen\/","og_site_name":"Amnissos Residence","article_publisher":"https:\/\/www.facebook.com\/AmnissosResidence","article_modified_time":"2025-06-26T10:30:08+00:00","og_image":[{"width":1799,"height":1200,"url":"https:\/\/amnissoshotel.com\/wp-content\/uploads\/tropical-shisha-bar-6-2-1.jpg","type":"image\/jpeg"}],"twitter_card":"summary_large_image","twitter_misc":{"Gesch\u00e4tzte Lesezeit":"5\u00a0Minuten"},"schema":{"@context":"https:\/\/schema.org","@graph":[{"@type":"WebPage","@id":"https:\/\/amnissoshotel.com\/de\/the-hotel\/zimmer-dienstleistungen\/","url":"https:\/\/amnissoshotel.com\/de\/the-hotel\/zimmer-dienstleistungen\/","name":"Zimmer & Dienstleistungen - Amnissos Residence","isPartOf":{"@id":"https:\/\/amnissoshotel.com\/de\/#website"},"primaryImageOfPage":{"@id":"https:\/\/amnissoshotel.com\/de\/the-hotel\/zimmer-dienstleistungen\/#primaryimage"},"image":{"@id":"https:\/\/amnissoshotel.com\/de\/the-hotel\/zimmer-dienstleistungen\/#primaryimage"},"thumbnailUrl":"https:\/\/amnissoshotel.com\/wp-content\/uploads\/tropical-shisha-bar-6-2-1.jpg","datePublished":"2022-06-14T17:46:33+00:00","dateModified":"2025-06-26T10:30:08+00:00","breadcrumb":{"@id":"https:\/\/amnissoshotel.com\/de\/the-hotel\/zimmer-dienstleistungen\/#breadcrumb"},"inLanguage":"de","potentialAction":[{"@type":"ReadAction","target":["https:\/\/amnissoshotel.com\/de\/the-hotel\/zimmer-dienstleistungen\/"]}]},{"@type":"ImageObject","inLanguage":"de","@id":"https:\/\/amnissoshotel.com\/de\/the-hotel\/zimmer-dienstleistungen\/#primaryimage","url":"https:\/\/amnissoshotel.com\/wp-content\/uploads\/tropical-shisha-bar-6-2-1.jpg","contentUrl":"https:\/\/amnissoshotel.com\/wp-content\/uploads\/tropical-shisha-bar-6-2-1.jpg","width":1799,"height":1200},{"@type":"BreadcrumbList","@id":"https:\/\/amnissoshotel.com\/de\/the-hotel\/zimmer-dienstleistungen\/#breadcrumb","itemListElement":[{"@type":"ListItem","position":1,"name":"Home","item":"https:\/\/amnissoshotel.com\/de\/"},{"@type":"ListItem","position":2,"name":"Hotel","item":"https:\/\/amnissoshotel.com\/de\/the-hotel\/"},{"@type":"ListItem","position":3,"name":"Zimmer &#038; Dienstleistungen"}]},{"@type":"WebSite","@id":"https:\/\/amnissoshotel.com\/de\/#website","url":"https:\/\/amnissoshotel.com\/de\/","name":"Amnissos Residence","description":"Hotel in Rethymno","publisher":{"@id":"https:\/\/amnissoshotel.com\/de\/#organization"},"potentialAction":[{"@type":"SearchAction","target":{"@type":"EntryPoint","urlTemplate":"https:\/\/amnissoshotel.com\/de\/?s={search_term_string}"},"query-input":{"@type":"PropertyValueSpecification","valueRequired":true,"valueName":"search_term_string"}}],"inLanguage":"de"},{"@type":"Organization","@id":"https:\/\/amnissoshotel.com\/de\/#organization","name":"Amnissos Residence","url":"https:\/\/amnissoshotel.com\/de\/","logo":{"@type":"ImageObject","inLanguage":"de","@id":"https:\/\/amnissoshotel.com\/de\/#\/schema\/logo\/image\/","url":"https:\/\/amnissoshotel.com\/wp-content\/uploads\/logo-trans-light-1.png","contentUrl":"https:\/\/amnissoshotel.com\/wp-content\/uploads\/logo-trans-light-1.png","width":512,"height":365,"caption":"Amnissos Residence"},"image":{"@id":"https:\/\/amnissoshotel.com\/de\/#\/schema\/logo\/image\/"},"sameAs":["https:\/\/www.facebook.com\/AmnissosResidence","https:\/\/www.instagram.com\/amnissosresidence_rethymno\/"]}]}},"_links":{"self":[{"href":"https:\/\/amnissoshotel.com\/de\/wp-json\/wp\/v2\/pages\/24529","targetHints":{"allow":["GET"]}}],"collection":[{"href":"https:\/\/amnissoshotel.com\/de\/wp-json\/wp\/v2\/pages"}],"about":[{"href":"https:\/\/amnissoshotel.com\/de\/wp-json\/wp\/v2\/types\/page"}],"author":[{"embeddable":true,"href":"https:\/\/amnissoshotel.com\/de\/wp-json\/wp\/v2\/users\/1"}],"replies":[{"embeddable":true,"href":"https:\/\/amnissoshotel.com\/de\/wp-json\/wp\/v2\/comments?post=24529"}],"version-history":[{"count":0,"href":"https:\/\/amnissoshotel.com\/de\/wp-json\/wp\/v2\/pages\/24529\/revisions"}],"up":[{"embeddable":true,"href":"https:\/\/amnissoshotel.com\/de\/wp-json\/wp\/v2\/pages\/24669"}],"wp:featuredmedia":[{"embeddable":true,"href":"https:\/\/amnissoshotel.com\/de\/wp-json\/wp\/v2\/media\/31701"}],"wp:attachment":[{"href":"https:\/\/amnissoshotel.com\/de\/wp-json\/wp\/v2\/media?parent=24529"}],"curies":[{"name":"wp","href":"https:\/\/api.w.org\/{rel}","templated":true}]}}