{"id":24538,"date":"2022-06-14T17:53:01","date_gmt":"2022-06-14T17:53:01","guid":{"rendered":"https:\/\/www.amnissoshotel.com\/zentralbereich\/"},"modified":"2023-08-28T20:36:49","modified_gmt":"2023-08-28T20:36:49","slug":"zentralbereich","status":"publish","type":"page","link":"https:\/\/amnissoshotel.com\/de\/the-hotel\/zentralbereich\/","title":{"rendered":"Zentralbereich"},"content":{"rendered":"\t\t<div data-elementor-type=\"wp-page\" data-elementor-id=\"24538\" class=\"elementor elementor-24538 elementor-11811\" data-elementor-post-type=\"page\">\n\t\t\t\t\t\t<section class=\"elementor-section elementor-top-section elementor-element elementor-element-78f666bc elementor-section-boxed elementor-section-height-default elementor-section-height-default\" data-id=\"78f666bc\" data-element_type=\"section\">\n\t\t\t\t\t\t<div class=\"elementor-container elementor-column-gap-default\">\n\t\t\t\t\t<div class=\"elementor-column elementor-col-100 elementor-top-column elementor-element elementor-element-965cacc\" data-id=\"965cacc\" data-element_type=\"column\">\n\t\t\t<div class=\"elementor-widget-wrap elementor-element-populated\">\n\t\t\t\t\t\t<div class=\"elementor-element elementor-element-41fcc54d elementor-widget elementor-widget-text-editor\" data-id=\"41fcc54d\" data-element_type=\"widget\" data-widget_type=\"text-editor.default\">\n\t\t\t\t<div class=\"elementor-widget-container\">\n\t\t\t\t\t\t\t\t\t<p>Die komfortablen, gr\u00fcnen Au\u00dfenbereiche des Hotels, kombiniert mit der freundlichen und gastfreundlichen Umgebung, tragen zu einem angenehmen Aufenthalt voller Entspannung und Ruhe bei und bieten unseren Kunden einzigartige und entspannende Momente.\u2028<\/p><p>Der Bungalowstil des Hotels, genau wie ein kretisches Dorf, mit den \u00fcppigen Blumen, den B\u00e4umen, den Steinstra\u00dfen und den B\u00f6gen machen es so besonders wie sein Name, der vom Strand von Amnissos 7 km \u00f6stlich der Stadt Heraklion stammt. wo in den minoischen Jahren die antike Stadt AMNISSOS ein Hafen des Palastes von Knossos war.\u2028<\/p>\t\t\t\t\t\t\t\t<\/div>\n\t\t\t\t<\/div>\n\t\t\t\t<div class=\"elementor-element elementor-element-3f338fd elementor-widget elementor-widget-image\" data-id=\"3f338fd\" data-element_type=\"widget\" data-widget_type=\"image.default\">\n\t\t\t\t<div class=\"elementor-widget-container\">\n\t\t\t\t\t\t\t\t\t\t\t\t\t\t\t\t<a href=\"https:\/\/amnissoshotel.com\/wp-content\/uploads\/exterior-22-2-1.jpg\" data-elementor-open-lightbox=\"yes\" data-elementor-lightbox-title=\"exterior-22-2.jpg\" data-e-action-hash=\"#elementor-action%3Aaction%3Dlightbox%26settings%3DeyJpZCI6MzE0MDQsInVybCI6Imh0dHBzOlwvXC9hbW5pc3Nvc2hvdGVsLmNvbVwvd3AtY29udGVudFwvdXBsb2Fkc1wvZXh0ZXJpb3ItMjItMi0xLmpwZyJ9\">\n\t\t\t\t\t\t\t<img fetchpriority=\"high\" decoding=\"async\" width=\"1799\" height=\"1200\" src=\"https:\/\/amnissoshotel.com\/wp-content\/uploads\/exterior-22-2-1.jpg\" class=\"attachment-large size-large wp-image-31404\" alt=\"\" srcset=\"https:\/\/amnissoshotel.com\/wp-content\/uploads\/exterior-22-2-1.jpg 1799w, https:\/\/amnissoshotel.com\/wp-content\/uploads\/exterior-22-2-1-900x600.jpg 900w, https:\/\/amnissoshotel.com\/wp-content\/uploads\/exterior-22-2-1-1536x1025.jpg 1536w\" sizes=\"(max-width: 1799px) 100vw, 1799px\" \/>\t\t\t\t\t\t\t\t<\/a>\n\t\t\t\t\t\t\t\t\t\t\t\t\t\t\t<\/div>\n\t\t\t\t<\/div>\n\t\t\t\t<div class=\"elementor-element elementor-element-9d90998 elementor-widget elementor-widget-image\" data-id=\"9d90998\" data-element_type=\"widget\" data-widget_type=\"image.default\">\n\t\t\t\t<div class=\"elementor-widget-container\">\n\t\t\t\t\t\t\t\t\t\t\t\t\t\t\t\t<a href=\"https:\/\/amnissoshotel.com\/wp-content\/uploads\/exterior-01-2-1.jpg\" data-elementor-open-lightbox=\"yes\" data-elementor-lightbox-title=\"exterior-01-2.jpg\" data-e-action-hash=\"#elementor-action%3Aaction%3Dlightbox%26settings%3DeyJpZCI6MzIwMzQsInVybCI6Imh0dHBzOlwvXC9hbW5pc3Nvc2hvdGVsLmNvbVwvd3AtY29udGVudFwvdXBsb2Fkc1wvZXh0ZXJpb3ItMDEtMi0xLmpwZyJ9\">\n\t\t\t\t\t\t\t<img decoding=\"async\" width=\"1799\" height=\"1200\" src=\"https:\/\/amnissoshotel.com\/wp-content\/uploads\/exterior-01-2-1.jpg\" class=\"attachment-large size-large wp-image-32034\" alt=\"\" srcset=\"https:\/\/amnissoshotel.com\/wp-content\/uploads\/exterior-01-2-1.jpg 1799w, https:\/\/amnissoshotel.com\/wp-content\/uploads\/exterior-01-2-1-900x600.jpg 900w, https:\/\/amnissoshotel.com\/wp-content\/uploads\/exterior-01-2-1-1536x1025.jpg 1536w\" sizes=\"(max-width: 1799px) 100vw, 1799px\" \/>\t\t\t\t\t\t\t\t<\/a>\n\t\t\t\t\t\t\t\t\t\t\t\t\t\t\t<\/div>\n\t\t\t\t<\/div>\n\t\t\t\t\t<\/div>\n\t\t<\/div>\n\t\t\t\t\t<\/div>\n\t\t<\/section>\n\t\t\t\t<\/div>\n\t\t","protected":false},"excerpt":{"rendered":"<p>Die komfortablen, gr\u00fcnen Au\u00dfenbereiche des Hotels, kombiniert mit der freundlichen und gastfreundlichen Umgebung, tragen zu einem angenehmen Aufenthalt voller Entspannung und Ruhe bei und bieten unseren Kunden einzigartige und entspannende Momente.\u2028 Der Bungalowstil des Hotels, genau wie ein kretisches Dorf, mit den \u00fcppigen Blumen, den B\u00e4umen, den Steinstra\u00dfen und den B\u00f6gen machen es so besonders [&hellip;]<\/p>\n","protected":false},"author":1,"featured_media":30687,"parent":24669,"menu_order":0,"comment_status":"closed","ping_status":"closed","template":"","meta":{"site-sidebar-layout":"default","site-content-layout":"default","ast-site-content-layout":"default","site-content-style":"default","site-sidebar-style":"default","ast-global-header-display":"","ast-banner-title-visibility":"","ast-main-header-display":"","ast-hfb-above-header-display":"","ast-hfb-below-header-display":"","ast-hfb-mobile-header-display":"","site-post-title":"","ast-breadcrumbs-content":"","ast-featured-img":"","footer-sml-layout":"","theme-transparent-header-meta":"default","adv-header-id-meta":"","stick-header-meta":"default","header-above-stick-meta":"","header-main-stick-meta":"","header-below-stick-meta":"","astra-migrate-meta-layouts":"default","ast-page-background-enabled":"default","ast-page-background-meta":{"desktop":{"background-color":"","background-image":"","background-repeat":"repeat","background-position":"center center","background-size":"auto","background-attachment":"scroll","background-type":"","background-media":"","overlay-type":"","overlay-color":"","overlay-opacity":"","overlay-gradient":""},"tablet":{"background-color":"","background-image":"","background-repeat":"repeat","background-position":"center center","background-size":"auto","background-attachment":"scroll","background-type":"","background-media":"","overlay-type":"","overlay-color":"","overlay-opacity":"","overlay-gradient":""},"mobile":{"background-color":"","background-image":"","background-repeat":"repeat","background-position":"center center","background-size":"auto","background-attachment":"scroll","background-type":"","background-media":"","overlay-type":"","overlay-color":"","overlay-opacity":"","overlay-gradient":""}},"ast-content-background-meta":{"desktop":{"background-color":"var(--ast-global-color-5)","background-image":"","background-repeat":"repeat","background-position":"center center","background-size":"auto","background-attachment":"scroll","background-type":"","background-media":"","overlay-type":"","overlay-color":"","overlay-opacity":"","overlay-gradient":""},"tablet":{"background-color":"var(--ast-global-color-5)","background-image":"","background-repeat":"repeat","background-position":"center center","background-size":"auto","background-attachment":"scroll","background-type":"","background-media":"","overlay-type":"","overlay-color":"","overlay-opacity":"","overlay-gradient":""},"mobile":{"background-color":"var(--ast-global-color-5)","background-image":"","background-repeat":"repeat","background-position":"center center","background-size":"auto","background-attachment":"scroll","background-type":"","background-media":"","overlay-type":"","overlay-color":"","overlay-opacity":"","overlay-gradient":""}},"_glsr_average":0,"_glsr_ranking":0,"_glsr_reviews":0,"footnotes":""},"class_list":["post-24538","page","type-page","status-publish","has-post-thumbnail","hentry"],"yoast_head":"<!-- This site is optimized with the Yoast SEO plugin v25.3.1 - https:\/\/yoast.com\/wordpress\/plugins\/seo\/ -->\n<title>Zentralbereich - Amnissos Residence<\/title>\n<meta name=\"robots\" content=\"index, follow, max-snippet:-1, max-image-preview:large, max-video-preview:-1\" \/>\n<link rel=\"canonical\" href=\"https:\/\/amnissoshotel.com\/de\/the-hotel\/zentralbereich\/\" \/>\n<meta property=\"og:locale\" content=\"de_DE\" \/>\n<meta property=\"og:type\" content=\"article\" \/>\n<meta property=\"og:title\" content=\"Zentralbereich - Amnissos Residence\" \/>\n<meta property=\"og:description\" content=\"Die komfortablen, gr\u00fcnen Au\u00dfenbereiche des Hotels, kombiniert mit der freundlichen und gastfreundlichen Umgebung, tragen zu einem angenehmen Aufenthalt voller Entspannung und Ruhe bei und bieten unseren Kunden einzigartige und entspannende Momente.\u2028 Der Bungalowstil des Hotels, genau wie ein kretisches Dorf, mit den \u00fcppigen Blumen, den B\u00e4umen, den Steinstra\u00dfen und den B\u00f6gen machen es so besonders [&hellip;]\" \/>\n<meta property=\"og:url\" content=\"https:\/\/amnissoshotel.com\/de\/the-hotel\/zentralbereich\/\" \/>\n<meta property=\"og:site_name\" content=\"Amnissos Residence\" \/>\n<meta property=\"article:publisher\" content=\"https:\/\/www.facebook.com\/AmnissosResidence\" \/>\n<meta property=\"article:modified_time\" content=\"2023-08-28T20:36:49+00:00\" \/>\n<meta property=\"og:image\" content=\"https:\/\/amnissoshotel.com\/wp-content\/uploads\/tropical-shisha-bar-3-2.jpg\" \/>\n\t<meta property=\"og:image:width\" content=\"1799\" \/>\n\t<meta property=\"og:image:height\" content=\"1200\" \/>\n\t<meta property=\"og:image:type\" content=\"image\/jpeg\" \/>\n<meta name=\"twitter:card\" content=\"summary_large_image\" \/>\n<meta name=\"twitter:label1\" content=\"Gesch\u00e4tzte Lesezeit\" \/>\n\t<meta name=\"twitter:data1\" content=\"1\u00a0Minute\" \/>\n<script type=\"application\/ld+json\" class=\"yoast-schema-graph\">{\"@context\":\"https:\/\/schema.org\",\"@graph\":[{\"@type\":\"WebPage\",\"@id\":\"https:\/\/amnissoshotel.com\/de\/the-hotel\/zentralbereich\/\",\"url\":\"https:\/\/amnissoshotel.com\/de\/the-hotel\/zentralbereich\/\",\"name\":\"Zentralbereich - Amnissos Residence\",\"isPartOf\":{\"@id\":\"https:\/\/amnissoshotel.com\/de\/#website\"},\"primaryImageOfPage\":{\"@id\":\"https:\/\/amnissoshotel.com\/de\/the-hotel\/zentralbereich\/#primaryimage\"},\"image\":{\"@id\":\"https:\/\/amnissoshotel.com\/de\/the-hotel\/zentralbereich\/#primaryimage\"},\"thumbnailUrl\":\"https:\/\/amnissoshotel.com\/wp-content\/uploads\/tropical-shisha-bar-3-2.jpg\",\"datePublished\":\"2022-06-14T17:53:01+00:00\",\"dateModified\":\"2023-08-28T20:36:49+00:00\",\"breadcrumb\":{\"@id\":\"https:\/\/amnissoshotel.com\/de\/the-hotel\/zentralbereich\/#breadcrumb\"},\"inLanguage\":\"de\",\"potentialAction\":[{\"@type\":\"ReadAction\",\"target\":[\"https:\/\/amnissoshotel.com\/de\/the-hotel\/zentralbereich\/\"]}]},{\"@type\":\"ImageObject\",\"inLanguage\":\"de\",\"@id\":\"https:\/\/amnissoshotel.com\/de\/the-hotel\/zentralbereich\/#primaryimage\",\"url\":\"https:\/\/amnissoshotel.com\/wp-content\/uploads\/tropical-shisha-bar-3-2.jpg\",\"contentUrl\":\"https:\/\/amnissoshotel.com\/wp-content\/uploads\/tropical-shisha-bar-3-2.jpg\",\"width\":1799,\"height\":1200},{\"@type\":\"BreadcrumbList\",\"@id\":\"https:\/\/amnissoshotel.com\/de\/the-hotel\/zentralbereich\/#breadcrumb\",\"itemListElement\":[{\"@type\":\"ListItem\",\"position\":1,\"name\":\"Home\",\"item\":\"https:\/\/amnissoshotel.com\/de\/\"},{\"@type\":\"ListItem\",\"position\":2,\"name\":\"Hotel\",\"item\":\"https:\/\/amnissoshotel.com\/de\/the-hotel\/\"},{\"@type\":\"ListItem\",\"position\":3,\"name\":\"Zentralbereich\"}]},{\"@type\":\"WebSite\",\"@id\":\"https:\/\/amnissoshotel.com\/de\/#website\",\"url\":\"https:\/\/amnissoshotel.com\/de\/\",\"name\":\"Amnissos Residence\",\"description\":\"Hotel in Rethymno\",\"publisher\":{\"@id\":\"https:\/\/amnissoshotel.com\/de\/#organization\"},\"potentialAction\":[{\"@type\":\"SearchAction\",\"target\":{\"@type\":\"EntryPoint\",\"urlTemplate\":\"https:\/\/amnissoshotel.com\/de\/?s={search_term_string}\"},\"query-input\":{\"@type\":\"PropertyValueSpecification\",\"valueRequired\":true,\"valueName\":\"search_term_string\"}}],\"inLanguage\":\"de\"},{\"@type\":\"Organization\",\"@id\":\"https:\/\/amnissoshotel.com\/de\/#organization\",\"name\":\"Amnissos Residence\",\"url\":\"https:\/\/amnissoshotel.com\/de\/\",\"logo\":{\"@type\":\"ImageObject\",\"inLanguage\":\"de\",\"@id\":\"https:\/\/amnissoshotel.com\/de\/#\/schema\/logo\/image\/\",\"url\":\"https:\/\/amnissoshotel.com\/wp-content\/uploads\/logo-trans-light-1.png\",\"contentUrl\":\"https:\/\/amnissoshotel.com\/wp-content\/uploads\/logo-trans-light-1.png\",\"width\":512,\"height\":365,\"caption\":\"Amnissos Residence\"},\"image\":{\"@id\":\"https:\/\/amnissoshotel.com\/de\/#\/schema\/logo\/image\/\"},\"sameAs\":[\"https:\/\/www.facebook.com\/AmnissosResidence\",\"https:\/\/www.instagram.com\/amnissosresidence_rethymno\/\"]}]}<\/script>\n<!-- \/ Yoast SEO plugin. -->","yoast_head_json":{"title":"Zentralbereich - Amnissos Residence","robots":{"index":"index","follow":"follow","max-snippet":"max-snippet:-1","max-image-preview":"max-image-preview:large","max-video-preview":"max-video-preview:-1"},"canonical":"https:\/\/amnissoshotel.com\/de\/the-hotel\/zentralbereich\/","og_locale":"de_DE","og_type":"article","og_title":"Zentralbereich - Amnissos Residence","og_description":"Die komfortablen, gr\u00fcnen Au\u00dfenbereiche des Hotels, kombiniert mit der freundlichen und gastfreundlichen Umgebung, tragen zu einem angenehmen Aufenthalt voller Entspannung und Ruhe bei und bieten unseren Kunden einzigartige und entspannende Momente.\u2028 Der Bungalowstil des Hotels, genau wie ein kretisches Dorf, mit den \u00fcppigen Blumen, den B\u00e4umen, den Steinstra\u00dfen und den B\u00f6gen machen es so besonders [&hellip;]","og_url":"https:\/\/amnissoshotel.com\/de\/the-hotel\/zentralbereich\/","og_site_name":"Amnissos Residence","article_publisher":"https:\/\/www.facebook.com\/AmnissosResidence","article_modified_time":"2023-08-28T20:36:49+00:00","og_image":[{"width":1799,"height":1200,"url":"https:\/\/amnissoshotel.com\/wp-content\/uploads\/tropical-shisha-bar-3-2.jpg","type":"image\/jpeg"}],"twitter_card":"summary_large_image","twitter_misc":{"Gesch\u00e4tzte Lesezeit":"1\u00a0Minute"},"schema":{"@context":"https:\/\/schema.org","@graph":[{"@type":"WebPage","@id":"https:\/\/amnissoshotel.com\/de\/the-hotel\/zentralbereich\/","url":"https:\/\/amnissoshotel.com\/de\/the-hotel\/zentralbereich\/","name":"Zentralbereich - Amnissos Residence","isPartOf":{"@id":"https:\/\/amnissoshotel.com\/de\/#website"},"primaryImageOfPage":{"@id":"https:\/\/amnissoshotel.com\/de\/the-hotel\/zentralbereich\/#primaryimage"},"image":{"@id":"https:\/\/amnissoshotel.com\/de\/the-hotel\/zentralbereich\/#primaryimage"},"thumbnailUrl":"https:\/\/amnissoshotel.com\/wp-content\/uploads\/tropical-shisha-bar-3-2.jpg","datePublished":"2022-06-14T17:53:01+00:00","dateModified":"2023-08-28T20:36:49+00:00","breadcrumb":{"@id":"https:\/\/amnissoshotel.com\/de\/the-hotel\/zentralbereich\/#breadcrumb"},"inLanguage":"de","potentialAction":[{"@type":"ReadAction","target":["https:\/\/amnissoshotel.com\/de\/the-hotel\/zentralbereich\/"]}]},{"@type":"ImageObject","inLanguage":"de","@id":"https:\/\/amnissoshotel.com\/de\/the-hotel\/zentralbereich\/#primaryimage","url":"https:\/\/amnissoshotel.com\/wp-content\/uploads\/tropical-shisha-bar-3-2.jpg","contentUrl":"https:\/\/amnissoshotel.com\/wp-content\/uploads\/tropical-shisha-bar-3-2.jpg","width":1799,"height":1200},{"@type":"BreadcrumbList","@id":"https:\/\/amnissoshotel.com\/de\/the-hotel\/zentralbereich\/#breadcrumb","itemListElement":[{"@type":"ListItem","position":1,"name":"Home","item":"https:\/\/amnissoshotel.com\/de\/"},{"@type":"ListItem","position":2,"name":"Hotel","item":"https:\/\/amnissoshotel.com\/de\/the-hotel\/"},{"@type":"ListItem","position":3,"name":"Zentralbereich"}]},{"@type":"WebSite","@id":"https:\/\/amnissoshotel.com\/de\/#website","url":"https:\/\/amnissoshotel.com\/de\/","name":"Amnissos Residence","description":"Hotel in Rethymno","publisher":{"@id":"https:\/\/amnissoshotel.com\/de\/#organization"},"potentialAction":[{"@type":"SearchAction","target":{"@type":"EntryPoint","urlTemplate":"https:\/\/amnissoshotel.com\/de\/?s={search_term_string}"},"query-input":{"@type":"PropertyValueSpecification","valueRequired":true,"valueName":"search_term_string"}}],"inLanguage":"de"},{"@type":"Organization","@id":"https:\/\/amnissoshotel.com\/de\/#organization","name":"Amnissos Residence","url":"https:\/\/amnissoshotel.com\/de\/","logo":{"@type":"ImageObject","inLanguage":"de","@id":"https:\/\/amnissoshotel.com\/de\/#\/schema\/logo\/image\/","url":"https:\/\/amnissoshotel.com\/wp-content\/uploads\/logo-trans-light-1.png","contentUrl":"https:\/\/amnissoshotel.com\/wp-content\/uploads\/logo-trans-light-1.png","width":512,"height":365,"caption":"Amnissos Residence"},"image":{"@id":"https:\/\/amnissoshotel.com\/de\/#\/schema\/logo\/image\/"},"sameAs":["https:\/\/www.facebook.com\/AmnissosResidence","https:\/\/www.instagram.com\/amnissosresidence_rethymno\/"]}]}},"_links":{"self":[{"href":"https:\/\/amnissoshotel.com\/de\/wp-json\/wp\/v2\/pages\/24538","targetHints":{"allow":["GET"]}}],"collection":[{"href":"https:\/\/amnissoshotel.com\/de\/wp-json\/wp\/v2\/pages"}],"about":[{"href":"https:\/\/amnissoshotel.com\/de\/wp-json\/wp\/v2\/types\/page"}],"author":[{"embeddable":true,"href":"https:\/\/amnissoshotel.com\/de\/wp-json\/wp\/v2\/users\/1"}],"replies":[{"embeddable":true,"href":"https:\/\/amnissoshotel.com\/de\/wp-json\/wp\/v2\/comments?post=24538"}],"version-history":[{"count":0,"href":"https:\/\/amnissoshotel.com\/de\/wp-json\/wp\/v2\/pages\/24538\/revisions"}],"up":[{"embeddable":true,"href":"https:\/\/amnissoshotel.com\/de\/wp-json\/wp\/v2\/pages\/24669"}],"wp:featuredmedia":[{"embeddable":true,"href":"https:\/\/amnissoshotel.com\/de\/wp-json\/wp\/v2\/media\/30687"}],"wp:attachment":[{"href":"https:\/\/amnissoshotel.com\/de\/wp-json\/wp\/v2\/media?parent=24538"}],"curies":[{"name":"wp","href":"https:\/\/api.w.org\/{rel}","templated":true}]}}