{"id":24547,"date":"2022-06-14T18:04:42","date_gmt":"2022-06-14T18:04:42","guid":{"rendered":"https:\/\/www.amnissoshotel.com\/restaurant\/"},"modified":"2025-06-26T10:45:28","modified_gmt":"2025-06-26T10:45:28","slug":"restaurant","status":"publish","type":"page","link":"https:\/\/amnissoshotel.com\/de\/the-hotel\/restaurant\/","title":{"rendered":"Restaurant"},"content":{"rendered":"\t\t<div data-elementor-type=\"wp-page\" data-elementor-id=\"24547\" class=\"elementor elementor-24547 elementor-11815\" data-elementor-post-type=\"page\">\n\t\t\t\t\t\t<section class=\"elementor-section elementor-top-section elementor-element elementor-element-02ea520 elementor-section-boxed elementor-section-height-default elementor-section-height-default\" data-id=\"02ea520\" data-element_type=\"section\">\n\t\t\t\t\t\t<div class=\"elementor-container elementor-column-gap-default\">\n\t\t\t\t\t<div class=\"elementor-column elementor-col-100 elementor-top-column elementor-element elementor-element-d674413\" data-id=\"d674413\" data-element_type=\"column\">\n\t\t\t<div class=\"elementor-widget-wrap elementor-element-populated\">\n\t\t\t\t\t\t<div class=\"elementor-element elementor-element-7ec7399 elementor-widget elementor-widget-text-editor\" data-id=\"7ec7399\" data-element_type=\"widget\" data-widget_type=\"text-editor.default\">\n\t\t\t\t<div class=\"elementor-widget-container\">\n\t\t\t\t\t\t\t\t\t<p>Das Hauptrestaurant des Amnissos ist ein eleganter und einzigartiger Raum, in dem die G\u00e4ste die griechische und internationale K\u00fcche genie\u00dfen k\u00f6nnen.<\/p><p>Das Restaurant des Hotels wurde in den Jahren 2018, 2019 und 2023 komplett renoviert. Es besteht aus einem Innenraum mit Buffets und einem wundersch\u00f6nen Au\u00dfenbereich mit Blick auf die G\u00e4rten und das Meer neben der Live Cooking Bar Station.<\/p><p>Im Restaurant werden ein komplettes Buffet, englisches Fr\u00fchst\u00fcck, Mittag- und Abendessen im Rahmen der All Inclusive Verpflegung angeboten.<\/p><p>\u00a0<\/p><ul><li>Fr\u00fchst\u00fcck: 7:30-10:00 Uhr (Selbstbedienung)<\/li><li>Mittagessen: 13:30-15:00 Uhr (Selbstbedienung) <\/li><li>Abendessen: 19:30-21:30 Uhr (Selbstbedienung)<\/li><\/ul><p>\u00a0<\/p><p>Es gibt auch eine Auswahl an Gerichten im A la carte Men\u00fc. *Unser Restaurantmen\u00fc wird von der Chefk\u00f6chin &#8222;Katerina Mitzelou&#8220; und ihrem Team \u00fcberwacht. *W\u00e4hrend des Mittag- und Abendessens k\u00f6nnen die All-Inclusive-Getr\u00e4nke (mit Ausnahme von Cocktails) bestellt und serviert werden. <\/p><h4>Selbstbedienung im Restaurantbereich <\/h4><p>Filterkaffee, Espresso, Cappuccino, hei\u00dfe Schokolade oder hei\u00dfer Tee, Milch, Orangensaft, Grapefruitsaft und Wasser.<\/p><h4>\u00a0Snacks oder Desserts 11:30-12:30 Uhr an der Live-Cooking-Bar-Station <\/h4><ul><li>Tortillas, vegane Tortillas oder Mini-Sandwiches<\/li><li>Pizza oder Chicken Nuggets &amp; Pommes <\/li><\/ul><h4>\u00a0Ice Cream Time 12:00-16:00 Uhr an der Live-Cooking-Bar-Station<\/h4><ul><li>Kaffee-\/Teepause 15:00-16:00 Uhr im Restaurantbereich<\/li><li>Eiscreme, Kekse &amp; Kuchen oder Obst, Kaffee &amp; hei\u00dfer Tee<\/li><\/ul>\t\t\t\t\t\t\t\t<\/div>\n\t\t\t\t<\/div>\n\t\t\t\t<div class=\"elementor-element elementor-element-d47c0e2 elementor-align-center elementor-widget elementor-widget-button\" data-id=\"d47c0e2\" data-element_type=\"widget\" data-widget_type=\"button.default\">\n\t\t\t\t<div class=\"elementor-widget-container\">\n\t\t\t\t\t\t\t\t\t<div class=\"elementor-button-wrapper\">\n\t\t\t\t\t<a class=\"elementor-button elementor-button-link elementor-size-sm\" href=\"https:\/\/amnissoshotel.com\/wp-content\/uploads\/menu-amnissos-1.pdf\" target=\"_blank\" rel=\"nofollow\">\n\t\t\t\t\t\t<span class=\"elementor-button-content-wrapper\">\n\t\t\t\t\t\t<span class=\"elementor-button-icon\">\n\t\t\t\t<i aria-hidden=\"true\" class=\"far fa-arrow-alt-circle-right\"><\/i>\t\t\t<\/span>\n\t\t\t\t\t\t\t\t\t<span class=\"elementor-button-text\">Menu<\/span>\n\t\t\t\t\t<\/span>\n\t\t\t\t\t<\/a>\n\t\t\t\t<\/div>\n\t\t\t\t\t\t\t\t<\/div>\n\t\t\t\t<\/div>\n\t\t\t\t\t<\/div>\n\t\t<\/div>\n\t\t\t\t\t<\/div>\n\t\t<\/section>\n\t\t\t\t<section class=\"elementor-section elementor-top-section elementor-element elementor-element-f85461a elementor-section-boxed elementor-section-height-default elementor-section-height-default\" data-id=\"f85461a\" data-element_type=\"section\">\n\t\t\t\t\t\t<div class=\"elementor-container elementor-column-gap-default\">\n\t\t\t\t\t<div class=\"elementor-column elementor-col-100 elementor-top-column elementor-element elementor-element-c7fefc5\" data-id=\"c7fefc5\" data-element_type=\"column\">\n\t\t\t<div class=\"elementor-widget-wrap elementor-element-populated\">\n\t\t\t\t\t\t<div class=\"elementor-element elementor-element-c677cc0 elementor-widget elementor-widget-image\" data-id=\"c677cc0\" data-element_type=\"widget\" data-widget_type=\"image.default\">\n\t\t\t\t<div class=\"elementor-widget-container\">\n\t\t\t\t\t\t\t\t\t\t\t\t\t\t\t\t<a href=\"https:\/\/amnissoshotel.com\/wp-content\/uploads\/restaurant-06-3-1.jpg\" data-elementor-open-lightbox=\"yes\" data-elementor-lightbox-title=\"restaurant-06-3.jpg\" data-e-action-hash=\"#elementor-action%3Aaction%3Dlightbox%26settings%3DeyJpZCI6MzE4ODIsInVybCI6Imh0dHBzOlwvXC9hbW5pc3Nvc2hvdGVsLmNvbVwvd3AtY29udGVudFwvdXBsb2Fkc1wvcmVzdGF1cmFudC0wNi0zLTEuanBnIn0%3D\">\n\t\t\t\t\t\t\t<img fetchpriority=\"high\" decoding=\"async\" width=\"1799\" height=\"1200\" src=\"https:\/\/amnissoshotel.com\/wp-content\/uploads\/restaurant-06-3-1.jpg\" class=\"attachment-large size-large wp-image-31882\" alt=\"\" srcset=\"https:\/\/amnissoshotel.com\/wp-content\/uploads\/restaurant-06-3-1.jpg 1799w, https:\/\/amnissoshotel.com\/wp-content\/uploads\/restaurant-06-3-1-900x600.jpg 900w, https:\/\/amnissoshotel.com\/wp-content\/uploads\/restaurant-06-3-1-1536x1025.jpg 1536w\" sizes=\"(max-width: 1799px) 100vw, 1799px\" \/>\t\t\t\t\t\t\t\t<\/a>\n\t\t\t\t\t\t\t\t\t\t\t\t\t\t\t<\/div>\n\t\t\t\t<\/div>\n\t\t\t\t<div class=\"elementor-element elementor-element-3a16d74 elementor-widget elementor-widget-image\" data-id=\"3a16d74\" data-element_type=\"widget\" data-widget_type=\"image.default\">\n\t\t\t\t<div class=\"elementor-widget-container\">\n\t\t\t\t\t\t\t\t\t\t\t\t\t\t\t\t<a href=\"https:\/\/amnissoshotel.com\/wp-content\/uploads\/restaurant-09-3-1.jpg\" data-elementor-open-lightbox=\"yes\" data-elementor-lightbox-title=\"restaurant-09-3.jpg\" data-e-action-hash=\"#elementor-action%3Aaction%3Dlightbox%26settings%3DeyJpZCI6MzE4NTQsInVybCI6Imh0dHBzOlwvXC9hbW5pc3Nvc2hvdGVsLmNvbVwvd3AtY29udGVudFwvdXBsb2Fkc1wvcmVzdGF1cmFudC0wOS0zLTEuanBnIn0%3D\">\n\t\t\t\t\t\t\t<img decoding=\"async\" width=\"1799\" height=\"1200\" src=\"https:\/\/amnissoshotel.com\/wp-content\/uploads\/restaurant-09-3-1.jpg\" class=\"attachment-large size-large wp-image-31854\" alt=\"\" srcset=\"https:\/\/amnissoshotel.com\/wp-content\/uploads\/restaurant-09-3-1.jpg 1799w, https:\/\/amnissoshotel.com\/wp-content\/uploads\/restaurant-09-3-1-900x600.jpg 900w, https:\/\/amnissoshotel.com\/wp-content\/uploads\/restaurant-09-3-1-1536x1025.jpg 1536w\" sizes=\"(max-width: 1799px) 100vw, 1799px\" \/>\t\t\t\t\t\t\t\t<\/a>\n\t\t\t\t\t\t\t\t\t\t\t\t\t\t\t<\/div>\n\t\t\t\t<\/div>\n\t\t\t\t<div class=\"elementor-element elementor-element-2031d54 elementor-widget elementor-widget-image\" data-id=\"2031d54\" data-element_type=\"widget\" data-widget_type=\"image.default\">\n\t\t\t\t<div class=\"elementor-widget-container\">\n\t\t\t\t\t\t\t\t\t\t\t\t\t\t\t\t<a href=\"https:\/\/amnissoshotel.com\/wp-content\/uploads\/restaurant-08-3-1.jpg\" data-elementor-open-lightbox=\"yes\" data-elementor-lightbox-title=\"restaurant-08-3.jpg\" data-e-action-hash=\"#elementor-action%3Aaction%3Dlightbox%26settings%3DeyJpZCI6MzE4NzAsInVybCI6Imh0dHBzOlwvXC9hbW5pc3Nvc2hvdGVsLmNvbVwvd3AtY29udGVudFwvdXBsb2Fkc1wvcmVzdGF1cmFudC0wOC0zLTEuanBnIn0%3D\">\n\t\t\t\t\t\t\t<img decoding=\"async\" width=\"1799\" height=\"1200\" src=\"https:\/\/amnissoshotel.com\/wp-content\/uploads\/restaurant-08-3-1.jpg\" class=\"attachment-large size-large wp-image-31870\" alt=\"\" srcset=\"https:\/\/amnissoshotel.com\/wp-content\/uploads\/restaurant-08-3-1.jpg 1799w, https:\/\/amnissoshotel.com\/wp-content\/uploads\/restaurant-08-3-1-900x600.jpg 900w, https:\/\/amnissoshotel.com\/wp-content\/uploads\/restaurant-08-3-1-1536x1025.jpg 1536w\" sizes=\"(max-width: 1799px) 100vw, 1799px\" \/>\t\t\t\t\t\t\t\t<\/a>\n\t\t\t\t\t\t\t\t\t\t\t\t\t\t\t<\/div>\n\t\t\t\t<\/div>\n\t\t\t\t\t<\/div>\n\t\t<\/div>\n\t\t\t\t\t<\/div>\n\t\t<\/section>\n\t\t\t\t<\/div>\n\t\t","protected":false},"excerpt":{"rendered":"<p>Das Hauptrestaurant des Amnissos ist ein eleganter und einzigartiger Raum, in dem die G\u00e4ste die griechische und internationale K\u00fcche genie\u00dfen k\u00f6nnen. Das Restaurant des Hotels wurde in den Jahren 2018, 2019 und 2023 komplett renoviert. Es besteht aus einem Innenraum mit Buffets und einem wundersch\u00f6nen Au\u00dfenbereich mit Blick auf die G\u00e4rten und das Meer neben [&hellip;]<\/p>\n","protected":false},"author":1,"featured_media":30772,"parent":24669,"menu_order":0,"comment_status":"closed","ping_status":"closed","template":"","meta":{"site-sidebar-layout":"no-sidebar","site-content-layout":"page-builder","ast-site-content-layout":"full-width-container","site-content-style":"unboxed","site-sidebar-style":"unboxed","ast-global-header-display":"","ast-banner-title-visibility":"","ast-main-header-display":"","ast-hfb-above-header-display":"","ast-hfb-below-header-display":"","ast-hfb-mobile-header-display":"","site-post-title":"disabled","ast-breadcrumbs-content":"","ast-featured-img":"disabled","footer-sml-layout":"","theme-transparent-header-meta":"default","adv-header-id-meta":"","stick-header-meta":"default","header-above-stick-meta":"","header-main-stick-meta":"","header-below-stick-meta":"","astra-migrate-meta-layouts":"default","ast-page-background-enabled":"default","ast-page-background-meta":{"desktop":{"background-color":"","background-image":"","background-repeat":"repeat","background-position":"center center","background-size":"auto","background-attachment":"scroll","background-type":"","background-media":"","overlay-type":"","overlay-color":"","overlay-opacity":"","overlay-gradient":""},"tablet":{"background-color":"","background-image":"","background-repeat":"repeat","background-position":"center center","background-size":"auto","background-attachment":"scroll","background-type":"","background-media":"","overlay-type":"","overlay-color":"","overlay-opacity":"","overlay-gradient":""},"mobile":{"background-color":"","background-image":"","background-repeat":"repeat","background-position":"center center","background-size":"auto","background-attachment":"scroll","background-type":"","background-media":"","overlay-type":"","overlay-color":"","overlay-opacity":"","overlay-gradient":""}},"ast-content-background-meta":{"desktop":{"background-color":"var(--ast-global-color-5)","background-image":"","background-repeat":"repeat","background-position":"center center","background-size":"auto","background-attachment":"scroll","background-type":"","background-media":"","overlay-type":"","overlay-color":"","overlay-opacity":"","overlay-gradient":""},"tablet":{"background-color":"var(--ast-global-color-5)","background-image":"","background-repeat":"repeat","background-position":"center center","background-size":"auto","background-attachment":"scroll","background-type":"","background-media":"","overlay-type":"","overlay-color":"","overlay-opacity":"","overlay-gradient":""},"mobile":{"background-color":"var(--ast-global-color-5)","background-image":"","background-repeat":"repeat","background-position":"center center","background-size":"auto","background-attachment":"scroll","background-type":"","background-media":"","overlay-type":"","overlay-color":"","overlay-opacity":"","overlay-gradient":""}},"_glsr_average":0,"_glsr_ranking":0,"_glsr_reviews":0,"footnotes":""},"class_list":["post-24547","page","type-page","status-publish","has-post-thumbnail","hentry"],"yoast_head":"<!-- This site is optimized with the Yoast SEO plugin v25.3.1 - https:\/\/yoast.com\/wordpress\/plugins\/seo\/ -->\n<title>Restaurant - Amnissos Residence<\/title>\n<meta name=\"robots\" content=\"index, follow, max-snippet:-1, max-image-preview:large, max-video-preview:-1\" \/>\n<link rel=\"canonical\" href=\"https:\/\/amnissoshotel.com\/de\/the-hotel\/restaurant\/\" \/>\n<meta property=\"og:locale\" content=\"de_DE\" \/>\n<meta property=\"og:type\" content=\"article\" \/>\n<meta property=\"og:title\" content=\"Restaurant - Amnissos Residence\" \/>\n<meta property=\"og:description\" content=\"Das Hauptrestaurant des Amnissos ist ein eleganter und einzigartiger Raum, in dem die G\u00e4ste die griechische und internationale K\u00fcche genie\u00dfen k\u00f6nnen. Das Restaurant des Hotels wurde in den Jahren 2018, 2019 und 2023 komplett renoviert. Es besteht aus einem Innenraum mit Buffets und einem wundersch\u00f6nen Au\u00dfenbereich mit Blick auf die G\u00e4rten und das Meer neben [&hellip;]\" \/>\n<meta property=\"og:url\" content=\"https:\/\/amnissoshotel.com\/de\/the-hotel\/restaurant\/\" \/>\n<meta property=\"og:site_name\" content=\"Amnissos Residence\" \/>\n<meta property=\"article:publisher\" content=\"https:\/\/www.facebook.com\/AmnissosResidence\" \/>\n<meta property=\"article:modified_time\" content=\"2025-06-26T10:45:28+00:00\" \/>\n<meta property=\"og:image\" content=\"https:\/\/amnissoshotel.com\/wp-content\/uploads\/restaurant-02-4.jpg\" \/>\n\t<meta property=\"og:image:width\" content=\"1799\" \/>\n\t<meta property=\"og:image:height\" content=\"1200\" \/>\n\t<meta property=\"og:image:type\" content=\"image\/jpeg\" \/>\n<meta name=\"twitter:card\" content=\"summary_large_image\" \/>\n<meta name=\"twitter:label1\" content=\"Gesch\u00e4tzte Lesezeit\" \/>\n\t<meta name=\"twitter:data1\" content=\"2\u00a0Minuten\" \/>\n<script type=\"application\/ld+json\" class=\"yoast-schema-graph\">{\"@context\":\"https:\/\/schema.org\",\"@graph\":[{\"@type\":\"WebPage\",\"@id\":\"https:\/\/amnissoshotel.com\/de\/the-hotel\/restaurant\/\",\"url\":\"https:\/\/amnissoshotel.com\/de\/the-hotel\/restaurant\/\",\"name\":\"Restaurant - Amnissos Residence\",\"isPartOf\":{\"@id\":\"https:\/\/amnissoshotel.com\/de\/#website\"},\"primaryImageOfPage\":{\"@id\":\"https:\/\/amnissoshotel.com\/de\/the-hotel\/restaurant\/#primaryimage\"},\"image\":{\"@id\":\"https:\/\/amnissoshotel.com\/de\/the-hotel\/restaurant\/#primaryimage\"},\"thumbnailUrl\":\"https:\/\/amnissoshotel.com\/wp-content\/uploads\/restaurant-02-4.jpg\",\"datePublished\":\"2022-06-14T18:04:42+00:00\",\"dateModified\":\"2025-06-26T10:45:28+00:00\",\"breadcrumb\":{\"@id\":\"https:\/\/amnissoshotel.com\/de\/the-hotel\/restaurant\/#breadcrumb\"},\"inLanguage\":\"de\",\"potentialAction\":[{\"@type\":\"ReadAction\",\"target\":[\"https:\/\/amnissoshotel.com\/de\/the-hotel\/restaurant\/\"]}]},{\"@type\":\"ImageObject\",\"inLanguage\":\"de\",\"@id\":\"https:\/\/amnissoshotel.com\/de\/the-hotel\/restaurant\/#primaryimage\",\"url\":\"https:\/\/amnissoshotel.com\/wp-content\/uploads\/restaurant-02-4.jpg\",\"contentUrl\":\"https:\/\/amnissoshotel.com\/wp-content\/uploads\/restaurant-02-4.jpg\",\"width\":1799,\"height\":1200},{\"@type\":\"BreadcrumbList\",\"@id\":\"https:\/\/amnissoshotel.com\/de\/the-hotel\/restaurant\/#breadcrumb\",\"itemListElement\":[{\"@type\":\"ListItem\",\"position\":1,\"name\":\"Home\",\"item\":\"https:\/\/amnissoshotel.com\/de\/\"},{\"@type\":\"ListItem\",\"position\":2,\"name\":\"Hotel\",\"item\":\"https:\/\/amnissoshotel.com\/de\/the-hotel\/\"},{\"@type\":\"ListItem\",\"position\":3,\"name\":\"Restaurant\"}]},{\"@type\":\"WebSite\",\"@id\":\"https:\/\/amnissoshotel.com\/de\/#website\",\"url\":\"https:\/\/amnissoshotel.com\/de\/\",\"name\":\"Amnissos Residence\",\"description\":\"Hotel in Rethymno\",\"publisher\":{\"@id\":\"https:\/\/amnissoshotel.com\/de\/#organization\"},\"potentialAction\":[{\"@type\":\"SearchAction\",\"target\":{\"@type\":\"EntryPoint\",\"urlTemplate\":\"https:\/\/amnissoshotel.com\/de\/?s={search_term_string}\"},\"query-input\":{\"@type\":\"PropertyValueSpecification\",\"valueRequired\":true,\"valueName\":\"search_term_string\"}}],\"inLanguage\":\"de\"},{\"@type\":\"Organization\",\"@id\":\"https:\/\/amnissoshotel.com\/de\/#organization\",\"name\":\"Amnissos Residence\",\"url\":\"https:\/\/amnissoshotel.com\/de\/\",\"logo\":{\"@type\":\"ImageObject\",\"inLanguage\":\"de\",\"@id\":\"https:\/\/amnissoshotel.com\/de\/#\/schema\/logo\/image\/\",\"url\":\"https:\/\/amnissoshotel.com\/wp-content\/uploads\/logo-trans-light-1.png\",\"contentUrl\":\"https:\/\/amnissoshotel.com\/wp-content\/uploads\/logo-trans-light-1.png\",\"width\":512,\"height\":365,\"caption\":\"Amnissos Residence\"},\"image\":{\"@id\":\"https:\/\/amnissoshotel.com\/de\/#\/schema\/logo\/image\/\"},\"sameAs\":[\"https:\/\/www.facebook.com\/AmnissosResidence\",\"https:\/\/www.instagram.com\/amnissosresidence_rethymno\/\"]}]}<\/script>\n<!-- \/ Yoast SEO plugin. -->","yoast_head_json":{"title":"Restaurant - Amnissos Residence","robots":{"index":"index","follow":"follow","max-snippet":"max-snippet:-1","max-image-preview":"max-image-preview:large","max-video-preview":"max-video-preview:-1"},"canonical":"https:\/\/amnissoshotel.com\/de\/the-hotel\/restaurant\/","og_locale":"de_DE","og_type":"article","og_title":"Restaurant - Amnissos Residence","og_description":"Das Hauptrestaurant des Amnissos ist ein eleganter und einzigartiger Raum, in dem die G\u00e4ste die griechische und internationale K\u00fcche genie\u00dfen k\u00f6nnen. Das Restaurant des Hotels wurde in den Jahren 2018, 2019 und 2023 komplett renoviert. Es besteht aus einem Innenraum mit Buffets und einem wundersch\u00f6nen Au\u00dfenbereich mit Blick auf die G\u00e4rten und das Meer neben [&hellip;]","og_url":"https:\/\/amnissoshotel.com\/de\/the-hotel\/restaurant\/","og_site_name":"Amnissos Residence","article_publisher":"https:\/\/www.facebook.com\/AmnissosResidence","article_modified_time":"2025-06-26T10:45:28+00:00","og_image":[{"width":1799,"height":1200,"url":"https:\/\/amnissoshotel.com\/wp-content\/uploads\/restaurant-02-4.jpg","type":"image\/jpeg"}],"twitter_card":"summary_large_image","twitter_misc":{"Gesch\u00e4tzte Lesezeit":"2\u00a0Minuten"},"schema":{"@context":"https:\/\/schema.org","@graph":[{"@type":"WebPage","@id":"https:\/\/amnissoshotel.com\/de\/the-hotel\/restaurant\/","url":"https:\/\/amnissoshotel.com\/de\/the-hotel\/restaurant\/","name":"Restaurant - Amnissos Residence","isPartOf":{"@id":"https:\/\/amnissoshotel.com\/de\/#website"},"primaryImageOfPage":{"@id":"https:\/\/amnissoshotel.com\/de\/the-hotel\/restaurant\/#primaryimage"},"image":{"@id":"https:\/\/amnissoshotel.com\/de\/the-hotel\/restaurant\/#primaryimage"},"thumbnailUrl":"https:\/\/amnissoshotel.com\/wp-content\/uploads\/restaurant-02-4.jpg","datePublished":"2022-06-14T18:04:42+00:00","dateModified":"2025-06-26T10:45:28+00:00","breadcrumb":{"@id":"https:\/\/amnissoshotel.com\/de\/the-hotel\/restaurant\/#breadcrumb"},"inLanguage":"de","potentialAction":[{"@type":"ReadAction","target":["https:\/\/amnissoshotel.com\/de\/the-hotel\/restaurant\/"]}]},{"@type":"ImageObject","inLanguage":"de","@id":"https:\/\/amnissoshotel.com\/de\/the-hotel\/restaurant\/#primaryimage","url":"https:\/\/amnissoshotel.com\/wp-content\/uploads\/restaurant-02-4.jpg","contentUrl":"https:\/\/amnissoshotel.com\/wp-content\/uploads\/restaurant-02-4.jpg","width":1799,"height":1200},{"@type":"BreadcrumbList","@id":"https:\/\/amnissoshotel.com\/de\/the-hotel\/restaurant\/#breadcrumb","itemListElement":[{"@type":"ListItem","position":1,"name":"Home","item":"https:\/\/amnissoshotel.com\/de\/"},{"@type":"ListItem","position":2,"name":"Hotel","item":"https:\/\/amnissoshotel.com\/de\/the-hotel\/"},{"@type":"ListItem","position":3,"name":"Restaurant"}]},{"@type":"WebSite","@id":"https:\/\/amnissoshotel.com\/de\/#website","url":"https:\/\/amnissoshotel.com\/de\/","name":"Amnissos Residence","description":"Hotel in Rethymno","publisher":{"@id":"https:\/\/amnissoshotel.com\/de\/#organization"},"potentialAction":[{"@type":"SearchAction","target":{"@type":"EntryPoint","urlTemplate":"https:\/\/amnissoshotel.com\/de\/?s={search_term_string}"},"query-input":{"@type":"PropertyValueSpecification","valueRequired":true,"valueName":"search_term_string"}}],"inLanguage":"de"},{"@type":"Organization","@id":"https:\/\/amnissoshotel.com\/de\/#organization","name":"Amnissos Residence","url":"https:\/\/amnissoshotel.com\/de\/","logo":{"@type":"ImageObject","inLanguage":"de","@id":"https:\/\/amnissoshotel.com\/de\/#\/schema\/logo\/image\/","url":"https:\/\/amnissoshotel.com\/wp-content\/uploads\/logo-trans-light-1.png","contentUrl":"https:\/\/amnissoshotel.com\/wp-content\/uploads\/logo-trans-light-1.png","width":512,"height":365,"caption":"Amnissos Residence"},"image":{"@id":"https:\/\/amnissoshotel.com\/de\/#\/schema\/logo\/image\/"},"sameAs":["https:\/\/www.facebook.com\/AmnissosResidence","https:\/\/www.instagram.com\/amnissosresidence_rethymno\/"]}]}},"_links":{"self":[{"href":"https:\/\/amnissoshotel.com\/de\/wp-json\/wp\/v2\/pages\/24547","targetHints":{"allow":["GET"]}}],"collection":[{"href":"https:\/\/amnissoshotel.com\/de\/wp-json\/wp\/v2\/pages"}],"about":[{"href":"https:\/\/amnissoshotel.com\/de\/wp-json\/wp\/v2\/types\/page"}],"author":[{"embeddable":true,"href":"https:\/\/amnissoshotel.com\/de\/wp-json\/wp\/v2\/users\/1"}],"replies":[{"embeddable":true,"href":"https:\/\/amnissoshotel.com\/de\/wp-json\/wp\/v2\/comments?post=24547"}],"version-history":[{"count":0,"href":"https:\/\/amnissoshotel.com\/de\/wp-json\/wp\/v2\/pages\/24547\/revisions"}],"up":[{"embeddable":true,"href":"https:\/\/amnissoshotel.com\/de\/wp-json\/wp\/v2\/pages\/24669"}],"wp:featuredmedia":[{"embeddable":true,"href":"https:\/\/amnissoshotel.com\/de\/wp-json\/wp\/v2\/media\/30772"}],"wp:attachment":[{"href":"https:\/\/amnissoshotel.com\/de\/wp-json\/wp\/v2\/media?parent=24547"}],"curies":[{"name":"wp","href":"https:\/\/api.w.org\/{rel}","templated":true}]}}