{"id":24562,"date":"2022-06-14T18:50:21","date_gmt":"2022-06-14T18:50:21","guid":{"rendered":"https:\/\/www.amnissoshotel.com\/?page_id=24562"},"modified":"2025-06-26T10:49:43","modified_gmt":"2025-06-26T10:49:43","slug":"rezeption","status":"publish","type":"page","link":"https:\/\/amnissoshotel.com\/de\/the-hotel\/rezeption\/","title":{"rendered":"Rezeption"},"content":{"rendered":"\t\t<div data-elementor-type=\"wp-page\" data-elementor-id=\"24562\" class=\"elementor elementor-24562 elementor-11814\" data-elementor-post-type=\"page\">\n\t\t\t\t\t\t<section class=\"elementor-section elementor-top-section elementor-element elementor-element-fadb48d elementor-section-boxed elementor-section-height-default elementor-section-height-default\" data-id=\"fadb48d\" data-element_type=\"section\">\n\t\t\t\t\t\t<div class=\"elementor-container elementor-column-gap-default\">\n\t\t\t\t\t<div class=\"elementor-column elementor-col-100 elementor-top-column elementor-element elementor-element-981bcd9\" data-id=\"981bcd9\" data-element_type=\"column\">\n\t\t\t<div class=\"elementor-widget-wrap elementor-element-populated\">\n\t\t\t\t\t\t<div class=\"elementor-element elementor-element-74c9204 elementor-widget elementor-widget-text-editor\" data-id=\"74c9204\" data-element_type=\"widget\" data-widget_type=\"text-editor.default\">\n\t\t\t\t<div class=\"elementor-widget-container\">\n\t\t\t\t\t\t\t\t\t<p>Die Amnissos Residence verf\u00fcgt \u00fcber eine h\u00fcbsch dekorierte Lobby mit Satellitenfernsehen und kostenlosem Wi-Fi-Internetzugang.<\/p><p>Die Rezeption ist 24 Stunden ge\u00f6ffnet. <strong>Sie k\u00f6nnen einen Antrag stellen:<\/strong><\/p><ul><li>Informationen \u00fcber die Stadt <\/li><li>Strandt\u00fccher (gegen Kaution 5,00\u20ac pro Handtuch)<\/li><li>Safe (Extrageb\u00fchr 25,00 Euro pro Woche)<\/li><li>Busfahrplan<\/li><li>Tickets \/ Taxiruf<\/li><li>Arzt<\/li><li>Weckrufe<\/li><li>B\u00fcgeleisen (kostenlos)<\/li><li>Fr\u00fches Fr\u00fchst\u00fcck oder Mittagskorb Bestellung bis 18:00 Uhr am Vortag.<\/li><li>Deutschsprachige G\u00e4stebetreuung<\/li><\/ul>\t\t\t\t\t\t\t\t<\/div>\n\t\t\t\t<\/div>\n\t\t\t\t\t<\/div>\n\t\t<\/div>\n\t\t\t\t\t<\/div>\n\t\t<\/section>\n\t\t\t\t<\/div>\n\t\t","protected":false},"excerpt":{"rendered":"<p>Die Amnissos Residence verf\u00fcgt \u00fcber eine h\u00fcbsch dekorierte Lobby mit Satellitenfernsehen und kostenlosem Wi-Fi-Internetzugang. Die Rezeption ist 24 Stunden ge\u00f6ffnet. Sie k\u00f6nnen einen Antrag stellen: Informationen \u00fcber die Stadt Strandt\u00fccher (gegen Kaution 5,00\u20ac pro Handtuch) Safe (Extrageb\u00fchr 25,00 Euro pro Woche) Busfahrplan Tickets \/ Taxiruf Arzt Weckrufe B\u00fcgeleisen (kostenlos) Fr\u00fches Fr\u00fchst\u00fcck oder Mittagskorb Bestellung bis [&hellip;]<\/p>\n","protected":false},"author":1,"featured_media":30752,"parent":24669,"menu_order":0,"comment_status":"closed","ping_status":"closed","template":"","meta":{"site-sidebar-layout":"no-sidebar","site-content-layout":"page-builder","ast-site-content-layout":"full-width-container","site-content-style":"unboxed","site-sidebar-style":"unboxed","ast-global-header-display":"","ast-banner-title-visibility":"","ast-main-header-display":"","ast-hfb-above-header-display":"","ast-hfb-below-header-display":"","ast-hfb-mobile-header-display":"","site-post-title":"disabled","ast-breadcrumbs-content":"","ast-featured-img":"disabled","footer-sml-layout":"","theme-transparent-header-meta":"default","adv-header-id-meta":"","stick-header-meta":"default","header-above-stick-meta":"","header-main-stick-meta":"","header-below-stick-meta":"","astra-migrate-meta-layouts":"default","ast-page-background-enabled":"default","ast-page-background-meta":{"desktop":{"background-color":"","background-image":"","background-repeat":"repeat","background-position":"center center","background-size":"auto","background-attachment":"scroll","background-type":"","background-media":"","overlay-type":"","overlay-color":"","overlay-opacity":"","overlay-gradient":""},"tablet":{"background-color":"","background-image":"","background-repeat":"repeat","background-position":"center center","background-size":"auto","background-attachment":"scroll","background-type":"","background-media":"","overlay-type":"","overlay-color":"","overlay-opacity":"","overlay-gradient":""},"mobile":{"background-color":"","background-image":"","background-repeat":"repeat","background-position":"center center","background-size":"auto","background-attachment":"scroll","background-type":"","background-media":"","overlay-type":"","overlay-color":"","overlay-opacity":"","overlay-gradient":""}},"ast-content-background-meta":{"desktop":{"background-color":"var(--ast-global-color-5)","background-image":"","background-repeat":"repeat","background-position":"center center","background-size":"auto","background-attachment":"scroll","background-type":"","background-media":"","overlay-type":"","overlay-color":"","overlay-opacity":"","overlay-gradient":""},"tablet":{"background-color":"var(--ast-global-color-5)","background-image":"","background-repeat":"repeat","background-position":"center center","background-size":"auto","background-attachment":"scroll","background-type":"","background-media":"","overlay-type":"","overlay-color":"","overlay-opacity":"","overlay-gradient":""},"mobile":{"background-color":"var(--ast-global-color-5)","background-image":"","background-repeat":"repeat","background-position":"center center","background-size":"auto","background-attachment":"scroll","background-type":"","background-media":"","overlay-type":"","overlay-color":"","overlay-opacity":"","overlay-gradient":""}},"_glsr_average":0,"_glsr_ranking":0,"_glsr_reviews":0,"footnotes":""},"class_list":["post-24562","page","type-page","status-publish","has-post-thumbnail","hentry"],"yoast_head":"<!-- This site is optimized with the Yoast SEO plugin v25.3.1 - https:\/\/yoast.com\/wordpress\/plugins\/seo\/ -->\n<title>Rezeption - Amnissos Residence<\/title>\n<meta name=\"robots\" content=\"index, follow, max-snippet:-1, max-image-preview:large, max-video-preview:-1\" \/>\n<link rel=\"canonical\" href=\"https:\/\/amnissoshotel.com\/de\/the-hotel\/rezeption\/\" \/>\n<meta property=\"og:locale\" content=\"de_DE\" \/>\n<meta property=\"og:type\" content=\"article\" \/>\n<meta property=\"og:title\" content=\"Rezeption - Amnissos Residence\" \/>\n<meta property=\"og:description\" content=\"Die Amnissos Residence verf\u00fcgt \u00fcber eine h\u00fcbsch dekorierte Lobby mit Satellitenfernsehen und kostenlosem Wi-Fi-Internetzugang. Die Rezeption ist 24 Stunden ge\u00f6ffnet. Sie k\u00f6nnen einen Antrag stellen: Informationen \u00fcber die Stadt Strandt\u00fccher (gegen Kaution 5,00\u20ac pro Handtuch) Safe (Extrageb\u00fchr 25,00 Euro pro Woche) Busfahrplan Tickets \/ Taxiruf Arzt Weckrufe B\u00fcgeleisen (kostenlos) Fr\u00fches Fr\u00fchst\u00fcck oder Mittagskorb Bestellung bis [&hellip;]\" \/>\n<meta property=\"og:url\" content=\"https:\/\/amnissoshotel.com\/de\/the-hotel\/rezeption\/\" \/>\n<meta property=\"og:site_name\" content=\"Amnissos Residence\" \/>\n<meta property=\"article:publisher\" content=\"https:\/\/www.facebook.com\/AmnissosResidence\" \/>\n<meta property=\"article:modified_time\" content=\"2025-06-26T10:49:43+00:00\" \/>\n<meta property=\"og:image\" content=\"https:\/\/amnissoshotel.com\/wp-content\/uploads\/reception-1-2.jpg\" \/>\n\t<meta property=\"og:image:width\" content=\"1799\" \/>\n\t<meta property=\"og:image:height\" content=\"1200\" \/>\n\t<meta property=\"og:image:type\" content=\"image\/jpeg\" \/>\n<meta name=\"twitter:card\" content=\"summary_large_image\" \/>\n<meta name=\"twitter:label1\" content=\"Gesch\u00e4tzte Lesezeit\" \/>\n\t<meta name=\"twitter:data1\" content=\"1\u00a0Minute\" \/>\n<script type=\"application\/ld+json\" class=\"yoast-schema-graph\">{\"@context\":\"https:\/\/schema.org\",\"@graph\":[{\"@type\":\"WebPage\",\"@id\":\"https:\/\/amnissoshotel.com\/de\/the-hotel\/rezeption\/\",\"url\":\"https:\/\/amnissoshotel.com\/de\/the-hotel\/rezeption\/\",\"name\":\"Rezeption - Amnissos Residence\",\"isPartOf\":{\"@id\":\"https:\/\/amnissoshotel.com\/de\/#website\"},\"primaryImageOfPage\":{\"@id\":\"https:\/\/amnissoshotel.com\/de\/the-hotel\/rezeption\/#primaryimage\"},\"image\":{\"@id\":\"https:\/\/amnissoshotel.com\/de\/the-hotel\/rezeption\/#primaryimage\"},\"thumbnailUrl\":\"https:\/\/amnissoshotel.com\/wp-content\/uploads\/reception-1-2.jpg\",\"datePublished\":\"2022-06-14T18:50:21+00:00\",\"dateModified\":\"2025-06-26T10:49:43+00:00\",\"breadcrumb\":{\"@id\":\"https:\/\/amnissoshotel.com\/de\/the-hotel\/rezeption\/#breadcrumb\"},\"inLanguage\":\"de\",\"potentialAction\":[{\"@type\":\"ReadAction\",\"target\":[\"https:\/\/amnissoshotel.com\/de\/the-hotel\/rezeption\/\"]}]},{\"@type\":\"ImageObject\",\"inLanguage\":\"de\",\"@id\":\"https:\/\/amnissoshotel.com\/de\/the-hotel\/rezeption\/#primaryimage\",\"url\":\"https:\/\/amnissoshotel.com\/wp-content\/uploads\/reception-1-2.jpg\",\"contentUrl\":\"https:\/\/amnissoshotel.com\/wp-content\/uploads\/reception-1-2.jpg\",\"width\":1799,\"height\":1200},{\"@type\":\"BreadcrumbList\",\"@id\":\"https:\/\/amnissoshotel.com\/de\/the-hotel\/rezeption\/#breadcrumb\",\"itemListElement\":[{\"@type\":\"ListItem\",\"position\":1,\"name\":\"Home\",\"item\":\"https:\/\/amnissoshotel.com\/de\/\"},{\"@type\":\"ListItem\",\"position\":2,\"name\":\"Hotel\",\"item\":\"https:\/\/amnissoshotel.com\/de\/the-hotel\/\"},{\"@type\":\"ListItem\",\"position\":3,\"name\":\"Rezeption\"}]},{\"@type\":\"WebSite\",\"@id\":\"https:\/\/amnissoshotel.com\/de\/#website\",\"url\":\"https:\/\/amnissoshotel.com\/de\/\",\"name\":\"Amnissos Residence\",\"description\":\"Hotel in Rethymno\",\"publisher\":{\"@id\":\"https:\/\/amnissoshotel.com\/de\/#organization\"},\"potentialAction\":[{\"@type\":\"SearchAction\",\"target\":{\"@type\":\"EntryPoint\",\"urlTemplate\":\"https:\/\/amnissoshotel.com\/de\/?s={search_term_string}\"},\"query-input\":{\"@type\":\"PropertyValueSpecification\",\"valueRequired\":true,\"valueName\":\"search_term_string\"}}],\"inLanguage\":\"de\"},{\"@type\":\"Organization\",\"@id\":\"https:\/\/amnissoshotel.com\/de\/#organization\",\"name\":\"Amnissos Residence\",\"url\":\"https:\/\/amnissoshotel.com\/de\/\",\"logo\":{\"@type\":\"ImageObject\",\"inLanguage\":\"de\",\"@id\":\"https:\/\/amnissoshotel.com\/de\/#\/schema\/logo\/image\/\",\"url\":\"https:\/\/amnissoshotel.com\/wp-content\/uploads\/logo-trans-light-1.png\",\"contentUrl\":\"https:\/\/amnissoshotel.com\/wp-content\/uploads\/logo-trans-light-1.png\",\"width\":512,\"height\":365,\"caption\":\"Amnissos Residence\"},\"image\":{\"@id\":\"https:\/\/amnissoshotel.com\/de\/#\/schema\/logo\/image\/\"},\"sameAs\":[\"https:\/\/www.facebook.com\/AmnissosResidence\",\"https:\/\/www.instagram.com\/amnissosresidence_rethymno\/\"]}]}<\/script>\n<!-- \/ Yoast SEO plugin. -->","yoast_head_json":{"title":"Rezeption - Amnissos Residence","robots":{"index":"index","follow":"follow","max-snippet":"max-snippet:-1","max-image-preview":"max-image-preview:large","max-video-preview":"max-video-preview:-1"},"canonical":"https:\/\/amnissoshotel.com\/de\/the-hotel\/rezeption\/","og_locale":"de_DE","og_type":"article","og_title":"Rezeption - Amnissos Residence","og_description":"Die Amnissos Residence verf\u00fcgt \u00fcber eine h\u00fcbsch dekorierte Lobby mit Satellitenfernsehen und kostenlosem Wi-Fi-Internetzugang. Die Rezeption ist 24 Stunden ge\u00f6ffnet. Sie k\u00f6nnen einen Antrag stellen: Informationen \u00fcber die Stadt Strandt\u00fccher (gegen Kaution 5,00\u20ac pro Handtuch) Safe (Extrageb\u00fchr 25,00 Euro pro Woche) Busfahrplan Tickets \/ Taxiruf Arzt Weckrufe B\u00fcgeleisen (kostenlos) Fr\u00fches Fr\u00fchst\u00fcck oder Mittagskorb Bestellung bis [&hellip;]","og_url":"https:\/\/amnissoshotel.com\/de\/the-hotel\/rezeption\/","og_site_name":"Amnissos Residence","article_publisher":"https:\/\/www.facebook.com\/AmnissosResidence","article_modified_time":"2025-06-26T10:49:43+00:00","og_image":[{"width":1799,"height":1200,"url":"https:\/\/amnissoshotel.com\/wp-content\/uploads\/reception-1-2.jpg","type":"image\/jpeg"}],"twitter_card":"summary_large_image","twitter_misc":{"Gesch\u00e4tzte Lesezeit":"1\u00a0Minute"},"schema":{"@context":"https:\/\/schema.org","@graph":[{"@type":"WebPage","@id":"https:\/\/amnissoshotel.com\/de\/the-hotel\/rezeption\/","url":"https:\/\/amnissoshotel.com\/de\/the-hotel\/rezeption\/","name":"Rezeption - Amnissos Residence","isPartOf":{"@id":"https:\/\/amnissoshotel.com\/de\/#website"},"primaryImageOfPage":{"@id":"https:\/\/amnissoshotel.com\/de\/the-hotel\/rezeption\/#primaryimage"},"image":{"@id":"https:\/\/amnissoshotel.com\/de\/the-hotel\/rezeption\/#primaryimage"},"thumbnailUrl":"https:\/\/amnissoshotel.com\/wp-content\/uploads\/reception-1-2.jpg","datePublished":"2022-06-14T18:50:21+00:00","dateModified":"2025-06-26T10:49:43+00:00","breadcrumb":{"@id":"https:\/\/amnissoshotel.com\/de\/the-hotel\/rezeption\/#breadcrumb"},"inLanguage":"de","potentialAction":[{"@type":"ReadAction","target":["https:\/\/amnissoshotel.com\/de\/the-hotel\/rezeption\/"]}]},{"@type":"ImageObject","inLanguage":"de","@id":"https:\/\/amnissoshotel.com\/de\/the-hotel\/rezeption\/#primaryimage","url":"https:\/\/amnissoshotel.com\/wp-content\/uploads\/reception-1-2.jpg","contentUrl":"https:\/\/amnissoshotel.com\/wp-content\/uploads\/reception-1-2.jpg","width":1799,"height":1200},{"@type":"BreadcrumbList","@id":"https:\/\/amnissoshotel.com\/de\/the-hotel\/rezeption\/#breadcrumb","itemListElement":[{"@type":"ListItem","position":1,"name":"Home","item":"https:\/\/amnissoshotel.com\/de\/"},{"@type":"ListItem","position":2,"name":"Hotel","item":"https:\/\/amnissoshotel.com\/de\/the-hotel\/"},{"@type":"ListItem","position":3,"name":"Rezeption"}]},{"@type":"WebSite","@id":"https:\/\/amnissoshotel.com\/de\/#website","url":"https:\/\/amnissoshotel.com\/de\/","name":"Amnissos Residence","description":"Hotel in Rethymno","publisher":{"@id":"https:\/\/amnissoshotel.com\/de\/#organization"},"potentialAction":[{"@type":"SearchAction","target":{"@type":"EntryPoint","urlTemplate":"https:\/\/amnissoshotel.com\/de\/?s={search_term_string}"},"query-input":{"@type":"PropertyValueSpecification","valueRequired":true,"valueName":"search_term_string"}}],"inLanguage":"de"},{"@type":"Organization","@id":"https:\/\/amnissoshotel.com\/de\/#organization","name":"Amnissos Residence","url":"https:\/\/amnissoshotel.com\/de\/","logo":{"@type":"ImageObject","inLanguage":"de","@id":"https:\/\/amnissoshotel.com\/de\/#\/schema\/logo\/image\/","url":"https:\/\/amnissoshotel.com\/wp-content\/uploads\/logo-trans-light-1.png","contentUrl":"https:\/\/amnissoshotel.com\/wp-content\/uploads\/logo-trans-light-1.png","width":512,"height":365,"caption":"Amnissos Residence"},"image":{"@id":"https:\/\/amnissoshotel.com\/de\/#\/schema\/logo\/image\/"},"sameAs":["https:\/\/www.facebook.com\/AmnissosResidence","https:\/\/www.instagram.com\/amnissosresidence_rethymno\/"]}]}},"_links":{"self":[{"href":"https:\/\/amnissoshotel.com\/de\/wp-json\/wp\/v2\/pages\/24562","targetHints":{"allow":["GET"]}}],"collection":[{"href":"https:\/\/amnissoshotel.com\/de\/wp-json\/wp\/v2\/pages"}],"about":[{"href":"https:\/\/amnissoshotel.com\/de\/wp-json\/wp\/v2\/types\/page"}],"author":[{"embeddable":true,"href":"https:\/\/amnissoshotel.com\/de\/wp-json\/wp\/v2\/users\/1"}],"replies":[{"embeddable":true,"href":"https:\/\/amnissoshotel.com\/de\/wp-json\/wp\/v2\/comments?post=24562"}],"version-history":[{"count":0,"href":"https:\/\/amnissoshotel.com\/de\/wp-json\/wp\/v2\/pages\/24562\/revisions"}],"up":[{"embeddable":true,"href":"https:\/\/amnissoshotel.com\/de\/wp-json\/wp\/v2\/pages\/24669"}],"wp:featuredmedia":[{"embeddable":true,"href":"https:\/\/amnissoshotel.com\/de\/wp-json\/wp\/v2\/media\/30752"}],"wp:attachment":[{"href":"https:\/\/amnissoshotel.com\/de\/wp-json\/wp\/v2\/media?parent=24562"}],"curies":[{"name":"wp","href":"https:\/\/api.w.org\/{rel}","templated":true}]}}