{"id":24620,"date":"2022-06-14T19:23:57","date_gmt":"2022-06-14T19:23:57","guid":{"rendered":"https:\/\/www.amnissoshotel.com\/rethymno\/"},"modified":"2023-04-23T17:41:34","modified_gmt":"2023-04-23T17:41:34","slug":"rethymno","status":"publish","type":"page","link":"https:\/\/amnissoshotel.com\/de\/lage\/rethymno\/","title":{"rendered":"Rethymno"},"content":{"rendered":"\t\t<div data-elementor-type=\"wp-page\" data-elementor-id=\"24620\" class=\"elementor elementor-24620 elementor-11840\" data-elementor-post-type=\"page\">\n\t\t\t\t\t\t<section class=\"elementor-section elementor-top-section elementor-element elementor-element-a15711e elementor-section-boxed elementor-section-height-default elementor-section-height-default\" data-id=\"a15711e\" data-element_type=\"section\">\n\t\t\t\t\t\t<div class=\"elementor-container elementor-column-gap-default\">\n\t\t\t\t\t<div class=\"elementor-column elementor-col-100 elementor-top-column elementor-element elementor-element-8db4cbc\" data-id=\"8db4cbc\" data-element_type=\"column\">\n\t\t\t<div class=\"elementor-widget-wrap elementor-element-populated\">\n\t\t\t\t\t\t<div class=\"elementor-element elementor-element-afdb463 elementor-widget elementor-widget-text-editor\" data-id=\"afdb463\" data-element_type=\"widget\" data-widget_type=\"text-editor.default\">\n\t\t\t\t<div class=\"elementor-widget-container\">\n\t\t\t\t\t\t\t\t\tRethymnon ist die drittgr\u00f6\u00dfte Stadt Kretas zwischen den St\u00e4dten Heraklion und Chania und liegt in der Mitte Kretas mit ungef\u00e4hr 33.000 Einwohnern. Rethymnon hat einen traditionellen und malerischen Stil. Es gibt einen Hafen, der die Stadt mit dem gr\u00f6\u00dften Hafen Griechenlands \u2013 Pir\u00e4us \u2013 verbindet. Die auf Tourismus basierende Wirtschaft der Stadt mit vielen Hotels sowie den bedeutenden historischen Sehensw\u00fcrdigkeiten und der gro\u00dfen Vielfalt an Sandstr\u00e4nden. Au\u00dferdem unterst\u00fctzt die au\u00dferhalb des Zentrums im Stadtteil \u201eGallou\u201c gelegene \u201eUniversit\u00e4t von Kreta\u201c die Wirtschaft von Rethymnon. An der Universit\u00e4t studieren etwa 8.000 Studenten.\u2028.\n\nHistorische Sehensw\u00fcrdigkeiten von Rethymnon:\n<ul>\n \t<li>Schloss Fortezza (erbaut zwischen 1573 und 1580),<\/li>\n \t<li>Lotzia (venezianisch erbaut ab 17o Jahrhundert)<\/li>\n \t<li>Pr\u00e4fektur Rethymno (neoklassizistisches Geb\u00e4ude)<\/li>\n \t<li>Moscheen (Tzamia) und Kirche von Agios Fragisko<\/li>\n<\/ul>\nDas Arch\u00e4ologische Museum befindet sich am Eingang der Fortezza und das Historische Volkskundemuseum in der Stra\u00dfe \u201eVernadou\u201c.\t\t\t\t\t\t\t\t<\/div>\n\t\t\t\t<\/div>\n\t\t\t\t<div class=\"elementor-element elementor-element-bf0bf29 elementor-widget elementor-widget-image\" data-id=\"bf0bf29\" data-element_type=\"widget\" data-widget_type=\"image.default\">\n\t\t\t\t<div class=\"elementor-widget-container\">\n\t\t\t\t\t\t\t\t\t\t\t\t\t\t\t<img fetchpriority=\"high\" decoding=\"async\" width=\"1024\" height=\"681\" src=\"https:\/\/amnissoshotel.com\/wp-content\/uploads\/2016\/02\/colourful-old-port-of-Rethymno-1024x681.jpg\" class=\"attachment-large size-large wp-image-22872\" alt=\"\" srcset=\"https:\/\/amnissoshotel.com\/wp-content\/uploads\/2016\/02\/colourful-old-port-of-Rethymno-1024x681.jpg 1024w, https:\/\/amnissoshotel.com\/wp-content\/uploads\/2016\/02\/colourful-old-port-of-Rethymno-300x199.jpg 300w, https:\/\/amnissoshotel.com\/wp-content\/uploads\/2016\/02\/colourful-old-port-of-Rethymno-768x510.jpg 768w, https:\/\/amnissoshotel.com\/wp-content\/uploads\/2016\/02\/colourful-old-port-of-Rethymno.jpg 2048w\" sizes=\"(max-width: 1024px) 100vw, 1024px\" \/>\t\t\t\t\t\t\t\t\t\t\t\t\t\t\t<\/div>\n\t\t\t\t<\/div>\n\t\t\t\t<div class=\"elementor-element elementor-element-4c06169 elementor-widget elementor-widget-image\" data-id=\"4c06169\" data-element_type=\"widget\" data-widget_type=\"image.default\">\n\t\t\t\t<div class=\"elementor-widget-container\">\n\t\t\t\t\t\t\t\t\t\t\t\t\t\t\t<img decoding=\"async\" width=\"1024\" height=\"641\" src=\"https:\/\/amnissoshotel.com\/wp-content\/uploads\/2016\/02\/1920_Rethymno-Old_Fotor-1024x641.jpg\" class=\"attachment-large size-large wp-image-25365\" alt=\"\" srcset=\"https:\/\/amnissoshotel.com\/wp-content\/uploads\/2016\/02\/1920_Rethymno-Old_Fotor-1024x641.jpg 1024w, https:\/\/amnissoshotel.com\/wp-content\/uploads\/2016\/02\/1920_Rethymno-Old_Fotor-300x188.jpg 300w, https:\/\/amnissoshotel.com\/wp-content\/uploads\/2016\/02\/1920_Rethymno-Old_Fotor-768x480.jpg 768w, https:\/\/amnissoshotel.com\/wp-content\/uploads\/2016\/02\/1920_Rethymno-Old_Fotor.jpg 1920w\" sizes=\"(max-width: 1024px) 100vw, 1024px\" \/>\t\t\t\t\t\t\t\t\t\t\t\t\t\t\t<\/div>\n\t\t\t\t<\/div>\n\t\t\t\t<div class=\"elementor-element elementor-element-9704d6b elementor-widget elementor-widget-image\" data-id=\"9704d6b\" data-element_type=\"widget\" data-widget_type=\"image.default\">\n\t\t\t\t<div class=\"elementor-widget-container\">\n\t\t\t\t\t\t\t\t\t\t\t\t\t\t\t<img decoding=\"async\" width=\"1024\" height=\"768\" src=\"https:\/\/amnissoshotel.com\/wp-content\/uploads\/2016\/02\/Rethymno_Lighthouse-1024x768.jpg\" class=\"attachment-large size-large wp-image-22867\" alt=\"\" srcset=\"https:\/\/amnissoshotel.com\/wp-content\/uploads\/2016\/02\/Rethymno_Lighthouse-1024x768.jpg 1024w, https:\/\/amnissoshotel.com\/wp-content\/uploads\/2016\/02\/Rethymno_Lighthouse-300x225.jpg 300w, https:\/\/amnissoshotel.com\/wp-content\/uploads\/2016\/02\/Rethymno_Lighthouse-768x576.jpg 768w\" sizes=\"(max-width: 1024px) 100vw, 1024px\" \/>\t\t\t\t\t\t\t\t\t\t\t\t\t\t\t<\/div>\n\t\t\t\t<\/div>\n\t\t\t\t\t<\/div>\n\t\t<\/div>\n\t\t\t\t\t<\/div>\n\t\t<\/section>\n\t\t\t\t<\/div>\n\t\t","protected":false},"excerpt":{"rendered":"<p>Rethymnon ist die drittgr\u00f6\u00dfte Stadt Kretas zwischen den St\u00e4dten Heraklion und Chania und liegt in der Mitte Kretas mit ungef\u00e4hr 33.000 Einwohnern. Rethymnon hat einen traditionellen und malerischen Stil. Es gibt einen Hafen, der die Stadt mit dem gr\u00f6\u00dften Hafen Griechenlands \u2013 Pir\u00e4us \u2013 verbindet. Die auf Tourismus basierende Wirtschaft der Stadt mit vielen Hotels [&hellip;]<\/p>\n","protected":false},"author":1,"featured_media":22872,"parent":24674,"menu_order":0,"comment_status":"closed","ping_status":"closed","template":"","meta":{"site-sidebar-layout":"default","site-content-layout":"page-builder","ast-site-content-layout":"full-width-container","site-content-style":"unboxed","site-sidebar-style":"unboxed","ast-global-header-display":"","ast-banner-title-visibility":"","ast-main-header-display":"","ast-hfb-above-header-display":"","ast-hfb-below-header-display":"","ast-hfb-mobile-header-display":"","site-post-title":"disabled","ast-breadcrumbs-content":"","ast-featured-img":"disabled","footer-sml-layout":"","theme-transparent-header-meta":"default","adv-header-id-meta":"","stick-header-meta":"default","header-above-stick-meta":"","header-main-stick-meta":"","header-below-stick-meta":"","astra-migrate-meta-layouts":"default","ast-page-background-enabled":"default","ast-page-background-meta":{"desktop":{"background-color":"","background-image":"","background-repeat":"repeat","background-position":"center center","background-size":"auto","background-attachment":"scroll","background-type":"","background-media":"","overlay-type":"","overlay-color":"","overlay-opacity":"","overlay-gradient":""},"tablet":{"background-color":"","background-image":"","background-repeat":"repeat","background-position":"center center","background-size":"auto","background-attachment":"scroll","background-type":"","background-media":"","overlay-type":"","overlay-color":"","overlay-opacity":"","overlay-gradient":""},"mobile":{"background-color":"","background-image":"","background-repeat":"repeat","background-position":"center center","background-size":"auto","background-attachment":"scroll","background-type":"","background-media":"","overlay-type":"","overlay-color":"","overlay-opacity":"","overlay-gradient":""}},"ast-content-background-meta":{"desktop":{"background-color":"var(--ast-global-color-5)","background-image":"","background-repeat":"repeat","background-position":"center center","background-size":"auto","background-attachment":"scroll","background-type":"","background-media":"","overlay-type":"","overlay-color":"","overlay-opacity":"","overlay-gradient":""},"tablet":{"background-color":"var(--ast-global-color-5)","background-image":"","background-repeat":"repeat","background-position":"center center","background-size":"auto","background-attachment":"scroll","background-type":"","background-media":"","overlay-type":"","overlay-color":"","overlay-opacity":"","overlay-gradient":""},"mobile":{"background-color":"var(--ast-global-color-5)","background-image":"","background-repeat":"repeat","background-position":"center center","background-size":"auto","background-attachment":"scroll","background-type":"","background-media":"","overlay-type":"","overlay-color":"","overlay-opacity":"","overlay-gradient":""}},"_glsr_average":0,"_glsr_ranking":0,"_glsr_reviews":0,"footnotes":""},"class_list":["post-24620","page","type-page","status-publish","has-post-thumbnail","hentry"],"yoast_head":"<!-- This site is optimized with the Yoast SEO plugin v25.3.1 - https:\/\/yoast.com\/wordpress\/plugins\/seo\/ -->\n<title>Rethymno - Amnissos Residence<\/title>\n<meta name=\"robots\" content=\"index, follow, max-snippet:-1, max-image-preview:large, max-video-preview:-1\" \/>\n<link rel=\"canonical\" href=\"https:\/\/amnissoshotel.com\/de\/lage\/rethymno\/\" \/>\n<meta property=\"og:locale\" content=\"de_DE\" \/>\n<meta property=\"og:type\" content=\"article\" \/>\n<meta property=\"og:title\" content=\"Rethymno - Amnissos Residence\" \/>\n<meta property=\"og:description\" content=\"Rethymnon ist die drittgr\u00f6\u00dfte Stadt Kretas zwischen den St\u00e4dten Heraklion und Chania und liegt in der Mitte Kretas mit ungef\u00e4hr 33.000 Einwohnern. Rethymnon hat einen traditionellen und malerischen Stil. Es gibt einen Hafen, der die Stadt mit dem gr\u00f6\u00dften Hafen Griechenlands \u2013 Pir\u00e4us \u2013 verbindet. Die auf Tourismus basierende Wirtschaft der Stadt mit vielen Hotels [&hellip;]\" \/>\n<meta property=\"og:url\" content=\"https:\/\/amnissoshotel.com\/de\/lage\/rethymno\/\" \/>\n<meta property=\"og:site_name\" content=\"Amnissos Residence\" \/>\n<meta property=\"article:publisher\" content=\"https:\/\/www.facebook.com\/AmnissosResidence\" \/>\n<meta property=\"article:modified_time\" content=\"2023-04-23T17:41:34+00:00\" \/>\n<meta property=\"og:image\" content=\"https:\/\/amnissoshotel.com\/wp-content\/uploads\/2016\/02\/colourful-old-port-of-Rethymno-1024x681.jpg\" \/>\n\t<meta property=\"og:image:width\" content=\"1024\" \/>\n\t<meta property=\"og:image:height\" content=\"681\" \/>\n\t<meta property=\"og:image:type\" content=\"image\/jpeg\" \/>\n<meta name=\"twitter:card\" content=\"summary_large_image\" \/>\n<meta name=\"twitter:label1\" content=\"Gesch\u00e4tzte Lesezeit\" \/>\n\t<meta name=\"twitter:data1\" content=\"1\u00a0Minute\" \/>\n<script type=\"application\/ld+json\" class=\"yoast-schema-graph\">{\"@context\":\"https:\/\/schema.org\",\"@graph\":[{\"@type\":\"WebPage\",\"@id\":\"https:\/\/amnissoshotel.com\/de\/lage\/rethymno\/\",\"url\":\"https:\/\/amnissoshotel.com\/de\/lage\/rethymno\/\",\"name\":\"Rethymno - Amnissos Residence\",\"isPartOf\":{\"@id\":\"https:\/\/amnissoshotel.com\/de\/#website\"},\"primaryImageOfPage\":{\"@id\":\"https:\/\/amnissoshotel.com\/de\/lage\/rethymno\/#primaryimage\"},\"image\":{\"@id\":\"https:\/\/amnissoshotel.com\/de\/lage\/rethymno\/#primaryimage\"},\"thumbnailUrl\":\"https:\/\/amnissoshotel.com\/wp-content\/uploads\/2016\/02\/colourful-old-port-of-Rethymno.jpg\",\"datePublished\":\"2022-06-14T19:23:57+00:00\",\"dateModified\":\"2023-04-23T17:41:34+00:00\",\"breadcrumb\":{\"@id\":\"https:\/\/amnissoshotel.com\/de\/lage\/rethymno\/#breadcrumb\"},\"inLanguage\":\"de\",\"potentialAction\":[{\"@type\":\"ReadAction\",\"target\":[\"https:\/\/amnissoshotel.com\/de\/lage\/rethymno\/\"]}]},{\"@type\":\"ImageObject\",\"inLanguage\":\"de\",\"@id\":\"https:\/\/amnissoshotel.com\/de\/lage\/rethymno\/#primaryimage\",\"url\":\"https:\/\/amnissoshotel.com\/wp-content\/uploads\/2016\/02\/colourful-old-port-of-Rethymno.jpg\",\"contentUrl\":\"https:\/\/amnissoshotel.com\/wp-content\/uploads\/2016\/02\/colourful-old-port-of-Rethymno.jpg\",\"width\":2048,\"height\":1361},{\"@type\":\"BreadcrumbList\",\"@id\":\"https:\/\/amnissoshotel.com\/de\/lage\/rethymno\/#breadcrumb\",\"itemListElement\":[{\"@type\":\"ListItem\",\"position\":1,\"name\":\"Home\",\"item\":\"https:\/\/amnissoshotel.com\/de\/\"},{\"@type\":\"ListItem\",\"position\":2,\"name\":\"Lage\",\"item\":\"https:\/\/amnissoshotel.com\/de\/lage\/\"},{\"@type\":\"ListItem\",\"position\":3,\"name\":\"Rethymno\"}]},{\"@type\":\"WebSite\",\"@id\":\"https:\/\/amnissoshotel.com\/de\/#website\",\"url\":\"https:\/\/amnissoshotel.com\/de\/\",\"name\":\"Amnissos Residence\",\"description\":\"Hotel in Rethymno\",\"publisher\":{\"@id\":\"https:\/\/amnissoshotel.com\/de\/#organization\"},\"potentialAction\":[{\"@type\":\"SearchAction\",\"target\":{\"@type\":\"EntryPoint\",\"urlTemplate\":\"https:\/\/amnissoshotel.com\/de\/?s={search_term_string}\"},\"query-input\":{\"@type\":\"PropertyValueSpecification\",\"valueRequired\":true,\"valueName\":\"search_term_string\"}}],\"inLanguage\":\"de\"},{\"@type\":\"Organization\",\"@id\":\"https:\/\/amnissoshotel.com\/de\/#organization\",\"name\":\"Amnissos Residence\",\"url\":\"https:\/\/amnissoshotel.com\/de\/\",\"logo\":{\"@type\":\"ImageObject\",\"inLanguage\":\"de\",\"@id\":\"https:\/\/amnissoshotel.com\/de\/#\/schema\/logo\/image\/\",\"url\":\"https:\/\/amnissoshotel.com\/wp-content\/uploads\/logo-trans-light-1.png\",\"contentUrl\":\"https:\/\/amnissoshotel.com\/wp-content\/uploads\/logo-trans-light-1.png\",\"width\":512,\"height\":365,\"caption\":\"Amnissos Residence\"},\"image\":{\"@id\":\"https:\/\/amnissoshotel.com\/de\/#\/schema\/logo\/image\/\"},\"sameAs\":[\"https:\/\/www.facebook.com\/AmnissosResidence\",\"https:\/\/www.instagram.com\/amnissosresidence_rethymno\/\"]}]}<\/script>\n<!-- \/ Yoast SEO plugin. -->","yoast_head_json":{"title":"Rethymno - Amnissos Residence","robots":{"index":"index","follow":"follow","max-snippet":"max-snippet:-1","max-image-preview":"max-image-preview:large","max-video-preview":"max-video-preview:-1"},"canonical":"https:\/\/amnissoshotel.com\/de\/lage\/rethymno\/","og_locale":"de_DE","og_type":"article","og_title":"Rethymno - Amnissos Residence","og_description":"Rethymnon ist die drittgr\u00f6\u00dfte Stadt Kretas zwischen den St\u00e4dten Heraklion und Chania und liegt in der Mitte Kretas mit ungef\u00e4hr 33.000 Einwohnern. Rethymnon hat einen traditionellen und malerischen Stil. Es gibt einen Hafen, der die Stadt mit dem gr\u00f6\u00dften Hafen Griechenlands \u2013 Pir\u00e4us \u2013 verbindet. Die auf Tourismus basierende Wirtschaft der Stadt mit vielen Hotels [&hellip;]","og_url":"https:\/\/amnissoshotel.com\/de\/lage\/rethymno\/","og_site_name":"Amnissos Residence","article_publisher":"https:\/\/www.facebook.com\/AmnissosResidence","article_modified_time":"2023-04-23T17:41:34+00:00","og_image":[{"width":1024,"height":681,"url":"https:\/\/amnissoshotel.com\/wp-content\/uploads\/2016\/02\/colourful-old-port-of-Rethymno-1024x681.jpg","type":"image\/jpeg"}],"twitter_card":"summary_large_image","twitter_misc":{"Gesch\u00e4tzte Lesezeit":"1\u00a0Minute"},"schema":{"@context":"https:\/\/schema.org","@graph":[{"@type":"WebPage","@id":"https:\/\/amnissoshotel.com\/de\/lage\/rethymno\/","url":"https:\/\/amnissoshotel.com\/de\/lage\/rethymno\/","name":"Rethymno - Amnissos Residence","isPartOf":{"@id":"https:\/\/amnissoshotel.com\/de\/#website"},"primaryImageOfPage":{"@id":"https:\/\/amnissoshotel.com\/de\/lage\/rethymno\/#primaryimage"},"image":{"@id":"https:\/\/amnissoshotel.com\/de\/lage\/rethymno\/#primaryimage"},"thumbnailUrl":"https:\/\/amnissoshotel.com\/wp-content\/uploads\/2016\/02\/colourful-old-port-of-Rethymno.jpg","datePublished":"2022-06-14T19:23:57+00:00","dateModified":"2023-04-23T17:41:34+00:00","breadcrumb":{"@id":"https:\/\/amnissoshotel.com\/de\/lage\/rethymno\/#breadcrumb"},"inLanguage":"de","potentialAction":[{"@type":"ReadAction","target":["https:\/\/amnissoshotel.com\/de\/lage\/rethymno\/"]}]},{"@type":"ImageObject","inLanguage":"de","@id":"https:\/\/amnissoshotel.com\/de\/lage\/rethymno\/#primaryimage","url":"https:\/\/amnissoshotel.com\/wp-content\/uploads\/2016\/02\/colourful-old-port-of-Rethymno.jpg","contentUrl":"https:\/\/amnissoshotel.com\/wp-content\/uploads\/2016\/02\/colourful-old-port-of-Rethymno.jpg","width":2048,"height":1361},{"@type":"BreadcrumbList","@id":"https:\/\/amnissoshotel.com\/de\/lage\/rethymno\/#breadcrumb","itemListElement":[{"@type":"ListItem","position":1,"name":"Home","item":"https:\/\/amnissoshotel.com\/de\/"},{"@type":"ListItem","position":2,"name":"Lage","item":"https:\/\/amnissoshotel.com\/de\/lage\/"},{"@type":"ListItem","position":3,"name":"Rethymno"}]},{"@type":"WebSite","@id":"https:\/\/amnissoshotel.com\/de\/#website","url":"https:\/\/amnissoshotel.com\/de\/","name":"Amnissos Residence","description":"Hotel in Rethymno","publisher":{"@id":"https:\/\/amnissoshotel.com\/de\/#organization"},"potentialAction":[{"@type":"SearchAction","target":{"@type":"EntryPoint","urlTemplate":"https:\/\/amnissoshotel.com\/de\/?s={search_term_string}"},"query-input":{"@type":"PropertyValueSpecification","valueRequired":true,"valueName":"search_term_string"}}],"inLanguage":"de"},{"@type":"Organization","@id":"https:\/\/amnissoshotel.com\/de\/#organization","name":"Amnissos Residence","url":"https:\/\/amnissoshotel.com\/de\/","logo":{"@type":"ImageObject","inLanguage":"de","@id":"https:\/\/amnissoshotel.com\/de\/#\/schema\/logo\/image\/","url":"https:\/\/amnissoshotel.com\/wp-content\/uploads\/logo-trans-light-1.png","contentUrl":"https:\/\/amnissoshotel.com\/wp-content\/uploads\/logo-trans-light-1.png","width":512,"height":365,"caption":"Amnissos Residence"},"image":{"@id":"https:\/\/amnissoshotel.com\/de\/#\/schema\/logo\/image\/"},"sameAs":["https:\/\/www.facebook.com\/AmnissosResidence","https:\/\/www.instagram.com\/amnissosresidence_rethymno\/"]}]}},"_links":{"self":[{"href":"https:\/\/amnissoshotel.com\/de\/wp-json\/wp\/v2\/pages\/24620","targetHints":{"allow":["GET"]}}],"collection":[{"href":"https:\/\/amnissoshotel.com\/de\/wp-json\/wp\/v2\/pages"}],"about":[{"href":"https:\/\/amnissoshotel.com\/de\/wp-json\/wp\/v2\/types\/page"}],"author":[{"embeddable":true,"href":"https:\/\/amnissoshotel.com\/de\/wp-json\/wp\/v2\/users\/1"}],"replies":[{"embeddable":true,"href":"https:\/\/amnissoshotel.com\/de\/wp-json\/wp\/v2\/comments?post=24620"}],"version-history":[{"count":0,"href":"https:\/\/amnissoshotel.com\/de\/wp-json\/wp\/v2\/pages\/24620\/revisions"}],"up":[{"embeddable":true,"href":"https:\/\/amnissoshotel.com\/de\/wp-json\/wp\/v2\/pages\/24674"}],"wp:featuredmedia":[{"embeddable":true,"href":"https:\/\/amnissoshotel.com\/de\/wp-json\/wp\/v2\/media\/22872"}],"wp:attachment":[{"href":"https:\/\/amnissoshotel.com\/de\/wp-json\/wp\/v2\/media?parent=24620"}],"curies":[{"name":"wp","href":"https:\/\/api.w.org\/{rel}","templated":true}]}}