{"id":24627,"date":"2022-06-14T19:30:40","date_gmt":"2022-06-14T19:30:40","guid":{"rendered":"https:\/\/www.amnissoshotel.com\/besichtigung\/"},"modified":"2023-04-23T17:46:14","modified_gmt":"2023-04-23T17:46:14","slug":"besichtigung","status":"publish","type":"page","link":"https:\/\/amnissoshotel.com\/de\/lage\/besichtigung\/","title":{"rendered":"Besichtigung"},"content":{"rendered":"\t\t<div data-elementor-type=\"wp-page\" data-elementor-id=\"24627\" class=\"elementor elementor-24627 elementor-11841\" data-elementor-post-type=\"page\">\n\t\t\t\t\t\t<section class=\"elementor-section elementor-top-section elementor-element elementor-element-2f6a9b5c elementor-section-boxed elementor-section-height-default elementor-section-height-default\" data-id=\"2f6a9b5c\" data-element_type=\"section\">\n\t\t\t\t\t\t<div class=\"elementor-container elementor-column-gap-default\">\n\t\t\t\t\t<div class=\"elementor-column elementor-col-100 elementor-top-column elementor-element elementor-element-7a82fc37\" data-id=\"7a82fc37\" data-element_type=\"column\">\n\t\t\t<div class=\"elementor-widget-wrap elementor-element-populated\">\n\t\t\t\t\t\t<div class=\"elementor-element elementor-element-febb81e elementor-widget elementor-widget-heading\" data-id=\"febb81e\" data-element_type=\"widget\" data-widget_type=\"heading.default\">\n\t\t\t\t<div class=\"elementor-widget-container\">\n\t\t\t\t\t<h4 class=\"elementor-heading-title elementor-size-default\"> Kloster Arkadi:\u2028<\/h4>\t\t\t\t<\/div>\n\t\t\t\t<\/div>\n\t\t\t\t<div class=\"elementor-element elementor-element-2f54c23 elementor-widget elementor-widget-text-editor\" data-id=\"2f54c23\" data-element_type=\"widget\" data-widget_type=\"text-editor.default\">\n\t\t\t\t<div class=\"elementor-widget-container\">\n\t\t\t\t\t\t\t\t\tEs wurde im 14. Jahrhundert erbaut. Arkadi, eines der wichtigsten Kl\u00f6ster in Rethymnon, war das Zentrum der Aktionen im Krieg zwischen Kreta und der T\u00fcrkei. Es war ein Zufluchtsort f\u00fcr kretische K\u00e4mpfer. Der Holocaust des Klosters war der gro\u00dfe Start f\u00fcr die griechische Unabh\u00e4ngigkeit. Die Entfernung vom Hotel betr\u00e4gt 15 km und 23 km von der Stadt Rethymnon.\u2028\u2028\u2028\u2028\u2028\u2028\n\n\t\t\t\t\t\t\t\t<\/div>\n\t\t\t\t<\/div>\n\t\t\t\t<div class=\"elementor-element elementor-element-5373364 elementor-widget elementor-widget-image\" data-id=\"5373364\" data-element_type=\"widget\" data-widget_type=\"image.default\">\n\t\t\t\t<div class=\"elementor-widget-container\">\n\t\t\t\t\t\t\t\t\t\t\t\t\t\t\t<img fetchpriority=\"high\" decoding=\"async\" width=\"1024\" height=\"680\" src=\"https:\/\/amnissoshotel.com\/wp-content\/uploads\/2016\/03\/DSC_0343-1024x680.jpg\" class=\"attachment-large size-large wp-image-22858\" alt=\"\" srcset=\"https:\/\/amnissoshotel.com\/wp-content\/uploads\/2016\/03\/DSC_0343-1024x680.jpg 1024w, https:\/\/amnissoshotel.com\/wp-content\/uploads\/2016\/03\/DSC_0343-300x199.jpg 300w, https:\/\/amnissoshotel.com\/wp-content\/uploads\/2016\/03\/DSC_0343-768x510.jpg 768w, https:\/\/amnissoshotel.com\/wp-content\/uploads\/2016\/03\/DSC_0343.jpg 2048w\" sizes=\"(max-width: 1024px) 100vw, 1024px\" \/>\t\t\t\t\t\t\t\t\t\t\t\t\t\t\t<\/div>\n\t\t\t\t<\/div>\n\t\t\t\t<div class=\"elementor-element elementor-element-636992c elementor-widget elementor-widget-heading\" data-id=\"636992c\" data-element_type=\"widget\" data-widget_type=\"heading.default\">\n\t\t\t\t<div class=\"elementor-widget-container\">\n\t\t\t\t\t<h4 class=\"elementor-heading-title elementor-size-default\">Kloster Preveli:\u2028<\/h4>\t\t\t\t<\/div>\n\t\t\t\t<\/div>\n\t\t\t\t<div class=\"elementor-element elementor-element-4d26f35 elementor-widget elementor-widget-text-editor\" data-id=\"4d26f35\" data-element_type=\"widget\" data-widget_type=\"text-editor.default\">\n\t\t\t\t<div class=\"elementor-widget-container\">\n\t\t\t\t\t\t\t\t\tDas Kloster entstand zwischen dem 16. und 17. Jahrhundert. Es befand sich in einer gr\u00fcnen Gegend mit herrlicher Aussicht und wird deshalb von Besuchern bewundert. Im Inneren des Klosters befindet sich ein goldenes Kreuz aus echtem Holz und es wird angenommen, dass dieses Kreuz wundert\u00e4tig ist. Es gibt auch einen Strand mit reinem Wasser neben dem Kloster, einer der besten in der Pr\u00e4fektur Rethymno. Es ist bemerkenswert, dass das Kloster an den Befreiungsk\u00e4mpfen der Kreter teilnahm. Die Entfernung vom Hotel betr\u00e4gt 45 km und von Rethymnon 37 km.\u2028\u2028\n\n\t\t\t\t\t\t\t\t<\/div>\n\t\t\t\t<\/div>\n\t\t\t\t<div class=\"elementor-element elementor-element-a707daf elementor-widget elementor-widget-image\" data-id=\"a707daf\" data-element_type=\"widget\" data-widget_type=\"image.default\">\n\t\t\t\t<div class=\"elementor-widget-container\">\n\t\t\t\t\t\t\t\t\t\t\t\t\t\t\t<img decoding=\"async\" width=\"1024\" height=\"768\" src=\"https:\/\/amnissoshotel.com\/wp-content\/uploads\/2016\/03\/prev-1024x768.jpg\" class=\"attachment-large size-large wp-image-22864\" alt=\"\" srcset=\"https:\/\/amnissoshotel.com\/wp-content\/uploads\/2016\/03\/prev-1024x768.jpg 1024w, https:\/\/amnissoshotel.com\/wp-content\/uploads\/2016\/03\/prev-300x225.jpg 300w, https:\/\/amnissoshotel.com\/wp-content\/uploads\/2016\/03\/prev-768x576.jpg 768w, https:\/\/amnissoshotel.com\/wp-content\/uploads\/2016\/03\/prev.jpg 1600w\" sizes=\"(max-width: 1024px) 100vw, 1024px\" \/>\t\t\t\t\t\t\t\t\t\t\t\t\t\t\t<\/div>\n\t\t\t\t<\/div>\n\t\t\t\t<div class=\"elementor-element elementor-element-87d2cac elementor-widget elementor-widget-heading\" data-id=\"87d2cac\" data-element_type=\"widget\" data-widget_type=\"heading.default\">\n\t\t\t\t<div class=\"elementor-widget-container\">\n\t\t\t\t\t<h4 class=\"elementor-heading-title elementor-size-default\">H\u00f6hle von Melidoni:\u2028<\/h4>\t\t\t\t<\/div>\n\t\t\t\t<\/div>\n\t\t\t\t<div class=\"elementor-element elementor-element-0fa7ce8 elementor-widget elementor-widget-text-editor\" data-id=\"0fa7ce8\" data-element_type=\"widget\" data-widget_type=\"text-editor.default\">\n\t\t\t\t<div class=\"elementor-widget-container\">\n\t\t\t\t\t\t\t\t\tDie H\u00f6hle von Melidoni befindet sich in der kleinen Stadt Perama in der Pr\u00e4fektur Rethymnon. Diese H\u00f6hle hat ein sehr wichtiges arch\u00e4ologisches und historisches Interesse. Der Mythologie zufolge gab es dort das \u201cHaus\u201d von Talos. Talos war ein Riese und besch\u00fctzte Kreta vor Feinden.\nW\u00e4hrend der klassischen Zeit war die H\u00f6hle ein Ort der Anbetung, speziell Talea Ermi gewidmet. W\u00e4hrend der t\u00fcrkischen Besiedlung fanden Tausende Dorfbewohner dort einen Unterschlupf, um an Husein Pasa zu sterben. Aber Husein Pasa verbrennt den Eingang der H\u00f6hle, damit alle Dorfbewohner ersticken. Die Entfernung vom Hotel betr\u00e4gt 22 km und von Rethymnon 30 km.\u2028\n\n\t\t\t\t\t\t\t\t<\/div>\n\t\t\t\t<\/div>\n\t\t\t\t<div class=\"elementor-element elementor-element-25a17d6 elementor-widget elementor-widget-image\" data-id=\"25a17d6\" data-element_type=\"widget\" data-widget_type=\"image.default\">\n\t\t\t\t<div class=\"elementor-widget-container\">\n\t\t\t\t\t\t\t\t\t\t\t\t\t\t\t<img decoding=\"async\" width=\"960\" height=\"540\" src=\"https:\/\/amnissoshotel.com\/wp-content\/uploads\/2016\/03\/home-melidoni_0002_DSCN9355.jpg\" class=\"attachment-large size-large wp-image-22854\" alt=\"\" srcset=\"https:\/\/amnissoshotel.com\/wp-content\/uploads\/2016\/03\/home-melidoni_0002_DSCN9355.jpg 960w, https:\/\/amnissoshotel.com\/wp-content\/uploads\/2016\/03\/home-melidoni_0002_DSCN9355-300x169.jpg 300w, https:\/\/amnissoshotel.com\/wp-content\/uploads\/2016\/03\/home-melidoni_0002_DSCN9355-768x432.jpg 768w\" sizes=\"(max-width: 960px) 100vw, 960px\" \/>\t\t\t\t\t\t\t\t\t\t\t\t\t\t\t<\/div>\n\t\t\t\t<\/div>\n\t\t\t\t<div class=\"elementor-element elementor-element-b143c0f elementor-widget elementor-widget-heading\" data-id=\"b143c0f\" data-element_type=\"widget\" data-widget_type=\"heading.default\">\n\t\t\t\t<div class=\"elementor-widget-container\">\n\t\t\t\t\t<h4 class=\"elementor-heading-title elementor-size-default\">H\u00f6hle von Sfendoni:\u2028\n<\/h4>\t\t\t\t<\/div>\n\t\t\t\t<\/div>\n\t\t\t\t<div class=\"elementor-element elementor-element-df87d1c elementor-widget elementor-widget-text-editor\" data-id=\"df87d1c\" data-element_type=\"widget\" data-widget_type=\"text-editor.default\">\n\t\t\t\t<div class=\"elementor-widget-container\">\n\t\t\t\t\t\t\t\t\tDie H\u00f6hle von Sfentoni befindet sich am Eingang des Dorfes Zoniana. Ist eine erstaunliche H\u00f6hle voller Stalaktiten im Inneren. Die Entfernung vom Hotel betr\u00e4gt 39 km und von Rethymnon 47 km.\u2028\n\n\t\t\t\t\t\t\t\t<\/div>\n\t\t\t\t<\/div>\n\t\t\t\t<div class=\"elementor-element elementor-element-74f4a14 elementor-widget elementor-widget-image\" data-id=\"74f4a14\" data-element_type=\"widget\" data-widget_type=\"image.default\">\n\t\t\t\t<div class=\"elementor-widget-container\">\n\t\t\t\t\t\t\t\t\t\t\t\t\t\t\t<img loading=\"lazy\" decoding=\"async\" width=\"1000\" height=\"667\" src=\"https:\/\/amnissoshotel.com\/wp-content\/uploads\/2016\/03\/pegasus_LARGE_t_242261_54410089.jpg\" class=\"attachment-large size-large wp-image-22856\" alt=\"\" srcset=\"https:\/\/amnissoshotel.com\/wp-content\/uploads\/2016\/03\/pegasus_LARGE_t_242261_54410089.jpg 1000w, https:\/\/amnissoshotel.com\/wp-content\/uploads\/2016\/03\/pegasus_LARGE_t_242261_54410089-300x200.jpg 300w, https:\/\/amnissoshotel.com\/wp-content\/uploads\/2016\/03\/pegasus_LARGE_t_242261_54410089-768x512.jpg 768w\" sizes=\"(max-width: 1000px) 100vw, 1000px\" \/>\t\t\t\t\t\t\t\t\t\t\t\t\t\t\t<\/div>\n\t\t\t\t<\/div>\n\t\t\t\t<div class=\"elementor-element elementor-element-0c9bdc7 elementor-widget elementor-widget-heading\" data-id=\"0c9bdc7\" data-element_type=\"widget\" data-widget_type=\"heading.default\">\n\t\t\t\t<div class=\"elementor-widget-container\">\n\t\t\t\t\t<h4 class=\"elementor-heading-title elementor-size-default\">Antike Eleutherna:\u2028\n<\/h4>\t\t\t\t<\/div>\n\t\t\t\t<\/div>\n\t\t\t\t<div class=\"elementor-element elementor-element-a20531a elementor-widget elementor-widget-text-editor\" data-id=\"a20531a\" data-element_type=\"widget\" data-widget_type=\"text-editor.default\">\n\t\t\t\t<div class=\"elementor-widget-container\">\n\t\t\t\t\t\t\t\t\tDas antike Eleutherna ist einer der wichtigsten historischen Orte in Rethymnon. Ist ein kleines Dorf, das auf einem hohen H\u00fcgel gebaut wurde, wo sich die gleichnamige antike Stadt befand. Ab 1985 beteiligte sich die Universit\u00e4t von Kreta an den Ausgrabungen der antiken Stadt. Eleutherna tr\u00e4gt seit \u00fcber 30 Jahren den Namen \u201eOrt der nat\u00fcrlichen Sch\u00f6nheit\u201c. Die Entfernung vom Hotel betr\u00e4gt 22 km und von Rethymnon 30 km. Das Dorf ist ber\u00fchmt f\u00fcr handgefertigte Gef\u00e4\u00dfe.\u2028\n\n\t\t\t\t\t\t\t\t<\/div>\n\t\t\t\t<\/div>\n\t\t\t\t<div class=\"elementor-element elementor-element-f376193 elementor-widget elementor-widget-image\" data-id=\"f376193\" data-element_type=\"widget\" data-widget_type=\"image.default\">\n\t\t\t\t<div class=\"elementor-widget-container\">\n\t\t\t\t\t\t\t\t\t\t\t\t\t\t\t<img loading=\"lazy\" decoding=\"async\" width=\"1024\" height=\"768\" src=\"https:\/\/amnissoshotel.com\/wp-content\/uploads\/2016\/03\/DSC00933-1024x768.jpg\" class=\"attachment-large size-large wp-image-22862\" alt=\"\" srcset=\"https:\/\/amnissoshotel.com\/wp-content\/uploads\/2016\/03\/DSC00933-1024x768.jpg 1024w, https:\/\/amnissoshotel.com\/wp-content\/uploads\/2016\/03\/DSC00933-300x225.jpg 300w, https:\/\/amnissoshotel.com\/wp-content\/uploads\/2016\/03\/DSC00933-768x576.jpg 768w, https:\/\/amnissoshotel.com\/wp-content\/uploads\/2016\/03\/DSC00933.jpg 2048w\" sizes=\"(max-width: 1024px) 100vw, 1024px\" \/>\t\t\t\t\t\t\t\t\t\t\t\t\t\t\t<\/div>\n\t\t\t\t<\/div>\n\t\t\t\t<div class=\"elementor-element elementor-element-13116e5 elementor-widget elementor-widget-heading\" data-id=\"13116e5\" data-element_type=\"widget\" data-widget_type=\"heading.default\">\n\t\t\t\t<div class=\"elementor-widget-container\">\n\t\t\t\t\t<h4 class=\"elementor-heading-title elementor-size-default\">Margarites<\/h4>\t\t\t\t<\/div>\n\t\t\t\t<\/div>\n\t\t\t\t<div class=\"elementor-element elementor-element-c7ff68c elementor-widget elementor-widget-text-editor\" data-id=\"c7ff68c\" data-element_type=\"widget\" data-widget_type=\"text-editor.default\">\n\t\t\t\t<div class=\"elementor-widget-container\">\n\t\t\t\t\t\t\t\t\t\u00d6stlich vom antiken Eleutherna, etwa 4 km entfernt, befindet sich ein Dorf, in dem Besucher handgefertigte T\u00f6pferwaren finden k\u00f6nnen. Ein Spaziergang durch die kleinen Gassen des Dorfes wird die Besucher an die griechische Architektur erinnern. Die Entfernung vom Hotel betr\u00e4gt 26 km und von Rethymno 34 km.\u2028\u2028\n\n\t\t\t\t\t\t\t\t<\/div>\n\t\t\t\t<\/div>\n\t\t\t\t<div class=\"elementor-element elementor-element-6995600 elementor-widget elementor-widget-image\" data-id=\"6995600\" data-element_type=\"widget\" data-widget_type=\"image.default\">\n\t\t\t\t<div class=\"elementor-widget-container\">\n\t\t\t\t\t\t\t\t\t\t\t\t\t\t\t<img loading=\"lazy\" decoding=\"async\" width=\"1024\" height=\"654\" src=\"https:\/\/amnissoshotel.com\/wp-content\/uploads\/2016\/03\/20214826-1024x654.jpg\" class=\"attachment-large size-large wp-image-22860\" alt=\"\" srcset=\"https:\/\/amnissoshotel.com\/wp-content\/uploads\/2016\/03\/20214826.jpg 1024w, https:\/\/amnissoshotel.com\/wp-content\/uploads\/2016\/03\/20214826-300x192.jpg 300w, https:\/\/amnissoshotel.com\/wp-content\/uploads\/2016\/03\/20214826-768x491.jpg 768w, https:\/\/amnissoshotel.com\/wp-content\/uploads\/2016\/03\/20214826-460x295.jpg 460w\" sizes=\"(max-width: 1024px) 100vw, 1024px\" \/>\t\t\t\t\t\t\t\t\t\t\t\t\t\t\t<\/div>\n\t\t\t\t<\/div>\n\t\t\t\t\t<\/div>\n\t\t<\/div>\n\t\t\t\t\t<\/div>\n\t\t<\/section>\n\t\t\t\t<\/div>\n\t\t","protected":false},"excerpt":{"rendered":"<p>Kloster Arkadi:\u2028 Es wurde im 14. Jahrhundert erbaut. Arkadi, eines der wichtigsten Kl\u00f6ster in Rethymnon, war das Zentrum der Aktionen im Krieg zwischen Kreta und der T\u00fcrkei. Es war ein Zufluchtsort f\u00fcr kretische K\u00e4mpfer. Der Holocaust des Klosters war der gro\u00dfe Start f\u00fcr die griechische Unabh\u00e4ngigkeit. Die Entfernung vom Hotel betr\u00e4gt 15 km und 23 [&hellip;]<\/p>\n","protected":false},"author":1,"featured_media":22858,"parent":24674,"menu_order":0,"comment_status":"closed","ping_status":"closed","template":"","meta":{"site-sidebar-layout":"default","site-content-layout":"default","ast-site-content-layout":"default","site-content-style":"default","site-sidebar-style":"default","ast-global-header-display":"","ast-banner-title-visibility":"","ast-main-header-display":"","ast-hfb-above-header-display":"","ast-hfb-below-header-display":"","ast-hfb-mobile-header-display":"","site-post-title":"","ast-breadcrumbs-content":"","ast-featured-img":"","footer-sml-layout":"","theme-transparent-header-meta":"default","adv-header-id-meta":"","stick-header-meta":"default","header-above-stick-meta":"","header-main-stick-meta":"","header-below-stick-meta":"","astra-migrate-meta-layouts":"default","ast-page-background-enabled":"default","ast-page-background-meta":{"desktop":{"background-color":"","background-image":"","background-repeat":"repeat","background-position":"center center","background-size":"auto","background-attachment":"scroll","background-type":"","background-media":"","overlay-type":"","overlay-color":"","overlay-opacity":"","overlay-gradient":""},"tablet":{"background-color":"","background-image":"","background-repeat":"repeat","background-position":"center center","background-size":"auto","background-attachment":"scroll","background-type":"","background-media":"","overlay-type":"","overlay-color":"","overlay-opacity":"","overlay-gradient":""},"mobile":{"background-color":"","background-image":"","background-repeat":"repeat","background-position":"center center","background-size":"auto","background-attachment":"scroll","background-type":"","background-media":"","overlay-type":"","overlay-color":"","overlay-opacity":"","overlay-gradient":""}},"ast-content-background-meta":{"desktop":{"background-color":"var(--ast-global-color-5)","background-image":"","background-repeat":"repeat","background-position":"center center","background-size":"auto","background-attachment":"scroll","background-type":"","background-media":"","overlay-type":"","overlay-color":"","overlay-opacity":"","overlay-gradient":""},"tablet":{"background-color":"var(--ast-global-color-5)","background-image":"","background-repeat":"repeat","background-position":"center center","background-size":"auto","background-attachment":"scroll","background-type":"","background-media":"","overlay-type":"","overlay-color":"","overlay-opacity":"","overlay-gradient":""},"mobile":{"background-color":"var(--ast-global-color-5)","background-image":"","background-repeat":"repeat","background-position":"center center","background-size":"auto","background-attachment":"scroll","background-type":"","background-media":"","overlay-type":"","overlay-color":"","overlay-opacity":"","overlay-gradient":""}},"_glsr_average":0,"_glsr_ranking":0,"_glsr_reviews":0,"footnotes":""},"class_list":["post-24627","page","type-page","status-publish","has-post-thumbnail","hentry"],"yoast_head":"<!-- This site is optimized with the Yoast SEO plugin v25.3.1 - https:\/\/yoast.com\/wordpress\/plugins\/seo\/ -->\n<title>Besichtigung - Amnissos Residence<\/title>\n<meta name=\"robots\" content=\"index, follow, max-snippet:-1, max-image-preview:large, max-video-preview:-1\" \/>\n<link rel=\"canonical\" href=\"https:\/\/amnissoshotel.com\/de\/lage\/besichtigung\/\" \/>\n<meta property=\"og:locale\" content=\"de_DE\" \/>\n<meta property=\"og:type\" content=\"article\" \/>\n<meta property=\"og:title\" content=\"Besichtigung - Amnissos Residence\" \/>\n<meta property=\"og:description\" content=\"Kloster Arkadi:\u2028 Es wurde im 14. Jahrhundert erbaut. Arkadi, eines der wichtigsten Kl\u00f6ster in Rethymnon, war das Zentrum der Aktionen im Krieg zwischen Kreta und der T\u00fcrkei. Es war ein Zufluchtsort f\u00fcr kretische K\u00e4mpfer. Der Holocaust des Klosters war der gro\u00dfe Start f\u00fcr die griechische Unabh\u00e4ngigkeit. Die Entfernung vom Hotel betr\u00e4gt 15 km und 23 [&hellip;]\" \/>\n<meta property=\"og:url\" content=\"https:\/\/amnissoshotel.com\/de\/lage\/besichtigung\/\" \/>\n<meta property=\"og:site_name\" content=\"Amnissos Residence\" \/>\n<meta property=\"article:publisher\" content=\"https:\/\/www.facebook.com\/AmnissosResidence\" \/>\n<meta property=\"article:modified_time\" content=\"2023-04-23T17:46:14+00:00\" \/>\n<meta property=\"og:image\" content=\"https:\/\/amnissoshotel.com\/wp-content\/uploads\/2016\/03\/DSC_0343.jpg\" \/>\n\t<meta property=\"og:image:width\" content=\"2048\" \/>\n\t<meta property=\"og:image:height\" content=\"1360\" \/>\n\t<meta property=\"og:image:type\" content=\"image\/jpeg\" \/>\n<meta name=\"twitter:card\" content=\"summary_large_image\" \/>\n<meta name=\"twitter:label1\" content=\"Gesch\u00e4tzte Lesezeit\" \/>\n\t<meta name=\"twitter:data1\" content=\"2\u00a0Minuten\" \/>\n<script type=\"application\/ld+json\" class=\"yoast-schema-graph\">{\"@context\":\"https:\/\/schema.org\",\"@graph\":[{\"@type\":\"WebPage\",\"@id\":\"https:\/\/amnissoshotel.com\/de\/lage\/besichtigung\/\",\"url\":\"https:\/\/amnissoshotel.com\/de\/lage\/besichtigung\/\",\"name\":\"Besichtigung - Amnissos Residence\",\"isPartOf\":{\"@id\":\"https:\/\/amnissoshotel.com\/de\/#website\"},\"primaryImageOfPage\":{\"@id\":\"https:\/\/amnissoshotel.com\/de\/lage\/besichtigung\/#primaryimage\"},\"image\":{\"@id\":\"https:\/\/amnissoshotel.com\/de\/lage\/besichtigung\/#primaryimage\"},\"thumbnailUrl\":\"https:\/\/amnissoshotel.com\/wp-content\/uploads\/2016\/03\/DSC_0343.jpg\",\"datePublished\":\"2022-06-14T19:30:40+00:00\",\"dateModified\":\"2023-04-23T17:46:14+00:00\",\"breadcrumb\":{\"@id\":\"https:\/\/amnissoshotel.com\/de\/lage\/besichtigung\/#breadcrumb\"},\"inLanguage\":\"de\",\"potentialAction\":[{\"@type\":\"ReadAction\",\"target\":[\"https:\/\/amnissoshotel.com\/de\/lage\/besichtigung\/\"]}]},{\"@type\":\"ImageObject\",\"inLanguage\":\"de\",\"@id\":\"https:\/\/amnissoshotel.com\/de\/lage\/besichtigung\/#primaryimage\",\"url\":\"https:\/\/amnissoshotel.com\/wp-content\/uploads\/2016\/03\/DSC_0343.jpg\",\"contentUrl\":\"https:\/\/amnissoshotel.com\/wp-content\/uploads\/2016\/03\/DSC_0343.jpg\",\"width\":2048,\"height\":1360},{\"@type\":\"BreadcrumbList\",\"@id\":\"https:\/\/amnissoshotel.com\/de\/lage\/besichtigung\/#breadcrumb\",\"itemListElement\":[{\"@type\":\"ListItem\",\"position\":1,\"name\":\"Home\",\"item\":\"https:\/\/amnissoshotel.com\/de\/\"},{\"@type\":\"ListItem\",\"position\":2,\"name\":\"Lage\",\"item\":\"https:\/\/amnissoshotel.com\/de\/lage\/\"},{\"@type\":\"ListItem\",\"position\":3,\"name\":\"Besichtigung\"}]},{\"@type\":\"WebSite\",\"@id\":\"https:\/\/amnissoshotel.com\/de\/#website\",\"url\":\"https:\/\/amnissoshotel.com\/de\/\",\"name\":\"Amnissos Residence\",\"description\":\"Hotel in Rethymno\",\"publisher\":{\"@id\":\"https:\/\/amnissoshotel.com\/de\/#organization\"},\"potentialAction\":[{\"@type\":\"SearchAction\",\"target\":{\"@type\":\"EntryPoint\",\"urlTemplate\":\"https:\/\/amnissoshotel.com\/de\/?s={search_term_string}\"},\"query-input\":{\"@type\":\"PropertyValueSpecification\",\"valueRequired\":true,\"valueName\":\"search_term_string\"}}],\"inLanguage\":\"de\"},{\"@type\":\"Organization\",\"@id\":\"https:\/\/amnissoshotel.com\/de\/#organization\",\"name\":\"Amnissos Residence\",\"url\":\"https:\/\/amnissoshotel.com\/de\/\",\"logo\":{\"@type\":\"ImageObject\",\"inLanguage\":\"de\",\"@id\":\"https:\/\/amnissoshotel.com\/de\/#\/schema\/logo\/image\/\",\"url\":\"https:\/\/amnissoshotel.com\/wp-content\/uploads\/logo-trans-light-1.png\",\"contentUrl\":\"https:\/\/amnissoshotel.com\/wp-content\/uploads\/logo-trans-light-1.png\",\"width\":512,\"height\":365,\"caption\":\"Amnissos Residence\"},\"image\":{\"@id\":\"https:\/\/amnissoshotel.com\/de\/#\/schema\/logo\/image\/\"},\"sameAs\":[\"https:\/\/www.facebook.com\/AmnissosResidence\",\"https:\/\/www.instagram.com\/amnissosresidence_rethymno\/\"]}]}<\/script>\n<!-- \/ Yoast SEO plugin. -->","yoast_head_json":{"title":"Besichtigung - Amnissos Residence","robots":{"index":"index","follow":"follow","max-snippet":"max-snippet:-1","max-image-preview":"max-image-preview:large","max-video-preview":"max-video-preview:-1"},"canonical":"https:\/\/amnissoshotel.com\/de\/lage\/besichtigung\/","og_locale":"de_DE","og_type":"article","og_title":"Besichtigung - Amnissos Residence","og_description":"Kloster Arkadi:\u2028 Es wurde im 14. Jahrhundert erbaut. Arkadi, eines der wichtigsten Kl\u00f6ster in Rethymnon, war das Zentrum der Aktionen im Krieg zwischen Kreta und der T\u00fcrkei. Es war ein Zufluchtsort f\u00fcr kretische K\u00e4mpfer. Der Holocaust des Klosters war der gro\u00dfe Start f\u00fcr die griechische Unabh\u00e4ngigkeit. Die Entfernung vom Hotel betr\u00e4gt 15 km und 23 [&hellip;]","og_url":"https:\/\/amnissoshotel.com\/de\/lage\/besichtigung\/","og_site_name":"Amnissos Residence","article_publisher":"https:\/\/www.facebook.com\/AmnissosResidence","article_modified_time":"2023-04-23T17:46:14+00:00","og_image":[{"width":2048,"height":1360,"url":"https:\/\/amnissoshotel.com\/wp-content\/uploads\/2016\/03\/DSC_0343.jpg","type":"image\/jpeg"}],"twitter_card":"summary_large_image","twitter_misc":{"Gesch\u00e4tzte Lesezeit":"2\u00a0Minuten"},"schema":{"@context":"https:\/\/schema.org","@graph":[{"@type":"WebPage","@id":"https:\/\/amnissoshotel.com\/de\/lage\/besichtigung\/","url":"https:\/\/amnissoshotel.com\/de\/lage\/besichtigung\/","name":"Besichtigung - Amnissos Residence","isPartOf":{"@id":"https:\/\/amnissoshotel.com\/de\/#website"},"primaryImageOfPage":{"@id":"https:\/\/amnissoshotel.com\/de\/lage\/besichtigung\/#primaryimage"},"image":{"@id":"https:\/\/amnissoshotel.com\/de\/lage\/besichtigung\/#primaryimage"},"thumbnailUrl":"https:\/\/amnissoshotel.com\/wp-content\/uploads\/2016\/03\/DSC_0343.jpg","datePublished":"2022-06-14T19:30:40+00:00","dateModified":"2023-04-23T17:46:14+00:00","breadcrumb":{"@id":"https:\/\/amnissoshotel.com\/de\/lage\/besichtigung\/#breadcrumb"},"inLanguage":"de","potentialAction":[{"@type":"ReadAction","target":["https:\/\/amnissoshotel.com\/de\/lage\/besichtigung\/"]}]},{"@type":"ImageObject","inLanguage":"de","@id":"https:\/\/amnissoshotel.com\/de\/lage\/besichtigung\/#primaryimage","url":"https:\/\/amnissoshotel.com\/wp-content\/uploads\/2016\/03\/DSC_0343.jpg","contentUrl":"https:\/\/amnissoshotel.com\/wp-content\/uploads\/2016\/03\/DSC_0343.jpg","width":2048,"height":1360},{"@type":"BreadcrumbList","@id":"https:\/\/amnissoshotel.com\/de\/lage\/besichtigung\/#breadcrumb","itemListElement":[{"@type":"ListItem","position":1,"name":"Home","item":"https:\/\/amnissoshotel.com\/de\/"},{"@type":"ListItem","position":2,"name":"Lage","item":"https:\/\/amnissoshotel.com\/de\/lage\/"},{"@type":"ListItem","position":3,"name":"Besichtigung"}]},{"@type":"WebSite","@id":"https:\/\/amnissoshotel.com\/de\/#website","url":"https:\/\/amnissoshotel.com\/de\/","name":"Amnissos Residence","description":"Hotel in Rethymno","publisher":{"@id":"https:\/\/amnissoshotel.com\/de\/#organization"},"potentialAction":[{"@type":"SearchAction","target":{"@type":"EntryPoint","urlTemplate":"https:\/\/amnissoshotel.com\/de\/?s={search_term_string}"},"query-input":{"@type":"PropertyValueSpecification","valueRequired":true,"valueName":"search_term_string"}}],"inLanguage":"de"},{"@type":"Organization","@id":"https:\/\/amnissoshotel.com\/de\/#organization","name":"Amnissos Residence","url":"https:\/\/amnissoshotel.com\/de\/","logo":{"@type":"ImageObject","inLanguage":"de","@id":"https:\/\/amnissoshotel.com\/de\/#\/schema\/logo\/image\/","url":"https:\/\/amnissoshotel.com\/wp-content\/uploads\/logo-trans-light-1.png","contentUrl":"https:\/\/amnissoshotel.com\/wp-content\/uploads\/logo-trans-light-1.png","width":512,"height":365,"caption":"Amnissos Residence"},"image":{"@id":"https:\/\/amnissoshotel.com\/de\/#\/schema\/logo\/image\/"},"sameAs":["https:\/\/www.facebook.com\/AmnissosResidence","https:\/\/www.instagram.com\/amnissosresidence_rethymno\/"]}]}},"_links":{"self":[{"href":"https:\/\/amnissoshotel.com\/de\/wp-json\/wp\/v2\/pages\/24627","targetHints":{"allow":["GET"]}}],"collection":[{"href":"https:\/\/amnissoshotel.com\/de\/wp-json\/wp\/v2\/pages"}],"about":[{"href":"https:\/\/amnissoshotel.com\/de\/wp-json\/wp\/v2\/types\/page"}],"author":[{"embeddable":true,"href":"https:\/\/amnissoshotel.com\/de\/wp-json\/wp\/v2\/users\/1"}],"replies":[{"embeddable":true,"href":"https:\/\/amnissoshotel.com\/de\/wp-json\/wp\/v2\/comments?post=24627"}],"version-history":[{"count":0,"href":"https:\/\/amnissoshotel.com\/de\/wp-json\/wp\/v2\/pages\/24627\/revisions"}],"up":[{"embeddable":true,"href":"https:\/\/amnissoshotel.com\/de\/wp-json\/wp\/v2\/pages\/24674"}],"wp:featuredmedia":[{"embeddable":true,"href":"https:\/\/amnissoshotel.com\/de\/wp-json\/wp\/v2\/media\/22858"}],"wp:attachment":[{"href":"https:\/\/amnissoshotel.com\/de\/wp-json\/wp\/v2\/media?parent=24627"}],"curies":[{"name":"wp","href":"https:\/\/api.w.org\/{rel}","templated":true}]}}