{"id":24682,"date":"2022-06-14T19:47:22","date_gmt":"2022-06-14T19:47:22","guid":{"rendered":"https:\/\/www.amnissoshotel.com\/covid-19-announcement\/"},"modified":"2023-04-23T17:36:34","modified_gmt":"2023-04-23T17:36:34","slug":"covid-19-announcement","status":"publish","type":"page","link":"https:\/\/amnissoshotel.com\/de\/kontakt\/covid-19-announcement\/","title":{"rendered":"Covid-19 Mitteilung"},"content":{"rendered":"\t\t<div data-elementor-type=\"wp-page\" data-elementor-id=\"24682\" class=\"elementor elementor-24682 elementor-17424\" data-elementor-post-type=\"page\">\n\t\t\t\t\t\t<section class=\"elementor-section elementor-top-section elementor-element elementor-element-41e8055 elementor-section-boxed elementor-section-height-default elementor-section-height-default\" data-id=\"41e8055\" data-element_type=\"section\">\n\t\t\t\t\t\t<div class=\"elementor-container elementor-column-gap-default\">\n\t\t\t\t\t<div class=\"elementor-column elementor-col-100 elementor-top-column elementor-element elementor-element-78a3850\" data-id=\"78a3850\" data-element_type=\"column\">\n\t\t\t<div class=\"elementor-widget-wrap elementor-element-populated\">\n\t\t\t\t\t\t<div class=\"elementor-element elementor-element-ba9622e elementor-widget elementor-widget-heading\" data-id=\"ba9622e\" data-element_type=\"widget\" data-widget_type=\"heading.default\">\n\t\t\t\t<div class=\"elementor-widget-container\">\n\t\t\t\t\t<h6 class=\"elementor-heading-title elementor-size-default\">LAST UPDATED: 18-02-2021\n<\/h6>\t\t\t\t<\/div>\n\t\t\t\t<\/div>\n\t\t\t\t<div class=\"elementor-element elementor-element-55b4080 elementor-widget elementor-widget-heading\" data-id=\"55b4080\" data-element_type=\"widget\" data-widget_type=\"heading.default\">\n\t\t\t\t<div class=\"elementor-widget-container\">\n\t\t\t\t\t<h2 class=\"elementor-heading-title elementor-size-default\">Liebe G\u00e4ste,\n<\/h2>\t\t\t\t<\/div>\n\t\t\t\t<\/div>\n\t\t\t\t<div class=\"elementor-element elementor-element-c93d35f elementor-widget elementor-widget-text-editor\" data-id=\"c93d35f\" data-element_type=\"widget\" data-widget_type=\"text-editor.default\">\n\t\t\t\t<div class=\"elementor-widget-container\">\n\t\t\t\t\t\t\t\t\tDas Hotel Amnissos Residence in der Stadt Rethymno ist weiterhin ge\u00f6ffnet.\nWir sind f\u00fcr Sie da, um Ihnen einen exzellenten Aufenthalt zu bescheren. An dieser Stelle scheint es uns angebracht, Sie \u00fcber die Ma\u00dfnahmen zu unterrichten, die wir ergriffen haben, um Ihre Gesundheit und Sicherheit in unseren Unterk\u00fcnften zu gew\u00e4hrleisten. Unser Personal h\u00e4lt sich beim Reinigen s\u00e4mtlicher Bereiche in der Anlage streng an die vorgegebenen Hygiene- und Desinfektionsvorschriften.\t\t\t\t\t\t\t\t<\/div>\n\t\t\t\t<\/div>\n\t\t\t\t<div class=\"elementor-element elementor-element-f22a904 elementor-widget elementor-widget-image\" data-id=\"f22a904\" data-element_type=\"widget\" data-widget_type=\"image.default\">\n\t\t\t\t<div class=\"elementor-widget-container\">\n\t\t\t\t\t\t\t\t\t\t\t\t\t\t\t<img fetchpriority=\"high\" decoding=\"async\" width=\"1024\" height=\"724\" src=\"https:\/\/amnissoshotel.com\/wp-content\/uploads\/01-2-1024x724.jpg\" class=\"attachment-large size-large wp-image-24347\" alt=\"\" srcset=\"https:\/\/amnissoshotel.com\/wp-content\/uploads\/01-2-1024x724.jpg 1024w, https:\/\/amnissoshotel.com\/wp-content\/uploads\/01-2-300x212.jpg 300w, https:\/\/amnissoshotel.com\/wp-content\/uploads\/01-2-200x141.jpg 200w, https:\/\/amnissoshotel.com\/wp-content\/uploads\/01-2-400x283.jpg 400w, https:\/\/amnissoshotel.com\/wp-content\/uploads\/01-2-600x424.jpg 600w, https:\/\/amnissoshotel.com\/wp-content\/uploads\/01-2-800x565.jpg 800w, https:\/\/amnissoshotel.com\/wp-content\/uploads\/01-2.jpg 1122w\" sizes=\"(max-width: 1024px) 100vw, 1024px\" \/>\t\t\t\t\t\t\t\t\t\t\t\t\t\t\t<\/div>\n\t\t\t\t<\/div>\n\t\t\t\t<div class=\"elementor-element elementor-element-4b9f47a elementor-widget elementor-widget-text-editor\" data-id=\"4b9f47a\" data-element_type=\"widget\" data-widget_type=\"text-editor.default\">\n\t\t\t\t<div class=\"elementor-widget-container\">\n\t\t\t\t\t\t\t\t\t<p>Das Hotel befolgt die von der griechischen Regierung empfohlenen Gesundheitsrichtlinien.<br \/>Diese Richtlinien sehen Folgendes vor:<br \/>Regelm\u00e4\u00dfiges Training des Personals im Bereich der Hygiene.<br \/>Genau festgelegte Reinigungs- und Desinfektionszyklen in allen Bereichen. Gut sichtbar angebrachte Desinfektionsspender.<br \/>Regelm\u00e4\u00dfige Reinigung und S\u00e4uberung von frequentierten Bereichen und Fl\u00e4chen, unter anderem Korridore, Treppen und Aufz\u00fcge.<br \/>Sofortiges Reagieren bei Notfallreinigungen.<br \/>Das ganze Hotelpersonal hat an von der medizinischen Fakult\u00e4t der Universit\u00e4t Kreta veranstalteten Seminaren zur Bek\u00e4mpfung von Covid-19 teilgenommen und die entsprechende Zertifizierung erhalten.<br \/>Unser Hotel arbeitet, wie es in den Gesundheitsvorschriften festgelegt ist, mit einem auf Covid-19 spezialisierten Arzt zusammen.<br \/>Unter Ber\u00fccksichtigung der Anforderungen des neuen Coronavirus (Covid-19) haben wir verschiedene Schutzma\u00dfnahmen durchgef\u00fchrt, wodurch in Verbindung mit den entsprechenden Hygienema\u00dfnahmen und Betriebsvorschriften das Wohlergehen unserer Besucher w\u00e4hrend ihres Aufenthalts bei uns gew\u00e4hrleistet ist.<\/p><p>Diese Schutzma\u00dfnahmen umfassen Folgendes:<br \/>An der Rezeption wurde zum Schutz der G\u00e4ste und des Personals eine Schutzscheibe aufgestellt.<br \/>In allen Gemeinschaftsbereichen des Hotels wurden Desinfektionsspender aufgestellt.<br \/>In \u00dcbereinstimmung mit den gesetzlich vorgeschriebenen Hygienevorschriften muss in allen Hotelbereichen ein Sicherheitsabstand von 2 Metern eingehalten werden. Aus diesem Grund wurden am Fu\u00dfboden und an den W\u00e4nden zweckm\u00e4\u00dfige Markierungen angebracht, um G\u00e4sten und Personal diese Notwendigkeit diskret in Erinnerung zu rufen. Unsere G\u00e4ste werden bei ihrer Ankunft mit Masken und Desinfektionsgel versorgt. Die Speisen am Restaurant-Buffet, sowie Kaffee, Fruchts\u00e4fte und Erfrischungsgetr\u00e4nke am Hauptpool des Hotels werden von unserem Bedienungspersonal serviert.<br \/>In s\u00e4mtlichen Innen- und Au\u00dfenbereichen des Hotels und in den G\u00e4stezimmern wurde von einer Sch\u00e4dlingsbek\u00e4mpfungsfirma eine zertifizierte Sch\u00e4dlingsbek\u00e4mpfung durchgef\u00fchrt und jedes Zimmer mit der Fogger-Methode desinfiziert.<br \/>Es werden fortw\u00e4hrend Ma\u00dfnahmen zur regelm\u00e4\u00dfigen Reinigung und Desinfektion aller Hotelbereiche ergriffen.<br \/>Unser Personal ist mit Masken und Handschuhen ausgestattet und h\u00e4lt jederzeit die Sicherheitsprotokolle ein.<br \/>Im Rahmen unserer Verpflichtung, die Gesundheit und das Wohlergehen unserer G\u00e4ste, Angestellten und der Allgemeinheit zu sch\u00fctzen und zu f\u00f6rdern, verfolgen wir aufmerksam die Entwicklung im Zusammenhang mit dem neuen Coronavirus (Covid-19),<br \/>und informieren uns regelm\u00e4\u00dfig \u00fcber die neuen Verordnungen und Richtlinien der nationalen Gesundheitsbeh\u00f6rde und des Gesundheitsministeriums sowie sonstiger nationaler und europ\u00e4ischer Organisationen.<br \/>Gemessen an den Richtlinien, die wir erhielten, und dank unserer best\u00e4ndigen Bereitschaft k\u00f6nnen wir zuversichtlich sein, dass unsere Unterk\u00fcnfte und Dienstleistungen sicher sind und unser Team bereit ist, die G\u00e4ste zu bedienen.<br \/>Wir sind stolz darauf, dass unsere Hotelangestellten unter diesen bisher nicht bekannten Umst\u00e4nden ein hohes Ma\u00df an pers\u00f6nlicher, sozialer und professioneller Verantwortung zeigen. Sie halten nicht nur die strengen Hygiene-, Betriebs- und Kommunikationsregeln ein, sie sind dar\u00fcber hinaus auch vorbildliche Gastgeber.<br \/>Wir freuen uns \u00fcber jeden Besucher, der uns durch seine Anwesenheit in unserer Anlage in Rethymno auf Kreta ehrt.<br \/>Hochachtungsvoll<br \/>Eleni Stratidaki-Kalligianni<br \/>Vorsitzende und Gesch\u00e4ftsf\u00fchrerin der AMNISSOS AG Pigianos Kampos, Rethymno, Kreta<\/p>\t\t\t\t\t\t\t\t<\/div>\n\t\t\t\t<\/div>\n\t\t\t\t\t<\/div>\n\t\t<\/div>\n\t\t\t\t\t<\/div>\n\t\t<\/section>\n\t\t\t\t<\/div>\n\t\t","protected":false},"excerpt":{"rendered":"<p>LAST UPDATED: 18-02-2021 Liebe G\u00e4ste, Das Hotel Amnissos Residence in der Stadt Rethymno ist weiterhin ge\u00f6ffnet. Wir sind f\u00fcr Sie da, um Ihnen einen exzellenten Aufenthalt zu bescheren. An dieser Stelle scheint es uns angebracht, Sie \u00fcber die Ma\u00dfnahmen zu unterrichten, die wir ergriffen haben, um Ihre Gesundheit und Sicherheit in unseren Unterk\u00fcnften zu gew\u00e4hrleisten. [&hellip;]<\/p>\n","protected":false},"author":5,"featured_media":31222,"parent":24677,"menu_order":0,"comment_status":"closed","ping_status":"closed","template":"","meta":{"site-sidebar-layout":"no-sidebar","site-content-layout":"page-builder","ast-site-content-layout":"default","site-content-style":"default","site-sidebar-style":"default","ast-global-header-display":"","ast-banner-title-visibility":"","ast-main-header-display":"","ast-hfb-above-header-display":"","ast-hfb-below-header-display":"","ast-hfb-mobile-header-display":"","site-post-title":"disabled","ast-breadcrumbs-content":"","ast-featured-img":"disabled","footer-sml-layout":"","theme-transparent-header-meta":"default","adv-header-id-meta":"","stick-header-meta":"default","header-above-stick-meta":"","header-main-stick-meta":"","header-below-stick-meta":"","astra-migrate-meta-layouts":"default","ast-page-background-enabled":"default","ast-page-background-meta":{"desktop":{"background-color":"","background-image":"","background-repeat":"repeat","background-position":"center center","background-size":"auto","background-attachment":"scroll","background-type":"","background-media":"","overlay-type":"","overlay-color":"","overlay-opacity":"","overlay-gradient":""},"tablet":{"background-color":"","background-image":"","background-repeat":"repeat","background-position":"center center","background-size":"auto","background-attachment":"scroll","background-type":"","background-media":"","overlay-type":"","overlay-color":"","overlay-opacity":"","overlay-gradient":""},"mobile":{"background-color":"","background-image":"","background-repeat":"repeat","background-position":"center center","background-size":"auto","background-attachment":"scroll","background-type":"","background-media":"","overlay-type":"","overlay-color":"","overlay-opacity":"","overlay-gradient":""}},"ast-content-background-meta":{"desktop":{"background-color":"var(--ast-global-color-5)","background-image":"","background-repeat":"repeat","background-position":"center center","background-size":"auto","background-attachment":"scroll","background-type":"","background-media":"","overlay-type":"","overlay-color":"","overlay-opacity":"","overlay-gradient":""},"tablet":{"background-color":"var(--ast-global-color-5)","background-image":"","background-repeat":"repeat","background-position":"center center","background-size":"auto","background-attachment":"scroll","background-type":"","background-media":"","overlay-type":"","overlay-color":"","overlay-opacity":"","overlay-gradient":""},"mobile":{"background-color":"var(--ast-global-color-5)","background-image":"","background-repeat":"repeat","background-position":"center center","background-size":"auto","background-attachment":"scroll","background-type":"","background-media":"","overlay-type":"","overlay-color":"","overlay-opacity":"","overlay-gradient":""}},"_glsr_average":0,"_glsr_ranking":0,"_glsr_reviews":0,"footnotes":""},"class_list":["post-24682","page","type-page","status-publish","has-post-thumbnail","hentry"],"yoast_head":"<!-- This site is optimized with the Yoast SEO plugin v25.3.1 - https:\/\/yoast.com\/wordpress\/plugins\/seo\/ -->\n<title>Covid-19 Mitteilung - Amnissos Residence<\/title>\n<meta name=\"robots\" content=\"index, follow, max-snippet:-1, max-image-preview:large, max-video-preview:-1\" \/>\n<link rel=\"canonical\" href=\"https:\/\/amnissoshotel.com\/de\/kontakt\/covid-19-announcement\/\" \/>\n<meta property=\"og:locale\" content=\"de_DE\" \/>\n<meta property=\"og:type\" content=\"article\" \/>\n<meta property=\"og:title\" content=\"Covid-19 Mitteilung - Amnissos Residence\" \/>\n<meta property=\"og:description\" content=\"LAST UPDATED: 18-02-2021 Liebe G\u00e4ste, Das Hotel Amnissos Residence in der Stadt Rethymno ist weiterhin ge\u00f6ffnet. Wir sind f\u00fcr Sie da, um Ihnen einen exzellenten Aufenthalt zu bescheren. An dieser Stelle scheint es uns angebracht, Sie \u00fcber die Ma\u00dfnahmen zu unterrichten, die wir ergriffen haben, um Ihre Gesundheit und Sicherheit in unseren Unterk\u00fcnften zu gew\u00e4hrleisten. [&hellip;]\" \/>\n<meta property=\"og:url\" content=\"https:\/\/amnissoshotel.com\/de\/kontakt\/covid-19-announcement\/\" \/>\n<meta property=\"og:site_name\" content=\"Amnissos Residence\" \/>\n<meta property=\"article:publisher\" content=\"https:\/\/www.facebook.com\/AmnissosResidence\" \/>\n<meta property=\"article:modified_time\" content=\"2023-04-23T17:36:34+00:00\" \/>\n<meta property=\"og:image\" content=\"https:\/\/amnissoshotel.com\/wp-content\/uploads\/swimming-pool3.jpg\" \/>\n\t<meta property=\"og:image:width\" content=\"1600\" \/>\n\t<meta property=\"og:image:height\" content=\"900\" \/>\n\t<meta property=\"og:image:type\" content=\"image\/jpeg\" \/>\n<meta name=\"twitter:card\" content=\"summary_large_image\" \/>\n<meta name=\"twitter:label1\" content=\"Gesch\u00e4tzte Lesezeit\" \/>\n\t<meta name=\"twitter:data1\" content=\"5\u00a0Minuten\" \/>\n<script type=\"application\/ld+json\" class=\"yoast-schema-graph\">{\"@context\":\"https:\/\/schema.org\",\"@graph\":[{\"@type\":\"WebPage\",\"@id\":\"https:\/\/amnissoshotel.com\/de\/kontakt\/covid-19-announcement\/\",\"url\":\"https:\/\/amnissoshotel.com\/de\/kontakt\/covid-19-announcement\/\",\"name\":\"Covid-19 Mitteilung - Amnissos Residence\",\"isPartOf\":{\"@id\":\"https:\/\/amnissoshotel.com\/de\/#website\"},\"primaryImageOfPage\":{\"@id\":\"https:\/\/amnissoshotel.com\/de\/kontakt\/covid-19-announcement\/#primaryimage\"},\"image\":{\"@id\":\"https:\/\/amnissoshotel.com\/de\/kontakt\/covid-19-announcement\/#primaryimage\"},\"thumbnailUrl\":\"https:\/\/amnissoshotel.com\/wp-content\/uploads\/swimming-pool-5-1.jpg\",\"datePublished\":\"2022-06-14T19:47:22+00:00\",\"dateModified\":\"2023-04-23T17:36:34+00:00\",\"breadcrumb\":{\"@id\":\"https:\/\/amnissoshotel.com\/de\/kontakt\/covid-19-announcement\/#breadcrumb\"},\"inLanguage\":\"de\",\"potentialAction\":[{\"@type\":\"ReadAction\",\"target\":[\"https:\/\/amnissoshotel.com\/de\/kontakt\/covid-19-announcement\/\"]}]},{\"@type\":\"ImageObject\",\"inLanguage\":\"de\",\"@id\":\"https:\/\/amnissoshotel.com\/de\/kontakt\/covid-19-announcement\/#primaryimage\",\"url\":\"https:\/\/amnissoshotel.com\/wp-content\/uploads\/swimming-pool-5-1.jpg\",\"contentUrl\":\"https:\/\/amnissoshotel.com\/wp-content\/uploads\/swimming-pool-5-1.jpg\",\"width\":1799,\"height\":1200},{\"@type\":\"BreadcrumbList\",\"@id\":\"https:\/\/amnissoshotel.com\/de\/kontakt\/covid-19-announcement\/#breadcrumb\",\"itemListElement\":[{\"@type\":\"ListItem\",\"position\":1,\"name\":\"Home\",\"item\":\"https:\/\/amnissoshotel.com\/de\/\"},{\"@type\":\"ListItem\",\"position\":2,\"name\":\"Kontakt\",\"item\":\"https:\/\/amnissoshotel.com\/de\/kontakt\/\"},{\"@type\":\"ListItem\",\"position\":3,\"name\":\"Covid-19 Mitteilung\"}]},{\"@type\":\"WebSite\",\"@id\":\"https:\/\/amnissoshotel.com\/de\/#website\",\"url\":\"https:\/\/amnissoshotel.com\/de\/\",\"name\":\"Amnissos Residence\",\"description\":\"Hotel in Rethymno\",\"publisher\":{\"@id\":\"https:\/\/amnissoshotel.com\/de\/#organization\"},\"potentialAction\":[{\"@type\":\"SearchAction\",\"target\":{\"@type\":\"EntryPoint\",\"urlTemplate\":\"https:\/\/amnissoshotel.com\/de\/?s={search_term_string}\"},\"query-input\":{\"@type\":\"PropertyValueSpecification\",\"valueRequired\":true,\"valueName\":\"search_term_string\"}}],\"inLanguage\":\"de\"},{\"@type\":\"Organization\",\"@id\":\"https:\/\/amnissoshotel.com\/de\/#organization\",\"name\":\"Amnissos Residence\",\"url\":\"https:\/\/amnissoshotel.com\/de\/\",\"logo\":{\"@type\":\"ImageObject\",\"inLanguage\":\"de\",\"@id\":\"https:\/\/amnissoshotel.com\/de\/#\/schema\/logo\/image\/\",\"url\":\"https:\/\/amnissoshotel.com\/wp-content\/uploads\/logo-trans-light-1.png\",\"contentUrl\":\"https:\/\/amnissoshotel.com\/wp-content\/uploads\/logo-trans-light-1.png\",\"width\":512,\"height\":365,\"caption\":\"Amnissos Residence\"},\"image\":{\"@id\":\"https:\/\/amnissoshotel.com\/de\/#\/schema\/logo\/image\/\"},\"sameAs\":[\"https:\/\/www.facebook.com\/AmnissosResidence\",\"https:\/\/www.instagram.com\/amnissosresidence_rethymno\/\"]}]}<\/script>\n<!-- \/ Yoast SEO plugin. -->","yoast_head_json":{"title":"Covid-19 Mitteilung - Amnissos Residence","robots":{"index":"index","follow":"follow","max-snippet":"max-snippet:-1","max-image-preview":"max-image-preview:large","max-video-preview":"max-video-preview:-1"},"canonical":"https:\/\/amnissoshotel.com\/de\/kontakt\/covid-19-announcement\/","og_locale":"de_DE","og_type":"article","og_title":"Covid-19 Mitteilung - Amnissos Residence","og_description":"LAST UPDATED: 18-02-2021 Liebe G\u00e4ste, Das Hotel Amnissos Residence in der Stadt Rethymno ist weiterhin ge\u00f6ffnet. Wir sind f\u00fcr Sie da, um Ihnen einen exzellenten Aufenthalt zu bescheren. An dieser Stelle scheint es uns angebracht, Sie \u00fcber die Ma\u00dfnahmen zu unterrichten, die wir ergriffen haben, um Ihre Gesundheit und Sicherheit in unseren Unterk\u00fcnften zu gew\u00e4hrleisten. [&hellip;]","og_url":"https:\/\/amnissoshotel.com\/de\/kontakt\/covid-19-announcement\/","og_site_name":"Amnissos Residence","article_publisher":"https:\/\/www.facebook.com\/AmnissosResidence","article_modified_time":"2023-04-23T17:36:34+00:00","og_image":[{"width":1600,"height":900,"url":"https:\/\/amnissoshotel.com\/wp-content\/uploads\/swimming-pool3.jpg","type":"image\/jpeg"}],"twitter_card":"summary_large_image","twitter_misc":{"Gesch\u00e4tzte Lesezeit":"5\u00a0Minuten"},"schema":{"@context":"https:\/\/schema.org","@graph":[{"@type":"WebPage","@id":"https:\/\/amnissoshotel.com\/de\/kontakt\/covid-19-announcement\/","url":"https:\/\/amnissoshotel.com\/de\/kontakt\/covid-19-announcement\/","name":"Covid-19 Mitteilung - Amnissos Residence","isPartOf":{"@id":"https:\/\/amnissoshotel.com\/de\/#website"},"primaryImageOfPage":{"@id":"https:\/\/amnissoshotel.com\/de\/kontakt\/covid-19-announcement\/#primaryimage"},"image":{"@id":"https:\/\/amnissoshotel.com\/de\/kontakt\/covid-19-announcement\/#primaryimage"},"thumbnailUrl":"https:\/\/amnissoshotel.com\/wp-content\/uploads\/swimming-pool-5-1.jpg","datePublished":"2022-06-14T19:47:22+00:00","dateModified":"2023-04-23T17:36:34+00:00","breadcrumb":{"@id":"https:\/\/amnissoshotel.com\/de\/kontakt\/covid-19-announcement\/#breadcrumb"},"inLanguage":"de","potentialAction":[{"@type":"ReadAction","target":["https:\/\/amnissoshotel.com\/de\/kontakt\/covid-19-announcement\/"]}]},{"@type":"ImageObject","inLanguage":"de","@id":"https:\/\/amnissoshotel.com\/de\/kontakt\/covid-19-announcement\/#primaryimage","url":"https:\/\/amnissoshotel.com\/wp-content\/uploads\/swimming-pool-5-1.jpg","contentUrl":"https:\/\/amnissoshotel.com\/wp-content\/uploads\/swimming-pool-5-1.jpg","width":1799,"height":1200},{"@type":"BreadcrumbList","@id":"https:\/\/amnissoshotel.com\/de\/kontakt\/covid-19-announcement\/#breadcrumb","itemListElement":[{"@type":"ListItem","position":1,"name":"Home","item":"https:\/\/amnissoshotel.com\/de\/"},{"@type":"ListItem","position":2,"name":"Kontakt","item":"https:\/\/amnissoshotel.com\/de\/kontakt\/"},{"@type":"ListItem","position":3,"name":"Covid-19 Mitteilung"}]},{"@type":"WebSite","@id":"https:\/\/amnissoshotel.com\/de\/#website","url":"https:\/\/amnissoshotel.com\/de\/","name":"Amnissos Residence","description":"Hotel in Rethymno","publisher":{"@id":"https:\/\/amnissoshotel.com\/de\/#organization"},"potentialAction":[{"@type":"SearchAction","target":{"@type":"EntryPoint","urlTemplate":"https:\/\/amnissoshotel.com\/de\/?s={search_term_string}"},"query-input":{"@type":"PropertyValueSpecification","valueRequired":true,"valueName":"search_term_string"}}],"inLanguage":"de"},{"@type":"Organization","@id":"https:\/\/amnissoshotel.com\/de\/#organization","name":"Amnissos Residence","url":"https:\/\/amnissoshotel.com\/de\/","logo":{"@type":"ImageObject","inLanguage":"de","@id":"https:\/\/amnissoshotel.com\/de\/#\/schema\/logo\/image\/","url":"https:\/\/amnissoshotel.com\/wp-content\/uploads\/logo-trans-light-1.png","contentUrl":"https:\/\/amnissoshotel.com\/wp-content\/uploads\/logo-trans-light-1.png","width":512,"height":365,"caption":"Amnissos Residence"},"image":{"@id":"https:\/\/amnissoshotel.com\/de\/#\/schema\/logo\/image\/"},"sameAs":["https:\/\/www.facebook.com\/AmnissosResidence","https:\/\/www.instagram.com\/amnissosresidence_rethymno\/"]}]}},"_links":{"self":[{"href":"https:\/\/amnissoshotel.com\/de\/wp-json\/wp\/v2\/pages\/24682","targetHints":{"allow":["GET"]}}],"collection":[{"href":"https:\/\/amnissoshotel.com\/de\/wp-json\/wp\/v2\/pages"}],"about":[{"href":"https:\/\/amnissoshotel.com\/de\/wp-json\/wp\/v2\/types\/page"}],"author":[{"embeddable":true,"href":"https:\/\/amnissoshotel.com\/de\/wp-json\/wp\/v2\/users\/5"}],"replies":[{"embeddable":true,"href":"https:\/\/amnissoshotel.com\/de\/wp-json\/wp\/v2\/comments?post=24682"}],"version-history":[{"count":0,"href":"https:\/\/amnissoshotel.com\/de\/wp-json\/wp\/v2\/pages\/24682\/revisions"}],"up":[{"embeddable":true,"href":"https:\/\/amnissoshotel.com\/de\/wp-json\/wp\/v2\/pages\/24677"}],"wp:featuredmedia":[{"embeddable":true,"href":"https:\/\/amnissoshotel.com\/de\/wp-json\/wp\/v2\/media\/31222"}],"wp:attachment":[{"href":"https:\/\/amnissoshotel.com\/de\/wp-json\/wp\/v2\/media?parent=24682"}],"curies":[{"name":"wp","href":"https:\/\/api.w.org\/{rel}","templated":true}]}}