{"id":26822,"date":"2022-11-21T10:08:23","date_gmt":"2022-11-21T10:08:23","guid":{"rendered":"https:\/\/www.amnissoshotel.com\/?page_id=26822"},"modified":"2023-08-28T20:44:53","modified_gmt":"2023-08-28T20:44:53","slug":"umweltbewusstsein","status":"publish","type":"page","link":"https:\/\/amnissoshotel.com\/de\/the-hotel\/umweltbewusstsein\/","title":{"rendered":"Umweltbewusstsein"},"content":{"rendered":"\t\t<div data-elementor-type=\"wp-page\" data-elementor-id=\"26822\" class=\"elementor elementor-26822 elementor-26821\" data-elementor-post-type=\"page\">\n\t\t\t\t\t\t<section class=\"elementor-section elementor-top-section elementor-element elementor-element-ebb557d elementor-section-boxed elementor-section-height-default elementor-section-height-default\" data-id=\"ebb557d\" data-element_type=\"section\">\n\t\t\t\t\t\t<div class=\"elementor-container elementor-column-gap-default\">\n\t\t\t\t\t<div class=\"elementor-column elementor-col-100 elementor-top-column elementor-element elementor-element-b47df2a\" data-id=\"b47df2a\" data-element_type=\"column\">\n\t\t\t<div class=\"elementor-widget-wrap elementor-element-populated\">\n\t\t\t\t\t\t<div class=\"elementor-element elementor-element-bcb78f8 elementor-widget elementor-widget-text-editor\" data-id=\"bcb78f8\" data-element_type=\"widget\" data-widget_type=\"text-editor.default\">\n\t\t\t\t<div class=\"elementor-widget-container\">\n\t\t\t\t\t\t\t\t\t<p>Umweltbewusstsein<\/p><p>Das Gebiet von Rethymno wurde in den letzten Jahren von einem Mangel an nat\u00fcrlichen Ressourcen (Wasserversorgung &amp; Strom) geplagt. Die geografische Lage der Pr\u00e4fektur in Bezug auf die Bewahrung des wertvollen \u00f6kologischen Erbes und das Bewusstsein ihrer Einwohner macht sie bei der Stromerzeugung immer autonom.<\/p><p>Da wir in unserem Hotel umweltbewusst sind, haben wir Folgendes festgelegt und halten uns daran:<\/p><p>In den Badezimmern wurden Warnschilder angebracht, um kein Wasser zu verschwenden.<\/p><p>Um Energie zu sparen, wurden passive Systeme implementiert, d.h. Ausrichtung des Geb\u00e4udes auf der N-N-Achse, Anwendung von Doppelverglasung, gro\u00dfe Dicke des Au\u00dfenmauerwerks, W\u00e4rmed\u00e4mmung von W\u00e4nden und Strukturelementen, W\u00e4rmed\u00e4mmung von Dach und Dach, Nutzung von Energie -Sparlampen, gute Bel\u00fcftung des Raumes, Fenster mit Innenjalousien (Rolll\u00e4den).<\/p><p>Au\u00dferdem werden in den Zimmern\/Appartements energiesparende Magnetkarten verwendet. Ihr Einsatz vermeidet unbedachten Stromverbrauch und minimiert die Brandgefahr.<\/p><p>Im Neubau sind (wie in den Vorg\u00e4ngerbauten) alle Fenster doppelverglast und alle Au\u00dfenrahmen aus Aluminium.<\/p><p>Der Typ \u201eLED\u201c wurde f\u00fcr einige der Lampen und Lampen in der Unterkunft mit hoher Energieeffizienz sorgf\u00e4ltig ausgew\u00e4hlt.<\/p><p>Wei\u00dfe Mauerfarbe wurde verwendet, um die Reflexion der Sonne zu maximieren und den Temperaturanstieg in den Innenr\u00e4umen zu minimieren.<\/p><p>F\u00fcr die Schadstofffreiheit der Au\u00dfenbereiche wurden Schilder aufgestellt.<\/p><p>Die Umgebung wurde bepflanzt, um die Pflanzfl\u00e4che zu maximieren.<\/p><p>Wir recyceln Papier, Plastik, Glas und Metall.<\/p><p>Brosch\u00fcren zum Umwelt- und Kulturbewusstsein wurden erstellt und verteilt, sowohl an unsere Mitarbeiter als auch an unsere Partner\/Lieferanten, die auch an unsere Kunden verteilt werden.<\/p><p>Die Besucher konnten w\u00e4hrend ihres Aufenthalts zumindest das Bewusstsein f\u00fcr die Schonung der nat\u00fcrlichen Ressourcen der Insel demonstrieren.<\/p><p>Sie k\u00f6nnten elektrische Ger\u00e4te aus- oder ausschalten, wenn sie nicht benutzt werden (Fernseher, Klimaanlagen, Laptops usw.), den Wasserhahn im Waschbecken aufdrehen, w\u00e4hrend sie sich die Z\u00e4hne putzen, oder sogar die Wasserh\u00e4hne in der Wohnung nicht offen lassen.<\/p><p>Au\u00dferdem k\u00f6nnen die G\u00e4ste nach R\u00fccksprache am Vortag entscheiden, die Bettw\u00e4sche und\/oder Handt\u00fccher nicht zu wechseln.<\/p><p>Von der Verwaltung,<\/p><p><strong>Amnissos Hotel<\/strong><\/p>\t\t\t\t\t\t\t\t<\/div>\n\t\t\t\t<\/div>\n\t\t\t\t\t<\/div>\n\t\t<\/div>\n\t\t\t\t\t<\/div>\n\t\t<\/section>\n\t\t\t\t<\/div>\n\t\t","protected":false},"excerpt":{"rendered":"<p>Umweltbewusstsein Das Gebiet von Rethymno wurde in den letzten Jahren von einem Mangel an nat\u00fcrlichen Ressourcen (Wasserversorgung &amp; Strom) geplagt. Die geografische Lage der Pr\u00e4fektur in Bezug auf die Bewahrung des wertvollen \u00f6kologischen Erbes und das Bewusstsein ihrer Einwohner macht sie bei der Stromerzeugung immer autonom. Da wir in unserem Hotel umweltbewusst sind, haben wir [&hellip;]<\/p>\n","protected":false},"author":5,"featured_media":31525,"parent":24669,"menu_order":0,"comment_status":"closed","ping_status":"closed","template":"","meta":{"site-sidebar-layout":"default","site-content-layout":"default","ast-site-content-layout":"default","site-content-style":"default","site-sidebar-style":"default","ast-global-header-display":"","ast-banner-title-visibility":"","ast-main-header-display":"","ast-hfb-above-header-display":"","ast-hfb-below-header-display":"","ast-hfb-mobile-header-display":"","site-post-title":"","ast-breadcrumbs-content":"","ast-featured-img":"","footer-sml-layout":"","theme-transparent-header-meta":"default","adv-header-id-meta":"","stick-header-meta":"default","header-above-stick-meta":"","header-main-stick-meta":"","header-below-stick-meta":"","astra-migrate-meta-layouts":"set","ast-page-background-enabled":"default","ast-page-background-meta":{"desktop":{"background-color":"","background-image":"","background-repeat":"repeat","background-position":"center center","background-size":"auto","background-attachment":"scroll","background-type":"","background-media":"","overlay-type":"","overlay-color":"","overlay-opacity":"","overlay-gradient":""},"tablet":{"background-color":"","background-image":"","background-repeat":"repeat","background-position":"center center","background-size":"auto","background-attachment":"scroll","background-type":"","background-media":"","overlay-type":"","overlay-color":"","overlay-opacity":"","overlay-gradient":""},"mobile":{"background-color":"","background-image":"","background-repeat":"repeat","background-position":"center center","background-size":"auto","background-attachment":"scroll","background-type":"","background-media":"","overlay-type":"","overlay-color":"","overlay-opacity":"","overlay-gradient":""}},"ast-content-background-meta":{"desktop":{"background-color":"var(--ast-global-color-5)","background-image":"","background-repeat":"repeat","background-position":"center center","background-size":"auto","background-attachment":"scroll","background-type":"","background-media":"","overlay-type":"","overlay-color":"","overlay-opacity":"","overlay-gradient":""},"tablet":{"background-color":"var(--ast-global-color-5)","background-image":"","background-repeat":"repeat","background-position":"center center","background-size":"auto","background-attachment":"scroll","background-type":"","background-media":"","overlay-type":"","overlay-color":"","overlay-opacity":"","overlay-gradient":""},"mobile":{"background-color":"var(--ast-global-color-5)","background-image":"","background-repeat":"repeat","background-position":"center center","background-size":"auto","background-attachment":"scroll","background-type":"","background-media":"","overlay-type":"","overlay-color":"","overlay-opacity":"","overlay-gradient":""}},"_glsr_average":0,"_glsr_ranking":0,"_glsr_reviews":0,"footnotes":""},"class_list":["post-26822","page","type-page","status-publish","has-post-thumbnail","hentry"],"yoast_head":"<!-- This site is optimized with the Yoast SEO plugin v25.3.1 - https:\/\/yoast.com\/wordpress\/plugins\/seo\/ -->\n<title>Umweltbewusstsein - Amnissos Residence<\/title>\n<meta name=\"robots\" content=\"index, follow, max-snippet:-1, max-image-preview:large, max-video-preview:-1\" \/>\n<link rel=\"canonical\" href=\"https:\/\/amnissoshotel.com\/de\/the-hotel\/umweltbewusstsein\/\" \/>\n<meta property=\"og:locale\" content=\"de_DE\" \/>\n<meta property=\"og:type\" content=\"article\" \/>\n<meta property=\"og:title\" content=\"Umweltbewusstsein - Amnissos Residence\" \/>\n<meta property=\"og:description\" content=\"Umweltbewusstsein Das Gebiet von Rethymno wurde in den letzten Jahren von einem Mangel an nat\u00fcrlichen Ressourcen (Wasserversorgung &amp; Strom) geplagt. Die geografische Lage der Pr\u00e4fektur in Bezug auf die Bewahrung des wertvollen \u00f6kologischen Erbes und das Bewusstsein ihrer Einwohner macht sie bei der Stromerzeugung immer autonom. Da wir in unserem Hotel umweltbewusst sind, haben wir [&hellip;]\" \/>\n<meta property=\"og:url\" content=\"https:\/\/amnissoshotel.com\/de\/the-hotel\/umweltbewusstsein\/\" \/>\n<meta property=\"og:site_name\" content=\"Amnissos Residence\" \/>\n<meta property=\"article:publisher\" content=\"https:\/\/www.facebook.com\/AmnissosResidence\" \/>\n<meta property=\"article:modified_time\" content=\"2023-08-28T20:44:53+00:00\" \/>\n<meta property=\"og:image\" content=\"https:\/\/amnissoshotel.com\/wp-content\/uploads\/swimming-pool-8-1-2.jpg\" \/>\n\t<meta property=\"og:image:width\" content=\"1799\" \/>\n\t<meta property=\"og:image:height\" content=\"1200\" \/>\n\t<meta property=\"og:image:type\" content=\"image\/jpeg\" \/>\n<meta name=\"twitter:card\" content=\"summary_large_image\" \/>\n<meta name=\"twitter:label1\" content=\"Gesch\u00e4tzte Lesezeit\" \/>\n\t<meta name=\"twitter:data1\" content=\"2\u00a0Minuten\" \/>\n<script type=\"application\/ld+json\" class=\"yoast-schema-graph\">{\"@context\":\"https:\/\/schema.org\",\"@graph\":[{\"@type\":\"WebPage\",\"@id\":\"https:\/\/amnissoshotel.com\/de\/the-hotel\/umweltbewusstsein\/\",\"url\":\"https:\/\/amnissoshotel.com\/de\/the-hotel\/umweltbewusstsein\/\",\"name\":\"Umweltbewusstsein - Amnissos Residence\",\"isPartOf\":{\"@id\":\"https:\/\/amnissoshotel.com\/de\/#website\"},\"primaryImageOfPage\":{\"@id\":\"https:\/\/amnissoshotel.com\/de\/the-hotel\/umweltbewusstsein\/#primaryimage\"},\"image\":{\"@id\":\"https:\/\/amnissoshotel.com\/de\/the-hotel\/umweltbewusstsein\/#primaryimage\"},\"thumbnailUrl\":\"https:\/\/amnissoshotel.com\/wp-content\/uploads\/swimming-pool-8-1-2.jpg\",\"datePublished\":\"2022-11-21T10:08:23+00:00\",\"dateModified\":\"2023-08-28T20:44:53+00:00\",\"breadcrumb\":{\"@id\":\"https:\/\/amnissoshotel.com\/de\/the-hotel\/umweltbewusstsein\/#breadcrumb\"},\"inLanguage\":\"de\",\"potentialAction\":[{\"@type\":\"ReadAction\",\"target\":[\"https:\/\/amnissoshotel.com\/de\/the-hotel\/umweltbewusstsein\/\"]}]},{\"@type\":\"ImageObject\",\"inLanguage\":\"de\",\"@id\":\"https:\/\/amnissoshotel.com\/de\/the-hotel\/umweltbewusstsein\/#primaryimage\",\"url\":\"https:\/\/amnissoshotel.com\/wp-content\/uploads\/swimming-pool-8-1-2.jpg\",\"contentUrl\":\"https:\/\/amnissoshotel.com\/wp-content\/uploads\/swimming-pool-8-1-2.jpg\",\"width\":1799,\"height\":1200},{\"@type\":\"BreadcrumbList\",\"@id\":\"https:\/\/amnissoshotel.com\/de\/the-hotel\/umweltbewusstsein\/#breadcrumb\",\"itemListElement\":[{\"@type\":\"ListItem\",\"position\":1,\"name\":\"Home\",\"item\":\"https:\/\/amnissoshotel.com\/de\/\"},{\"@type\":\"ListItem\",\"position\":2,\"name\":\"Hotel\",\"item\":\"https:\/\/amnissoshotel.com\/de\/the-hotel\/\"},{\"@type\":\"ListItem\",\"position\":3,\"name\":\"Umweltbewusstsein\"}]},{\"@type\":\"WebSite\",\"@id\":\"https:\/\/amnissoshotel.com\/de\/#website\",\"url\":\"https:\/\/amnissoshotel.com\/de\/\",\"name\":\"Amnissos Residence\",\"description\":\"Hotel in Rethymno\",\"publisher\":{\"@id\":\"https:\/\/amnissoshotel.com\/de\/#organization\"},\"potentialAction\":[{\"@type\":\"SearchAction\",\"target\":{\"@type\":\"EntryPoint\",\"urlTemplate\":\"https:\/\/amnissoshotel.com\/de\/?s={search_term_string}\"},\"query-input\":{\"@type\":\"PropertyValueSpecification\",\"valueRequired\":true,\"valueName\":\"search_term_string\"}}],\"inLanguage\":\"de\"},{\"@type\":\"Organization\",\"@id\":\"https:\/\/amnissoshotel.com\/de\/#organization\",\"name\":\"Amnissos Residence\",\"url\":\"https:\/\/amnissoshotel.com\/de\/\",\"logo\":{\"@type\":\"ImageObject\",\"inLanguage\":\"de\",\"@id\":\"https:\/\/amnissoshotel.com\/de\/#\/schema\/logo\/image\/\",\"url\":\"https:\/\/amnissoshotel.com\/wp-content\/uploads\/logo-trans-light-1.png\",\"contentUrl\":\"https:\/\/amnissoshotel.com\/wp-content\/uploads\/logo-trans-light-1.png\",\"width\":512,\"height\":365,\"caption\":\"Amnissos Residence\"},\"image\":{\"@id\":\"https:\/\/amnissoshotel.com\/de\/#\/schema\/logo\/image\/\"},\"sameAs\":[\"https:\/\/www.facebook.com\/AmnissosResidence\",\"https:\/\/www.instagram.com\/amnissosresidence_rethymno\/\"]}]}<\/script>\n<!-- \/ Yoast SEO plugin. -->","yoast_head_json":{"title":"Umweltbewusstsein - Amnissos Residence","robots":{"index":"index","follow":"follow","max-snippet":"max-snippet:-1","max-image-preview":"max-image-preview:large","max-video-preview":"max-video-preview:-1"},"canonical":"https:\/\/amnissoshotel.com\/de\/the-hotel\/umweltbewusstsein\/","og_locale":"de_DE","og_type":"article","og_title":"Umweltbewusstsein - Amnissos Residence","og_description":"Umweltbewusstsein Das Gebiet von Rethymno wurde in den letzten Jahren von einem Mangel an nat\u00fcrlichen Ressourcen (Wasserversorgung &amp; Strom) geplagt. Die geografische Lage der Pr\u00e4fektur in Bezug auf die Bewahrung des wertvollen \u00f6kologischen Erbes und das Bewusstsein ihrer Einwohner macht sie bei der Stromerzeugung immer autonom. Da wir in unserem Hotel umweltbewusst sind, haben wir [&hellip;]","og_url":"https:\/\/amnissoshotel.com\/de\/the-hotel\/umweltbewusstsein\/","og_site_name":"Amnissos Residence","article_publisher":"https:\/\/www.facebook.com\/AmnissosResidence","article_modified_time":"2023-08-28T20:44:53+00:00","og_image":[{"width":1799,"height":1200,"url":"https:\/\/amnissoshotel.com\/wp-content\/uploads\/swimming-pool-8-1-2.jpg","type":"image\/jpeg"}],"twitter_card":"summary_large_image","twitter_misc":{"Gesch\u00e4tzte Lesezeit":"2\u00a0Minuten"},"schema":{"@context":"https:\/\/schema.org","@graph":[{"@type":"WebPage","@id":"https:\/\/amnissoshotel.com\/de\/the-hotel\/umweltbewusstsein\/","url":"https:\/\/amnissoshotel.com\/de\/the-hotel\/umweltbewusstsein\/","name":"Umweltbewusstsein - Amnissos Residence","isPartOf":{"@id":"https:\/\/amnissoshotel.com\/de\/#website"},"primaryImageOfPage":{"@id":"https:\/\/amnissoshotel.com\/de\/the-hotel\/umweltbewusstsein\/#primaryimage"},"image":{"@id":"https:\/\/amnissoshotel.com\/de\/the-hotel\/umweltbewusstsein\/#primaryimage"},"thumbnailUrl":"https:\/\/amnissoshotel.com\/wp-content\/uploads\/swimming-pool-8-1-2.jpg","datePublished":"2022-11-21T10:08:23+00:00","dateModified":"2023-08-28T20:44:53+00:00","breadcrumb":{"@id":"https:\/\/amnissoshotel.com\/de\/the-hotel\/umweltbewusstsein\/#breadcrumb"},"inLanguage":"de","potentialAction":[{"@type":"ReadAction","target":["https:\/\/amnissoshotel.com\/de\/the-hotel\/umweltbewusstsein\/"]}]},{"@type":"ImageObject","inLanguage":"de","@id":"https:\/\/amnissoshotel.com\/de\/the-hotel\/umweltbewusstsein\/#primaryimage","url":"https:\/\/amnissoshotel.com\/wp-content\/uploads\/swimming-pool-8-1-2.jpg","contentUrl":"https:\/\/amnissoshotel.com\/wp-content\/uploads\/swimming-pool-8-1-2.jpg","width":1799,"height":1200},{"@type":"BreadcrumbList","@id":"https:\/\/amnissoshotel.com\/de\/the-hotel\/umweltbewusstsein\/#breadcrumb","itemListElement":[{"@type":"ListItem","position":1,"name":"Home","item":"https:\/\/amnissoshotel.com\/de\/"},{"@type":"ListItem","position":2,"name":"Hotel","item":"https:\/\/amnissoshotel.com\/de\/the-hotel\/"},{"@type":"ListItem","position":3,"name":"Umweltbewusstsein"}]},{"@type":"WebSite","@id":"https:\/\/amnissoshotel.com\/de\/#website","url":"https:\/\/amnissoshotel.com\/de\/","name":"Amnissos Residence","description":"Hotel in Rethymno","publisher":{"@id":"https:\/\/amnissoshotel.com\/de\/#organization"},"potentialAction":[{"@type":"SearchAction","target":{"@type":"EntryPoint","urlTemplate":"https:\/\/amnissoshotel.com\/de\/?s={search_term_string}"},"query-input":{"@type":"PropertyValueSpecification","valueRequired":true,"valueName":"search_term_string"}}],"inLanguage":"de"},{"@type":"Organization","@id":"https:\/\/amnissoshotel.com\/de\/#organization","name":"Amnissos Residence","url":"https:\/\/amnissoshotel.com\/de\/","logo":{"@type":"ImageObject","inLanguage":"de","@id":"https:\/\/amnissoshotel.com\/de\/#\/schema\/logo\/image\/","url":"https:\/\/amnissoshotel.com\/wp-content\/uploads\/logo-trans-light-1.png","contentUrl":"https:\/\/amnissoshotel.com\/wp-content\/uploads\/logo-trans-light-1.png","width":512,"height":365,"caption":"Amnissos Residence"},"image":{"@id":"https:\/\/amnissoshotel.com\/de\/#\/schema\/logo\/image\/"},"sameAs":["https:\/\/www.facebook.com\/AmnissosResidence","https:\/\/www.instagram.com\/amnissosresidence_rethymno\/"]}]}},"_links":{"self":[{"href":"https:\/\/amnissoshotel.com\/de\/wp-json\/wp\/v2\/pages\/26822","targetHints":{"allow":["GET"]}}],"collection":[{"href":"https:\/\/amnissoshotel.com\/de\/wp-json\/wp\/v2\/pages"}],"about":[{"href":"https:\/\/amnissoshotel.com\/de\/wp-json\/wp\/v2\/types\/page"}],"author":[{"embeddable":true,"href":"https:\/\/amnissoshotel.com\/de\/wp-json\/wp\/v2\/users\/5"}],"replies":[{"embeddable":true,"href":"https:\/\/amnissoshotel.com\/de\/wp-json\/wp\/v2\/comments?post=26822"}],"version-history":[{"count":0,"href":"https:\/\/amnissoshotel.com\/de\/wp-json\/wp\/v2\/pages\/26822\/revisions"}],"up":[{"embeddable":true,"href":"https:\/\/amnissoshotel.com\/de\/wp-json\/wp\/v2\/pages\/24669"}],"wp:featuredmedia":[{"embeddable":true,"href":"https:\/\/amnissoshotel.com\/de\/wp-json\/wp\/v2\/media\/31525"}],"wp:attachment":[{"href":"https:\/\/amnissoshotel.com\/de\/wp-json\/wp\/v2\/media?parent=26822"}],"curies":[{"name":"wp","href":"https:\/\/api.w.org\/{rel}","templated":true}]}}