{"id":26915,"date":"2022-12-05T07:33:08","date_gmt":"2022-12-05T07:33:08","guid":{"rendered":"https:\/\/www.amnissoshotel.com\/?page_id=26915"},"modified":"2025-06-26T10:40:00","modified_gmt":"2025-06-26T10:40:00","slug":"tropical-shisha-bar","status":"publish","type":"page","link":"https:\/\/amnissoshotel.com\/de\/the-hotel\/tropical-shisha-bar\/","title":{"rendered":"Tropical Shisha Bar"},"content":{"rendered":"\t\t<div data-elementor-type=\"wp-page\" data-elementor-id=\"26915\" class=\"elementor elementor-26915 elementor-26914\" data-elementor-post-type=\"page\">\n\t\t\t\t\t\t<section class=\"elementor-section elementor-top-section elementor-element elementor-element-f54bf2d elementor-section-boxed elementor-section-height-default elementor-section-height-default\" data-id=\"f54bf2d\" data-element_type=\"section\">\n\t\t\t\t\t\t<div class=\"elementor-container elementor-column-gap-default\">\n\t\t\t\t\t<div class=\"elementor-column elementor-col-100 elementor-top-column elementor-element elementor-element-c19f8bd\" data-id=\"c19f8bd\" data-element_type=\"column\">\n\t\t\t<div class=\"elementor-widget-wrap elementor-element-populated\">\n\t\t\t\t\t\t<div class=\"elementor-element elementor-element-c7925ab elementor-widget elementor-widget-text-editor\" data-id=\"c7925ab\" data-element_type=\"widget\" data-widget_type=\"text-editor.default\">\n\t\t\t\t<div class=\"elementor-widget-container\">\n\t\t\t\t\t\t\t\t\t<h3>Amnissos \u201cTropical\u201d Shisha Bar 11:00-23:00<\/h3><p>\u00a0<\/p><p>Amnissos &#8222;Tropical&#8220; Shisha Bar 11:00-00:00 Unter den B\u00e4umen in einem wundersch\u00f6nen Garten befindet sich die Tropical Shisha Bar. W\u00e4hlen Sie Ihren Lieblings-Shisha-Geschmack, entspannen Sie sich in einem Schaukelstuhl oder einem Pavillon und sp\u00fcren Sie den Zauber eines einzigartigen Sommererlebnisses.<\/p><p><strong>*F\u00fcr die Shisha wird ein Aufpreis erhoben.<\/strong><\/p><p><strong>*In der &#8222;Tropical&#8220; Shisha Bar k\u00f6nnen Sie alle All-Inclusive-Getr\u00e4nke und -Cocktails sowie den Cocktail des Tages gegen Aufpreis genie\u00dfen. All-Inclusive-Getr\u00e4nke in der &#8222;Tropical&#8220; Shisha Bar &amp; &#8222;Open Sky&#8220; Roof Top Bar.<\/strong><\/p><h4>\u00a0Tropical &#8222;Shisha&#8220; Bar (All-Inclusive-Getr\u00e4nke) Selbstbedienung &#8211; 11:00-23:00<\/h4><h4>\u00a0<\/h4><p>Self Service \u2013 11:00-23:00<\/p><p>&#8211; Glas Wein (Rose oder Rot &amp; Wei\u00df)<\/p><p>&#8211; Glas Bier vom Fass<\/p><p>&#8211; Soft Drinks (Soda, Cola, Zitrone, Sprite, Orange, Orangensaft, Apfelsaft, Ananassaft)<\/p><p>&#8211; Lokale Spirituosen (Raki, Ouzo, Brandy)<\/p><p>&#8211; Whiskey, Wodka, Tequila, Rum, Gin 5 Cocktails (Blue Lagoon, Cosmopolitan, Tequila Sunrise, Cretan Margarita, Greek Sunset) <\/p><p>&#8211; Cocktail des Tages auf Rechnung<\/p><h4>\u201cOpen Sky\u201d Roof Top Bar (All Inclusive Drinks)<\/h4><p>Self Service \u2013 17:00-23:00<\/p><p>&#8211; Glas Wein (Rose oder Rot &amp; Wei\u00df)<\/p><p>&#8211; Glas Bier vom Fass<\/p><p>&#8211; Soft Drinks (Soda, Cola, Zitrone, Sprite, Orange, Orangensaft, Apfelsaft, Ananassaft) &#8211; Lokale Spirituosen (Raki, Ouzo, Brandy)<\/p><p>&#8211; Whiskey, Wodka, Tequila, Rum, Gin 5 Cocktails (Blue Lagoon, Cosmopolitan, Tequila Sunrise, Cretan Margarita, Greek Sunset) <\/p><p>\u00a0<\/p><h5>*W\u00e4hrend des Mittag- und Abendessens k\u00f6nnen die All-Inclusive-Getr\u00e4nke (mit Ausnahme der Cocktails) bestellt und serviert werden.<\/h5>\t\t\t\t\t\t\t\t<\/div>\n\t\t\t\t<\/div>\n\t\t\t\t\t<\/div>\n\t\t<\/div>\n\t\t\t\t\t<\/div>\n\t\t<\/section>\n\t\t\t\t<section class=\"elementor-section elementor-top-section elementor-element elementor-element-2a29f68 elementor-section-boxed elementor-section-height-default elementor-section-height-default\" data-id=\"2a29f68\" data-element_type=\"section\">\n\t\t\t\t\t\t<div class=\"elementor-container elementor-column-gap-default\">\n\t\t\t\t\t<div class=\"elementor-column elementor-col-100 elementor-top-column elementor-element elementor-element-401917c\" data-id=\"401917c\" data-element_type=\"column\">\n\t\t\t<div class=\"elementor-widget-wrap elementor-element-populated\">\n\t\t\t\t\t\t<div class=\"elementor-element elementor-element-0fdf2e4 elementor-align-center elementor-widget elementor-widget-button\" data-id=\"0fdf2e4\" data-element_type=\"widget\" data-widget_type=\"button.default\">\n\t\t\t\t<div class=\"elementor-widget-container\">\n\t\t\t\t\t\t\t\t\t<div class=\"elementor-button-wrapper\">\n\t\t\t\t\t<a class=\"elementor-button elementor-button-link elementor-size-sm\" href=\"https:\/\/amnissoshotel.com\/wp-content\/uploads\/menu-amnissos.pdf\" target=\"_blank\" rel=\"nofollow\">\n\t\t\t\t\t\t<span class=\"elementor-button-content-wrapper\">\n\t\t\t\t\t\t<span class=\"elementor-button-icon\">\n\t\t\t\t<i aria-hidden=\"true\" class=\"fas fa-glass-martini-alt\"><\/i>\t\t\t<\/span>\n\t\t\t\t\t\t\t\t\t<span class=\"elementor-button-text\">MENU<\/span>\n\t\t\t\t\t<\/span>\n\t\t\t\t\t<\/a>\n\t\t\t\t<\/div>\n\t\t\t\t\t\t\t\t<\/div>\n\t\t\t\t<\/div>\n\t\t\t\t\t<\/div>\n\t\t<\/div>\n\t\t\t\t\t<\/div>\n\t\t<\/section>\n\t\t\t\t<\/div>\n\t\t","protected":false},"excerpt":{"rendered":"<p>Amnissos \u201cTropical\u201d Shisha Bar 11:00-23:00 \u00a0 Amnissos &#8222;Tropical&#8220; Shisha Bar 11:00-00:00 Unter den B\u00e4umen in einem wundersch\u00f6nen Garten befindet sich die Tropical Shisha Bar. W\u00e4hlen Sie Ihren Lieblings-Shisha-Geschmack, entspannen Sie sich in einem Schaukelstuhl oder einem Pavillon und sp\u00fcren Sie den Zauber eines einzigartigen Sommererlebnisses. *F\u00fcr die Shisha wird ein Aufpreis erhoben. *In der &#8222;Tropical&#8220; [&hellip;]<\/p>\n","protected":false},"author":5,"featured_media":28432,"parent":24669,"menu_order":0,"comment_status":"closed","ping_status":"closed","template":"","meta":{"site-sidebar-layout":"default","site-content-layout":"default","ast-site-content-layout":"default","site-content-style":"default","site-sidebar-style":"default","ast-global-header-display":"","ast-banner-title-visibility":"","ast-main-header-display":"","ast-hfb-above-header-display":"","ast-hfb-below-header-display":"","ast-hfb-mobile-header-display":"","site-post-title":"","ast-breadcrumbs-content":"","ast-featured-img":"","footer-sml-layout":"","theme-transparent-header-meta":"default","adv-header-id-meta":"","stick-header-meta":"default","header-above-stick-meta":"","header-main-stick-meta":"","header-below-stick-meta":"","astra-migrate-meta-layouts":"default","ast-page-background-enabled":"default","ast-page-background-meta":{"desktop":{"background-color":"","background-image":"","background-repeat":"repeat","background-position":"center center","background-size":"auto","background-attachment":"scroll","background-type":"","background-media":"","overlay-type":"","overlay-color":"","overlay-opacity":"","overlay-gradient":""},"tablet":{"background-color":"","background-image":"","background-repeat":"repeat","background-position":"center center","background-size":"auto","background-attachment":"scroll","background-type":"","background-media":"","overlay-type":"","overlay-color":"","overlay-opacity":"","overlay-gradient":""},"mobile":{"background-color":"","background-image":"","background-repeat":"repeat","background-position":"center center","background-size":"auto","background-attachment":"scroll","background-type":"","background-media":"","overlay-type":"","overlay-color":"","overlay-opacity":"","overlay-gradient":""}},"ast-content-background-meta":{"desktop":{"background-color":"var(--ast-global-color-5)","background-image":"","background-repeat":"repeat","background-position":"center center","background-size":"auto","background-attachment":"scroll","background-type":"","background-media":"","overlay-type":"","overlay-color":"","overlay-opacity":"","overlay-gradient":""},"tablet":{"background-color":"var(--ast-global-color-5)","background-image":"","background-repeat":"repeat","background-position":"center center","background-size":"auto","background-attachment":"scroll","background-type":"","background-media":"","overlay-type":"","overlay-color":"","overlay-opacity":"","overlay-gradient":""},"mobile":{"background-color":"var(--ast-global-color-5)","background-image":"","background-repeat":"repeat","background-position":"center center","background-size":"auto","background-attachment":"scroll","background-type":"","background-media":"","overlay-type":"","overlay-color":"","overlay-opacity":"","overlay-gradient":""}},"_glsr_average":0,"_glsr_ranking":0,"_glsr_reviews":0,"footnotes":""},"class_list":["post-26915","page","type-page","status-publish","has-post-thumbnail","hentry"],"yoast_head":"<!-- This site is optimized with the Yoast SEO plugin v25.3.1 - https:\/\/yoast.com\/wordpress\/plugins\/seo\/ -->\n<title>Tropical Shisha Bar - Amnissos Residence<\/title>\n<meta name=\"robots\" content=\"index, follow, max-snippet:-1, max-image-preview:large, max-video-preview:-1\" \/>\n<link rel=\"canonical\" href=\"https:\/\/amnissoshotel.com\/de\/the-hotel\/tropical-shisha-bar\/\" \/>\n<meta property=\"og:locale\" content=\"de_DE\" \/>\n<meta property=\"og:type\" content=\"article\" \/>\n<meta property=\"og:title\" content=\"Tropical Shisha Bar - Amnissos Residence\" \/>\n<meta property=\"og:description\" content=\"Amnissos \u201cTropical\u201d Shisha Bar 11:00-23:00 \u00a0 Amnissos &#8222;Tropical&#8220; Shisha Bar 11:00-00:00 Unter den B\u00e4umen in einem wundersch\u00f6nen Garten befindet sich die Tropical Shisha Bar. W\u00e4hlen Sie Ihren Lieblings-Shisha-Geschmack, entspannen Sie sich in einem Schaukelstuhl oder einem Pavillon und sp\u00fcren Sie den Zauber eines einzigartigen Sommererlebnisses. *F\u00fcr die Shisha wird ein Aufpreis erhoben. *In der &#8222;Tropical&#8220; [&hellip;]\" \/>\n<meta property=\"og:url\" content=\"https:\/\/amnissoshotel.com\/de\/the-hotel\/tropical-shisha-bar\/\" \/>\n<meta property=\"og:site_name\" content=\"Amnissos Residence\" \/>\n<meta property=\"article:publisher\" content=\"https:\/\/www.facebook.com\/AmnissosResidence\" \/>\n<meta property=\"article:modified_time\" content=\"2025-06-26T10:40:00+00:00\" \/>\n<meta property=\"og:image\" content=\"https:\/\/amnissoshotel.com\/wp-content\/uploads\/tropical-bar-garden-view-015-1.jpg\" \/>\n\t<meta property=\"og:image:width\" content=\"1600\" \/>\n\t<meta property=\"og:image:height\" content=\"1068\" \/>\n\t<meta property=\"og:image:type\" content=\"image\/jpeg\" \/>\n<meta name=\"twitter:card\" content=\"summary_large_image\" \/>\n<meta name=\"twitter:label1\" content=\"Gesch\u00e4tzte Lesezeit\" \/>\n\t<meta name=\"twitter:data1\" content=\"2\u00a0Minuten\" \/>\n<script type=\"application\/ld+json\" class=\"yoast-schema-graph\">{\"@context\":\"https:\/\/schema.org\",\"@graph\":[{\"@type\":\"WebPage\",\"@id\":\"https:\/\/amnissoshotel.com\/de\/the-hotel\/tropical-shisha-bar\/\",\"url\":\"https:\/\/amnissoshotel.com\/de\/the-hotel\/tropical-shisha-bar\/\",\"name\":\"Tropical Shisha Bar - Amnissos Residence\",\"isPartOf\":{\"@id\":\"https:\/\/amnissoshotel.com\/de\/#website\"},\"primaryImageOfPage\":{\"@id\":\"https:\/\/amnissoshotel.com\/de\/the-hotel\/tropical-shisha-bar\/#primaryimage\"},\"image\":{\"@id\":\"https:\/\/amnissoshotel.com\/de\/the-hotel\/tropical-shisha-bar\/#primaryimage\"},\"thumbnailUrl\":\"https:\/\/amnissoshotel.com\/wp-content\/uploads\/tropical-bar-garden-view-015-1.jpg\",\"datePublished\":\"2022-12-05T07:33:08+00:00\",\"dateModified\":\"2025-06-26T10:40:00+00:00\",\"breadcrumb\":{\"@id\":\"https:\/\/amnissoshotel.com\/de\/the-hotel\/tropical-shisha-bar\/#breadcrumb\"},\"inLanguage\":\"de\",\"potentialAction\":[{\"@type\":\"ReadAction\",\"target\":[\"https:\/\/amnissoshotel.com\/de\/the-hotel\/tropical-shisha-bar\/\"]}]},{\"@type\":\"ImageObject\",\"inLanguage\":\"de\",\"@id\":\"https:\/\/amnissoshotel.com\/de\/the-hotel\/tropical-shisha-bar\/#primaryimage\",\"url\":\"https:\/\/amnissoshotel.com\/wp-content\/uploads\/tropical-bar-garden-view-015-1.jpg\",\"contentUrl\":\"https:\/\/amnissoshotel.com\/wp-content\/uploads\/tropical-bar-garden-view-015-1.jpg\",\"width\":1600,\"height\":1068},{\"@type\":\"BreadcrumbList\",\"@id\":\"https:\/\/amnissoshotel.com\/de\/the-hotel\/tropical-shisha-bar\/#breadcrumb\",\"itemListElement\":[{\"@type\":\"ListItem\",\"position\":1,\"name\":\"Home\",\"item\":\"https:\/\/amnissoshotel.com\/de\/\"},{\"@type\":\"ListItem\",\"position\":2,\"name\":\"Hotel\",\"item\":\"https:\/\/amnissoshotel.com\/de\/the-hotel\/\"},{\"@type\":\"ListItem\",\"position\":3,\"name\":\"Tropical Shisha Bar\"}]},{\"@type\":\"WebSite\",\"@id\":\"https:\/\/amnissoshotel.com\/de\/#website\",\"url\":\"https:\/\/amnissoshotel.com\/de\/\",\"name\":\"Amnissos Residence\",\"description\":\"Hotel in Rethymno\",\"publisher\":{\"@id\":\"https:\/\/amnissoshotel.com\/de\/#organization\"},\"potentialAction\":[{\"@type\":\"SearchAction\",\"target\":{\"@type\":\"EntryPoint\",\"urlTemplate\":\"https:\/\/amnissoshotel.com\/de\/?s={search_term_string}\"},\"query-input\":{\"@type\":\"PropertyValueSpecification\",\"valueRequired\":true,\"valueName\":\"search_term_string\"}}],\"inLanguage\":\"de\"},{\"@type\":\"Organization\",\"@id\":\"https:\/\/amnissoshotel.com\/de\/#organization\",\"name\":\"Amnissos Residence\",\"url\":\"https:\/\/amnissoshotel.com\/de\/\",\"logo\":{\"@type\":\"ImageObject\",\"inLanguage\":\"de\",\"@id\":\"https:\/\/amnissoshotel.com\/de\/#\/schema\/logo\/image\/\",\"url\":\"https:\/\/amnissoshotel.com\/wp-content\/uploads\/logo-trans-light-1.png\",\"contentUrl\":\"https:\/\/amnissoshotel.com\/wp-content\/uploads\/logo-trans-light-1.png\",\"width\":512,\"height\":365,\"caption\":\"Amnissos Residence\"},\"image\":{\"@id\":\"https:\/\/amnissoshotel.com\/de\/#\/schema\/logo\/image\/\"},\"sameAs\":[\"https:\/\/www.facebook.com\/AmnissosResidence\",\"https:\/\/www.instagram.com\/amnissosresidence_rethymno\/\"]}]}<\/script>\n<!-- \/ Yoast SEO plugin. -->","yoast_head_json":{"title":"Tropical Shisha Bar - Amnissos Residence","robots":{"index":"index","follow":"follow","max-snippet":"max-snippet:-1","max-image-preview":"max-image-preview:large","max-video-preview":"max-video-preview:-1"},"canonical":"https:\/\/amnissoshotel.com\/de\/the-hotel\/tropical-shisha-bar\/","og_locale":"de_DE","og_type":"article","og_title":"Tropical Shisha Bar - Amnissos Residence","og_description":"Amnissos \u201cTropical\u201d Shisha Bar 11:00-23:00 \u00a0 Amnissos &#8222;Tropical&#8220; Shisha Bar 11:00-00:00 Unter den B\u00e4umen in einem wundersch\u00f6nen Garten befindet sich die Tropical Shisha Bar. W\u00e4hlen Sie Ihren Lieblings-Shisha-Geschmack, entspannen Sie sich in einem Schaukelstuhl oder einem Pavillon und sp\u00fcren Sie den Zauber eines einzigartigen Sommererlebnisses. *F\u00fcr die Shisha wird ein Aufpreis erhoben. *In der &#8222;Tropical&#8220; [&hellip;]","og_url":"https:\/\/amnissoshotel.com\/de\/the-hotel\/tropical-shisha-bar\/","og_site_name":"Amnissos Residence","article_publisher":"https:\/\/www.facebook.com\/AmnissosResidence","article_modified_time":"2025-06-26T10:40:00+00:00","og_image":[{"width":1600,"height":1068,"url":"https:\/\/amnissoshotel.com\/wp-content\/uploads\/tropical-bar-garden-view-015-1.jpg","type":"image\/jpeg"}],"twitter_card":"summary_large_image","twitter_misc":{"Gesch\u00e4tzte Lesezeit":"2\u00a0Minuten"},"schema":{"@context":"https:\/\/schema.org","@graph":[{"@type":"WebPage","@id":"https:\/\/amnissoshotel.com\/de\/the-hotel\/tropical-shisha-bar\/","url":"https:\/\/amnissoshotel.com\/de\/the-hotel\/tropical-shisha-bar\/","name":"Tropical Shisha Bar - Amnissos Residence","isPartOf":{"@id":"https:\/\/amnissoshotel.com\/de\/#website"},"primaryImageOfPage":{"@id":"https:\/\/amnissoshotel.com\/de\/the-hotel\/tropical-shisha-bar\/#primaryimage"},"image":{"@id":"https:\/\/amnissoshotel.com\/de\/the-hotel\/tropical-shisha-bar\/#primaryimage"},"thumbnailUrl":"https:\/\/amnissoshotel.com\/wp-content\/uploads\/tropical-bar-garden-view-015-1.jpg","datePublished":"2022-12-05T07:33:08+00:00","dateModified":"2025-06-26T10:40:00+00:00","breadcrumb":{"@id":"https:\/\/amnissoshotel.com\/de\/the-hotel\/tropical-shisha-bar\/#breadcrumb"},"inLanguage":"de","potentialAction":[{"@type":"ReadAction","target":["https:\/\/amnissoshotel.com\/de\/the-hotel\/tropical-shisha-bar\/"]}]},{"@type":"ImageObject","inLanguage":"de","@id":"https:\/\/amnissoshotel.com\/de\/the-hotel\/tropical-shisha-bar\/#primaryimage","url":"https:\/\/amnissoshotel.com\/wp-content\/uploads\/tropical-bar-garden-view-015-1.jpg","contentUrl":"https:\/\/amnissoshotel.com\/wp-content\/uploads\/tropical-bar-garden-view-015-1.jpg","width":1600,"height":1068},{"@type":"BreadcrumbList","@id":"https:\/\/amnissoshotel.com\/de\/the-hotel\/tropical-shisha-bar\/#breadcrumb","itemListElement":[{"@type":"ListItem","position":1,"name":"Home","item":"https:\/\/amnissoshotel.com\/de\/"},{"@type":"ListItem","position":2,"name":"Hotel","item":"https:\/\/amnissoshotel.com\/de\/the-hotel\/"},{"@type":"ListItem","position":3,"name":"Tropical Shisha Bar"}]},{"@type":"WebSite","@id":"https:\/\/amnissoshotel.com\/de\/#website","url":"https:\/\/amnissoshotel.com\/de\/","name":"Amnissos Residence","description":"Hotel in Rethymno","publisher":{"@id":"https:\/\/amnissoshotel.com\/de\/#organization"},"potentialAction":[{"@type":"SearchAction","target":{"@type":"EntryPoint","urlTemplate":"https:\/\/amnissoshotel.com\/de\/?s={search_term_string}"},"query-input":{"@type":"PropertyValueSpecification","valueRequired":true,"valueName":"search_term_string"}}],"inLanguage":"de"},{"@type":"Organization","@id":"https:\/\/amnissoshotel.com\/de\/#organization","name":"Amnissos Residence","url":"https:\/\/amnissoshotel.com\/de\/","logo":{"@type":"ImageObject","inLanguage":"de","@id":"https:\/\/amnissoshotel.com\/de\/#\/schema\/logo\/image\/","url":"https:\/\/amnissoshotel.com\/wp-content\/uploads\/logo-trans-light-1.png","contentUrl":"https:\/\/amnissoshotel.com\/wp-content\/uploads\/logo-trans-light-1.png","width":512,"height":365,"caption":"Amnissos Residence"},"image":{"@id":"https:\/\/amnissoshotel.com\/de\/#\/schema\/logo\/image\/"},"sameAs":["https:\/\/www.facebook.com\/AmnissosResidence","https:\/\/www.instagram.com\/amnissosresidence_rethymno\/"]}]}},"_links":{"self":[{"href":"https:\/\/amnissoshotel.com\/de\/wp-json\/wp\/v2\/pages\/26915","targetHints":{"allow":["GET"]}}],"collection":[{"href":"https:\/\/amnissoshotel.com\/de\/wp-json\/wp\/v2\/pages"}],"about":[{"href":"https:\/\/amnissoshotel.com\/de\/wp-json\/wp\/v2\/types\/page"}],"author":[{"embeddable":true,"href":"https:\/\/amnissoshotel.com\/de\/wp-json\/wp\/v2\/users\/5"}],"replies":[{"embeddable":true,"href":"https:\/\/amnissoshotel.com\/de\/wp-json\/wp\/v2\/comments?post=26915"}],"version-history":[{"count":0,"href":"https:\/\/amnissoshotel.com\/de\/wp-json\/wp\/v2\/pages\/26915\/revisions"}],"up":[{"embeddable":true,"href":"https:\/\/amnissoshotel.com\/de\/wp-json\/wp\/v2\/pages\/24669"}],"wp:featuredmedia":[{"embeddable":true,"href":"https:\/\/amnissoshotel.com\/de\/wp-json\/wp\/v2\/media\/28432"}],"wp:attachment":[{"href":"https:\/\/amnissoshotel.com\/de\/wp-json\/wp\/v2\/media?parent=26915"}],"curies":[{"name":"wp","href":"https:\/\/api.w.org\/{rel}","templated":true}]}}