{"id":26229,"date":"2016-02-11T16:07:44","date_gmt":"2016-02-11T16:07:44","guid":{"rendered":"https:\/\/www.amnissoshotel.com\/the-hotel\/rooms-and-services\/"},"modified":"2025-06-27T11:20:45","modified_gmt":"2025-06-27T11:20:45","slug":"rooms-and-services","status":"publish","type":"page","link":"https:\/\/amnissoshotel.com\/fr\/l-hotel\/rooms-and-services\/","title":{"rendered":"Chambres &#038; Services"},"content":{"rendered":"\t\t<div data-elementor-type=\"wp-page\" data-elementor-id=\"26229\" class=\"elementor elementor-26229 elementor-11816\" data-elementor-post-type=\"page\">\n\t\t\t\t\t\t<section class=\"elementor-section elementor-top-section elementor-element elementor-element-63b0aadd elementor-section-boxed elementor-section-height-default elementor-section-height-default\" data-id=\"63b0aadd\" data-element_type=\"section\">\n\t\t\t\t\t\t<div class=\"elementor-container elementor-column-gap-default\">\n\t\t\t\t\t<div class=\"elementor-column elementor-col-100 elementor-top-column elementor-element elementor-element-12b1e968\" data-id=\"12b1e968\" data-element_type=\"column\">\n\t\t\t<div class=\"elementor-widget-wrap elementor-element-populated\">\n\t\t\t\t\t\t<div class=\"elementor-element elementor-element-60de6ec8 elementor-widget elementor-widget-text-editor\" data-id=\"60de6ec8\" data-element_type=\"widget\" data-widget_type=\"text-editor.default\">\n\t\t\t\t<div class=\"elementor-widget-container\">\n\t\t\t\t\t\t\t\t\t<h4>R\u00e9pertoire de l&rsquo;h\u00f4tel<\/h4><p>Chers clients, Nous sommes heureux de vous accueillir \u00e0 la R\u00e9sidence Amnissos et sur la belle \u00eele de Cr\u00e8te. Dans ce r\u00e9pertoire, vous trouverez des informations utiles sur les services de notre h\u00f4tel ainsi que sur d&rsquo;autres services disponibles sur l&rsquo;\u00eele. Si vous avez besoin d&rsquo;aide ou d&rsquo;informations suppl\u00e9mentaires, n&rsquo;h\u00e9sitez pas \u00e0 contacter la r\u00e9ception. Notre personnel amical s&rsquo;engage \u00e0 faire en sorte que votre s\u00e9jour \u00e0 l&rsquo;Amnissos Residence soit \u00e0 la fois agr\u00e9able et confortable et que vous viviez une exp\u00e9rience inoubliable.<\/p><p>Au nom de la direction et du personnel, nous vous souhaitons un agr\u00e9able s\u00e9jour !<\/p><h4>R\u00e9ception <\/h4><p>R\u00e9ception ouverte 24 heures sur<\/p><h4>Services aux visiteurs<\/h4><p>Climatisation \/ Chauffage Chaque chambre est \u00e9quip\u00e9e d&rsquo;une unit\u00e9 de climatisation avec sa propre t\u00e9l\u00e9commande.<br \/>Possibilit\u00e9 de choisir les oreillers <br \/>Service de chambre Blanchisserie, nettoyage \u00e0 sec, repassage<br \/>Service de portier<\/p><h4>Service de m\u00e9nage :<\/h4><p>Service de m\u00e9nage quotidien et en soir\u00e9e.<\/p><p>Les chambres sont nettoy\u00e9es et rang\u00e9es tous les jours jusqu&rsquo;\u00e0 16h30.<\/p><p>Les serviettes sont chang\u00e9es tous les 3 jours et les draps tous les 2 jours.<\/p><p>Veuillez ne pas retirer les serviettes de votre chambre. Les serviettes ne sont pas destin\u00e9es \u00e0 la piscine ou \u00e0 la plage.<\/p><p>Changement de serviettes sur demande.<\/p><h4>Heure d&rsquo;arriv\u00e9e :<\/h4><p>L&rsquo;heure d&rsquo;enregistrement est \u00e0 15h00.<\/p><h4>D\u00e9part<\/h4><p>L&rsquo;heure de d\u00e9part est \u00e0 11h00. Le d\u00e9part tardif est possible sur demande et sous r\u00e9serve de disponibilit\u00e9. Veuillez contacter la r\u00e9ception pour plus d&rsquo;informations.<\/p><h4>Services de conciergerie :<\/h4><p>Pour toute assistance concernant la location de voitures ou de motos, la location de bateaux, les excursions et autres arrangements, n&rsquo;h\u00e9sitez pas \u00e0 contacter la r\u00e9ception.<\/p><h4>Cartes de credit<\/h4><p>L&rsquo;h\u00f4tel accepte les cartes de cr\u00e9dit Visa et MasterCard. Pour d&rsquo;autres types de cartes de cr\u00e9dit, veuillez contacter la r\u00e9ception.<\/p><h4>Berceaux et lits d&rsquo;enfant :<\/h4><p>Sous r\u00e9serve d&rsquo;un nombre limit\u00e9, des lits d&rsquo;enfant et des berceaux sont disponibles. Veuillez en informer le bureau d&rsquo;accueil.<\/p><h4>Restauration<\/h4><p>Le petit d\u00e9jeuner, le go\u00fbter et le d\u00eener sont servis dans le restaurant en plein air de l&rsquo;h\u00f4tel. Le petit d\u00e9jeuner buffet est servi de 07h30 \u00e0 10h00.<\/p><p>Le d\u00e9jeuner snack est servi de 13h30 \u00e0 15h00. Le d\u00eener buffet est servi de 19h30 \u00e0 21h30.<\/p><p>\u00a0\u00bb Pool Bar \u00a0\u00bb situ\u00e9 \u00e0 la piscine ext\u00e9rieure de l&rsquo;h\u00f4tel sert \u00e9galement des boissons et des collations l\u00e9g\u00e8res et fonctionne tous les jours de 10h00 \u00e0 23h30.<\/p><p>Veuillez noter que les r\u00e8gles de s\u00e9curit\u00e9 et d&rsquo;hygi\u00e8ne alimentaire interdisent de retirer tout produit alimentaire du restaurant de l&rsquo;h\u00f4tel. Nous vous demandons de bien vouloir vous y conformer. N&rsquo;oubliez pas que le gaspillage de nourriture est une insulte \u00e0 l&rsquo;humanit\u00e9.<\/p><p>Fourniture de repas \u00e0 l&rsquo;h\u00f4tel en collaboration avec un restaurant voisin.<\/p><h4>Trousse de premiers secours :<\/h4><p>La trousse de premiers secours se trouve \u00e0 la r\u00e9ception.<\/p><h4>Eau chaude :<\/h4><p>24 heures sur 24<\/p><h4>Commodit\u00e9s dans les chambres :<\/h4><p>S\u00e8che-cheveux <br \/>T\u00e9l\u00e9vision par satellite 32\u2033<br \/>Unit\u00e9 de climatisation <br \/>T\u00e9l\u00e9vision <br \/>Mini-frigo <br \/>Fer \u00e0 repasser disponible \u00e0 la r\u00e9ception Changement de serviettes sur demande<\/p><h4>Internet :<\/h4><p>Nous sommes heureux d&rsquo;offrir un acc\u00e8s gratuit \u00e0 l&rsquo;Internet sans fil \u00e0 haut d\u00e9bit dans tout l&rsquo;h\u00f4tel ! Vous pouvez acc\u00e9der \u00e0 l&rsquo;internet en entrant votre adresse e-mail apr\u00e8s vous \u00eatre connect\u00e9 au r\u00e9seau \u00ab\u00a0AMNISSOS HOTEL\u00a0\u00bb.<\/p><p>Une politique d&rsquo;utilisation \u00e9quitable et raisonnable s&rsquo;applique. La vitesse d&rsquo;Internet d\u00e9pend de l&rsquo;utilisation globale.<\/p><p>Veuillez noter qu&rsquo;en raison de l&rsquo;infrastructure de l&rsquo;\u00eele et de l&rsquo;augmentation du nombre de visiteurs pendant les mois de juillet et d&rsquo;ao\u00fbt, il est possible que la vitesse d&rsquo;Internet soit plus lente pendant cette p\u00e9riode. <br \/>Nous nous excusons pour tout inconv\u00e9nient que cela pourrait causer.<\/p><h4>Bagages :<\/h4><p>Service de transport de bagages<\/p><p>En cas de d\u00e9part tardif de l&rsquo;\u00eele, nous serons heureux de vous aider \u00e0 stocker vos bagages.<\/p><h4>Maintenance :<\/h4><p>Si quelque chose ne fonctionne pas, veuillez en informer notre bureau d&rsquo;accueil.<\/p><h4>Parking :<\/h4><p>Les clients de l&rsquo;h\u00f4tel Amnissos peuvent se garer gratuitement dans le parking public situ\u00e9 \u00e0 c\u00f4t\u00e9 de l&rsquo;entr\u00e9e ouest de l&rsquo;h\u00f4tel.<\/p><h4>Cl\u00e9 de chambre :<\/h4><p>Pour votre propre s\u00e9curit\u00e9, veuillez avertir imm\u00e9diatement la r\u00e9ception en cas de perte de votre cl\u00e9. Fermez toujours la porte \u00e0 cl\u00e9 lorsque vous quittez votre chambre. La direction n&rsquo;est pas responsable de la perte d&rsquo;argent ou d&rsquo;objets personnels.<\/p><h4>Coffre-fort :<\/h4><p>Un coffre-fort est mis \u00e0 disposition gratuitement \u00e0 la r\u00e9ception. L&rsquo;h\u00f4tel Amnissos n&rsquo;est pas responsable des objets de valeur laiss\u00e9s dans les chambres.<\/p><h4>Piscine :<\/h4><p>La piscine est situ\u00e9e \u00e0 c\u00f4t\u00e9 du restaurant et est mise \u00e0 la disposition de nos clients. Elle est ouverte de 07h30 \u00e0 19h00. Les enfants doivent \u00eatre accompagn\u00e9s d&rsquo;un tuteur.<\/p><p>Veuillez vous familiariser avec les r\u00e8gles de s\u00e9curit\u00e9.<\/p><p>Pour des raisons de s\u00e9curit\u00e9, les vitres sont interdites autour de la piscine. <br \/>Toutes les boissons doivent \u00eatre consomm\u00e9es dans des r\u00e9cipients en plastique ou en papier.<\/p><h4><br \/>Transferts :<\/h4><p>Service de taxi.<\/p><p>L&rsquo;h\u00f4tel Amnissos est heureux de proposer un transfert vers le port de la ville de R\u00e9thymnon. Un pr\u00e9avis de 24 heures est n\u00e9cessaire et peut \u00eatre arrang\u00e9 avec la r\u00e9ception.<\/p><p><span style=\"text-decoration: underline;\">Conseils :<\/span> Veuillez \u00e9teindre les lumi\u00e8res et la climatisation lorsque vous quittez votre chambre.<\/p><h4>Informations g\u00e9n\u00e9rales Banques :<\/h4><p>Les heures d&rsquo;ouverture des banques sont g\u00e9n\u00e9ralement du lundi au vendredi de 08h00 \u00e0 14h00 et les banques sont situ\u00e9es dans la ville de Rethymno. Des distributeurs automatiques de billets sont \u00e9galement disponibles dans la ville de R\u00e9thymnon (&#8230;&#8230;), ainsi que dans les villes de La Can\u00e9e et d&rsquo;H\u00e9raklion.<\/p><h4>Eau potable :<\/h4><p>L&rsquo;eau du robinet sur l&rsquo;\u00eele de Cr\u00e8te est potable. Comme elle est riche en min\u00e9raux, les visiteurs pr\u00e9f\u00e9reront peut-\u00eatre utiliser de l&rsquo;eau en bouteille.<\/p><h4>Offres sp\u00e9ciales pour nos clients<\/h4><ul><li>Fourniture gratuite d&rsquo;une assurance responsabilit\u00e9 civile priv\u00e9e pour les clients de l&rsquo;h\u00f4tel.<\/li><li>Fourniture de services de blanchisserie avec une r\u00e9duction sp\u00e9ciale pour les clients de l&rsquo;h\u00f4tel.<\/li><li>Service de transfert en taxi 24 heures sur 24 avec une r\u00e9duction sp\u00e9ciale pour les clients de l&rsquo;h\u00f4tel. <\/li><li>Fourniture de repas dans une taverne adjacente avec une r\u00e9duction sp\u00e9ciale pour tous les clients de l&rsquo;h\u00f4tel.<\/li><li>Changement des serviettes dans les chambres, sur demande.<\/li><\/ul><h4>Tarifs r\u00e9duits au \u00a0\u00bb Pool Bar \u00a0\u00bb et au \u00a0\u00bb Main Restaurant<\/h4><p>\u00a0\u00bb Vous avez droit \u00e0 une r\u00e9duction de 10 % sur les tarifs des repas et des boissons au \u00a0\u00bb Pool Bar \u00a0\u00bb et au \u00a0\u00bb Main Restaurant \u00ab\u00a0. Veuillez indiquer au serveur votre num\u00e9ro de chambre.<\/p><p><strong>De nouvelles promotions sont annonc\u00e9es chaque jour ! Demandez \u00e0 la r\u00e9ception les derni\u00e8res promotions.<\/strong><\/p><p>L&rsquo;indice ci-dessus s&rsquo;applique aux tarifs de janvier 2022. Les tarifs sont susceptibles d&rsquo;\u00eatre modifi\u00e9s en fonction de l&rsquo;augmentation des taxes sur le diesel et des taxes gouvernementales.<\/p><p><strong>Passez de bonnes vacances !<\/strong><\/p><p><strong>Veillez \u00e0 ce que Rethymno reste propre et verte !<\/strong><\/p>\t\t\t\t\t\t\t\t<\/div>\n\t\t\t\t<\/div>\n\t\t\t\t\t<\/div>\n\t\t<\/div>\n\t\t\t\t\t<\/div>\n\t\t<\/section>\n\t\t\t\t<\/div>\n\t\t","protected":false},"excerpt":{"rendered":"<p>R\u00e9pertoire de l&rsquo;h\u00f4tel Chers clients, Nous sommes heureux de vous accueillir \u00e0 la R\u00e9sidence Amnissos et sur la belle \u00eele de Cr\u00e8te. Dans ce r\u00e9pertoire, vous trouverez des informations utiles sur les services de notre h\u00f4tel ainsi que sur d&rsquo;autres services disponibles sur l&rsquo;\u00eele. Si vous avez besoin d&rsquo;aide ou d&rsquo;informations suppl\u00e9mentaires, n&rsquo;h\u00e9sitez pas \u00e0 [&hellip;]<\/p>\n","protected":false},"author":1,"featured_media":31703,"parent":26221,"menu_order":0,"comment_status":"closed","ping_status":"closed","template":"","meta":{"site-sidebar-layout":"default","site-content-layout":"default","ast-site-content-layout":"default","site-content-style":"default","site-sidebar-style":"default","ast-global-header-display":"","ast-banner-title-visibility":"","ast-main-header-display":"","ast-hfb-above-header-display":"","ast-hfb-below-header-display":"","ast-hfb-mobile-header-display":"","site-post-title":"","ast-breadcrumbs-content":"","ast-featured-img":"","footer-sml-layout":"","theme-transparent-header-meta":"default","adv-header-id-meta":"","stick-header-meta":"default","header-above-stick-meta":"","header-main-stick-meta":"","header-below-stick-meta":"","astra-migrate-meta-layouts":"set","ast-page-background-enabled":"default","ast-page-background-meta":{"desktop":{"background-color":"","background-image":"","background-repeat":"repeat","background-position":"center center","background-size":"auto","background-attachment":"scroll","background-type":"","background-media":"","overlay-type":"","overlay-color":"","overlay-opacity":"","overlay-gradient":""},"tablet":{"background-color":"","background-image":"","background-repeat":"repeat","background-position":"center center","background-size":"auto","background-attachment":"scroll","background-type":"","background-media":"","overlay-type":"","overlay-color":"","overlay-opacity":"","overlay-gradient":""},"mobile":{"background-color":"","background-image":"","background-repeat":"repeat","background-position":"center center","background-size":"auto","background-attachment":"scroll","background-type":"","background-media":"","overlay-type":"","overlay-color":"","overlay-opacity":"","overlay-gradient":""}},"ast-content-background-meta":{"desktop":{"background-color":"var(--ast-global-color-5)","background-image":"","background-repeat":"repeat","background-position":"center center","background-size":"auto","background-attachment":"scroll","background-type":"","background-media":"","overlay-type":"","overlay-color":"","overlay-opacity":"","overlay-gradient":""},"tablet":{"background-color":"var(--ast-global-color-5)","background-image":"","background-repeat":"repeat","background-position":"center center","background-size":"auto","background-attachment":"scroll","background-type":"","background-media":"","overlay-type":"","overlay-color":"","overlay-opacity":"","overlay-gradient":""},"mobile":{"background-color":"var(--ast-global-color-5)","background-image":"","background-repeat":"repeat","background-position":"center center","background-size":"auto","background-attachment":"scroll","background-type":"","background-media":"","overlay-type":"","overlay-color":"","overlay-opacity":"","overlay-gradient":""}},"_glsr_average":0,"_glsr_ranking":0,"_glsr_reviews":0,"footnotes":""},"class_list":["post-26229","page","type-page","status-publish","has-post-thumbnail","hentry"],"yoast_head":"<!-- This site is optimized with the Yoast SEO plugin v25.3.1 - https:\/\/yoast.com\/wordpress\/plugins\/seo\/ -->\n<title>Chambres &amp; Services - Amnissos Residence<\/title>\n<meta name=\"robots\" content=\"index, follow, max-snippet:-1, max-image-preview:large, max-video-preview:-1\" \/>\n<link rel=\"canonical\" href=\"https:\/\/amnissoshotel.com\/fr\/l-hotel\/rooms-and-services\/\" \/>\n<meta property=\"og:locale\" content=\"fr_FR\" \/>\n<meta property=\"og:type\" content=\"article\" \/>\n<meta property=\"og:title\" content=\"Chambres &amp; Services - Amnissos Residence\" \/>\n<meta property=\"og:description\" content=\"R\u00e9pertoire de l&rsquo;h\u00f4tel Chers clients, Nous sommes heureux de vous accueillir \u00e0 la R\u00e9sidence Amnissos et sur la belle \u00eele de Cr\u00e8te. Dans ce r\u00e9pertoire, vous trouverez des informations utiles sur les services de notre h\u00f4tel ainsi que sur d&rsquo;autres services disponibles sur l&rsquo;\u00eele. Si vous avez besoin d&rsquo;aide ou d&rsquo;informations suppl\u00e9mentaires, n&rsquo;h\u00e9sitez pas \u00e0 [&hellip;]\" \/>\n<meta property=\"og:url\" content=\"https:\/\/amnissoshotel.com\/fr\/l-hotel\/rooms-and-services\/\" \/>\n<meta property=\"og:site_name\" content=\"Amnissos Residence\" \/>\n<meta property=\"article:publisher\" content=\"https:\/\/www.facebook.com\/AmnissosResidence\" \/>\n<meta property=\"article:modified_time\" content=\"2025-06-27T11:20:45+00:00\" \/>\n<meta property=\"og:image\" content=\"https:\/\/amnissoshotel.com\/wp-content\/uploads\/tropical-shisha-bar-6-2-1.jpg\" \/>\n\t<meta property=\"og:image:width\" content=\"1799\" \/>\n\t<meta property=\"og:image:height\" content=\"1200\" \/>\n\t<meta property=\"og:image:type\" content=\"image\/jpeg\" \/>\n<meta name=\"twitter:card\" content=\"summary_large_image\" \/>\n<meta name=\"twitter:label1\" content=\"Dur\u00e9e de lecture estim\u00e9e\" \/>\n\t<meta name=\"twitter:data1\" content=\"6 minutes\" \/>\n<script type=\"application\/ld+json\" class=\"yoast-schema-graph\">{\"@context\":\"https:\/\/schema.org\",\"@graph\":[{\"@type\":\"WebPage\",\"@id\":\"https:\/\/amnissoshotel.com\/fr\/l-hotel\/rooms-and-services\/\",\"url\":\"https:\/\/amnissoshotel.com\/fr\/l-hotel\/rooms-and-services\/\",\"name\":\"Chambres & Services - Amnissos Residence\",\"isPartOf\":{\"@id\":\"https:\/\/amnissoshotel.com\/fr\/#website\"},\"primaryImageOfPage\":{\"@id\":\"https:\/\/amnissoshotel.com\/fr\/l-hotel\/rooms-and-services\/#primaryimage\"},\"image\":{\"@id\":\"https:\/\/amnissoshotel.com\/fr\/l-hotel\/rooms-and-services\/#primaryimage\"},\"thumbnailUrl\":\"https:\/\/amnissoshotel.com\/wp-content\/uploads\/tropical-shisha-bar-6-2-1.jpg\",\"datePublished\":\"2016-02-11T16:07:44+00:00\",\"dateModified\":\"2025-06-27T11:20:45+00:00\",\"breadcrumb\":{\"@id\":\"https:\/\/amnissoshotel.com\/fr\/l-hotel\/rooms-and-services\/#breadcrumb\"},\"inLanguage\":\"fr-FR\",\"potentialAction\":[{\"@type\":\"ReadAction\",\"target\":[\"https:\/\/amnissoshotel.com\/fr\/l-hotel\/rooms-and-services\/\"]}]},{\"@type\":\"ImageObject\",\"inLanguage\":\"fr-FR\",\"@id\":\"https:\/\/amnissoshotel.com\/fr\/l-hotel\/rooms-and-services\/#primaryimage\",\"url\":\"https:\/\/amnissoshotel.com\/wp-content\/uploads\/tropical-shisha-bar-6-2-1.jpg\",\"contentUrl\":\"https:\/\/amnissoshotel.com\/wp-content\/uploads\/tropical-shisha-bar-6-2-1.jpg\",\"width\":1799,\"height\":1200},{\"@type\":\"BreadcrumbList\",\"@id\":\"https:\/\/amnissoshotel.com\/fr\/l-hotel\/rooms-and-services\/#breadcrumb\",\"itemListElement\":[{\"@type\":\"ListItem\",\"position\":1,\"name\":\"Home\",\"item\":\"https:\/\/amnissoshotel.com\/fr\/\"},{\"@type\":\"ListItem\",\"position\":2,\"name\":\"L&#8217; h\u00f4tel\",\"item\":\"https:\/\/amnissoshotel.com\/fr\/the-hotel\/\"},{\"@type\":\"ListItem\",\"position\":3,\"name\":\"Chambres &#038; Services\"}]},{\"@type\":\"WebSite\",\"@id\":\"https:\/\/amnissoshotel.com\/fr\/#website\",\"url\":\"https:\/\/amnissoshotel.com\/fr\/\",\"name\":\"Amnissos Residence\",\"description\":\"Hotel in Rethymno\",\"publisher\":{\"@id\":\"https:\/\/amnissoshotel.com\/fr\/#organization\"},\"potentialAction\":[{\"@type\":\"SearchAction\",\"target\":{\"@type\":\"EntryPoint\",\"urlTemplate\":\"https:\/\/amnissoshotel.com\/fr\/?s={search_term_string}\"},\"query-input\":{\"@type\":\"PropertyValueSpecification\",\"valueRequired\":true,\"valueName\":\"search_term_string\"}}],\"inLanguage\":\"fr-FR\"},{\"@type\":\"Organization\",\"@id\":\"https:\/\/amnissoshotel.com\/fr\/#organization\",\"name\":\"Amnissos Residence\",\"url\":\"https:\/\/amnissoshotel.com\/fr\/\",\"logo\":{\"@type\":\"ImageObject\",\"inLanguage\":\"fr-FR\",\"@id\":\"https:\/\/amnissoshotel.com\/fr\/#\/schema\/logo\/image\/\",\"url\":\"https:\/\/amnissoshotel.com\/wp-content\/uploads\/logo-trans-light-1.png\",\"contentUrl\":\"https:\/\/amnissoshotel.com\/wp-content\/uploads\/logo-trans-light-1.png\",\"width\":512,\"height\":365,\"caption\":\"Amnissos Residence\"},\"image\":{\"@id\":\"https:\/\/amnissoshotel.com\/fr\/#\/schema\/logo\/image\/\"},\"sameAs\":[\"https:\/\/www.facebook.com\/AmnissosResidence\",\"https:\/\/www.instagram.com\/amnissosresidence_rethymno\/\"]}]}<\/script>\n<!-- \/ Yoast SEO plugin. -->","yoast_head_json":{"title":"Chambres & Services - Amnissos Residence","robots":{"index":"index","follow":"follow","max-snippet":"max-snippet:-1","max-image-preview":"max-image-preview:large","max-video-preview":"max-video-preview:-1"},"canonical":"https:\/\/amnissoshotel.com\/fr\/l-hotel\/rooms-and-services\/","og_locale":"fr_FR","og_type":"article","og_title":"Chambres & Services - Amnissos Residence","og_description":"R\u00e9pertoire de l&rsquo;h\u00f4tel Chers clients, Nous sommes heureux de vous accueillir \u00e0 la R\u00e9sidence Amnissos et sur la belle \u00eele de Cr\u00e8te. Dans ce r\u00e9pertoire, vous trouverez des informations utiles sur les services de notre h\u00f4tel ainsi que sur d&rsquo;autres services disponibles sur l&rsquo;\u00eele. Si vous avez besoin d&rsquo;aide ou d&rsquo;informations suppl\u00e9mentaires, n&rsquo;h\u00e9sitez pas \u00e0 [&hellip;]","og_url":"https:\/\/amnissoshotel.com\/fr\/l-hotel\/rooms-and-services\/","og_site_name":"Amnissos Residence","article_publisher":"https:\/\/www.facebook.com\/AmnissosResidence","article_modified_time":"2025-06-27T11:20:45+00:00","og_image":[{"width":1799,"height":1200,"url":"https:\/\/amnissoshotel.com\/wp-content\/uploads\/tropical-shisha-bar-6-2-1.jpg","type":"image\/jpeg"}],"twitter_card":"summary_large_image","twitter_misc":{"Dur\u00e9e de lecture estim\u00e9e":"6 minutes"},"schema":{"@context":"https:\/\/schema.org","@graph":[{"@type":"WebPage","@id":"https:\/\/amnissoshotel.com\/fr\/l-hotel\/rooms-and-services\/","url":"https:\/\/amnissoshotel.com\/fr\/l-hotel\/rooms-and-services\/","name":"Chambres & Services - Amnissos Residence","isPartOf":{"@id":"https:\/\/amnissoshotel.com\/fr\/#website"},"primaryImageOfPage":{"@id":"https:\/\/amnissoshotel.com\/fr\/l-hotel\/rooms-and-services\/#primaryimage"},"image":{"@id":"https:\/\/amnissoshotel.com\/fr\/l-hotel\/rooms-and-services\/#primaryimage"},"thumbnailUrl":"https:\/\/amnissoshotel.com\/wp-content\/uploads\/tropical-shisha-bar-6-2-1.jpg","datePublished":"2016-02-11T16:07:44+00:00","dateModified":"2025-06-27T11:20:45+00:00","breadcrumb":{"@id":"https:\/\/amnissoshotel.com\/fr\/l-hotel\/rooms-and-services\/#breadcrumb"},"inLanguage":"fr-FR","potentialAction":[{"@type":"ReadAction","target":["https:\/\/amnissoshotel.com\/fr\/l-hotel\/rooms-and-services\/"]}]},{"@type":"ImageObject","inLanguage":"fr-FR","@id":"https:\/\/amnissoshotel.com\/fr\/l-hotel\/rooms-and-services\/#primaryimage","url":"https:\/\/amnissoshotel.com\/wp-content\/uploads\/tropical-shisha-bar-6-2-1.jpg","contentUrl":"https:\/\/amnissoshotel.com\/wp-content\/uploads\/tropical-shisha-bar-6-2-1.jpg","width":1799,"height":1200},{"@type":"BreadcrumbList","@id":"https:\/\/amnissoshotel.com\/fr\/l-hotel\/rooms-and-services\/#breadcrumb","itemListElement":[{"@type":"ListItem","position":1,"name":"Home","item":"https:\/\/amnissoshotel.com\/fr\/"},{"@type":"ListItem","position":2,"name":"L&#8217; h\u00f4tel","item":"https:\/\/amnissoshotel.com\/fr\/the-hotel\/"},{"@type":"ListItem","position":3,"name":"Chambres &#038; Services"}]},{"@type":"WebSite","@id":"https:\/\/amnissoshotel.com\/fr\/#website","url":"https:\/\/amnissoshotel.com\/fr\/","name":"Amnissos Residence","description":"Hotel in Rethymno","publisher":{"@id":"https:\/\/amnissoshotel.com\/fr\/#organization"},"potentialAction":[{"@type":"SearchAction","target":{"@type":"EntryPoint","urlTemplate":"https:\/\/amnissoshotel.com\/fr\/?s={search_term_string}"},"query-input":{"@type":"PropertyValueSpecification","valueRequired":true,"valueName":"search_term_string"}}],"inLanguage":"fr-FR"},{"@type":"Organization","@id":"https:\/\/amnissoshotel.com\/fr\/#organization","name":"Amnissos Residence","url":"https:\/\/amnissoshotel.com\/fr\/","logo":{"@type":"ImageObject","inLanguage":"fr-FR","@id":"https:\/\/amnissoshotel.com\/fr\/#\/schema\/logo\/image\/","url":"https:\/\/amnissoshotel.com\/wp-content\/uploads\/logo-trans-light-1.png","contentUrl":"https:\/\/amnissoshotel.com\/wp-content\/uploads\/logo-trans-light-1.png","width":512,"height":365,"caption":"Amnissos Residence"},"image":{"@id":"https:\/\/amnissoshotel.com\/fr\/#\/schema\/logo\/image\/"},"sameAs":["https:\/\/www.facebook.com\/AmnissosResidence","https:\/\/www.instagram.com\/amnissosresidence_rethymno\/"]}]}},"_links":{"self":[{"href":"https:\/\/amnissoshotel.com\/fr\/wp-json\/wp\/v2\/pages\/26229","targetHints":{"allow":["GET"]}}],"collection":[{"href":"https:\/\/amnissoshotel.com\/fr\/wp-json\/wp\/v2\/pages"}],"about":[{"href":"https:\/\/amnissoshotel.com\/fr\/wp-json\/wp\/v2\/types\/page"}],"author":[{"embeddable":true,"href":"https:\/\/amnissoshotel.com\/fr\/wp-json\/wp\/v2\/users\/1"}],"replies":[{"embeddable":true,"href":"https:\/\/amnissoshotel.com\/fr\/wp-json\/wp\/v2\/comments?post=26229"}],"version-history":[{"count":0,"href":"https:\/\/amnissoshotel.com\/fr\/wp-json\/wp\/v2\/pages\/26229\/revisions"}],"up":[{"embeddable":true,"href":"https:\/\/amnissoshotel.com\/fr\/wp-json\/wp\/v2\/pages\/26221"}],"wp:featuredmedia":[{"embeddable":true,"href":"https:\/\/amnissoshotel.com\/fr\/wp-json\/wp\/v2\/media\/31703"}],"wp:attachment":[{"href":"https:\/\/amnissoshotel.com\/fr\/wp-json\/wp\/v2\/media?parent=26229"}],"curies":[{"name":"wp","href":"https:\/\/api.w.org\/{rel}","templated":true}]}}