{"id":26231,"date":"2016-02-11T16:02:45","date_gmt":"2016-02-11T16:02:45","guid":{"rendered":"https:\/\/www.amnissoshotel.com\/the-hotel\/bungalows\/"},"modified":"2025-06-27T10:35:08","modified_gmt":"2025-06-27T10:35:08","slug":"bungalows","status":"publish","type":"page","link":"https:\/\/amnissoshotel.com\/fr\/l-hotel\/bungalows\/","title":{"rendered":"Bungalows"},"content":{"rendered":"\t\t<div data-elementor-type=\"wp-page\" data-elementor-id=\"26231\" class=\"elementor elementor-26231 elementor-11809\" data-elementor-post-type=\"page\">\n\t\t\t\t\t\t<section class=\"elementor-section elementor-top-section elementor-element elementor-element-5d77020 elementor-section-boxed elementor-section-height-default elementor-section-height-default\" data-id=\"5d77020\" data-element_type=\"section\">\n\t\t\t\t\t\t<div class=\"elementor-container elementor-column-gap-default\">\n\t\t\t\t\t<div class=\"elementor-column elementor-col-100 elementor-top-column elementor-element elementor-element-951074a\" data-id=\"951074a\" data-element_type=\"column\">\n\t\t\t<div class=\"elementor-widget-wrap elementor-element-populated\">\n\t\t\t\t\t\t<div class=\"elementor-element elementor-element-cfb97eb elementor-widget elementor-widget-text-editor\" data-id=\"cfb97eb\" data-element_type=\"widget\" data-widget_type=\"text-editor.default\">\n\t\t\t\t<div class=\"elementor-widget-container\">\n\t\t\t\t\t\t\t\t\t<p>Ce qui rend l&rsquo;Amnissos Residence unique, c&rsquo;est le style intemporel et pittoresque des bungalows, avec des unit\u00e9s de bungalows confortables et distinctes, plac\u00e9es dans la zone de l&rsquo;h\u00f4tel de mani\u00e8re \u00e0 ressembler \u00e0 un petit village avec des all\u00e9es, de belles cours et des jardins de fleurs.<\/p><p>L&rsquo;h\u00f4tel comprend 87 chambres confortables au total.<br \/>La cat\u00e9gorie des bungalows comprend 57 bungalows sup\u00e9rieurs :<\/p><ul><li>46 bungalows sup\u00e9rieurs avec de grandes terrasses ou balcons donnant sur la mer ou les jardins de l&rsquo;h\u00f4tel. (Les chambres des bungalows sup\u00e9rieurs ont \u00e9t\u00e9 r\u00e9nov\u00e9es en 2022-2023 avec de nouvelles salles de bains, de nouveaux meubles, matelas, peignoirs, v\u00eatements, de nouveaux sols r\u00e9nov\u00e9s, de nouvelles installations \u00e9lectriques, lumi\u00e8res, rideaux, s\u00e8che-cheveux, coffres-forts et mini-r\u00e9frig\u00e9rateurs).<\/li><li>6 chambres Superior Swim up Bungalows avec une piscine de 150 m\u00e8tres carr\u00e9s directement devant les terrasses des 6 chambres (enti\u00e8rement r\u00e9nov\u00e9es, toutes nouvelles chambres)<\/li><li>5 chambres Superior Jacuzzi Bungalows avec un luxueux jacuzzi priv\u00e9 sur chaque terrasse (enti\u00e8rement r\u00e9nov\u00e9es, toutes nouvelles chambres)<\/li><\/ul><p>Chaque chambre Bungalow est \u00e9quip\u00e9e de :<\/p><ul><li>TV satellite<\/li><li>Connexion Internet Wifi (gratuite)<\/li><li>Air conditionn\u00e9<\/li><li>Caf\u00e9 et th\u00e9 (recharge quotidienne)<\/li><li>Mini-r\u00e9frig\u00e9rateur<\/li><li>S\u00e8che-cheveux<\/li><li>Coffre-fort (suppl\u00e9ment de 20,00 euros par semaine)<\/li><li>Douche \u00e0 l&rsquo;italienne<\/li><\/ul><p>En outre, chaque chambre dispose d&rsquo;un grand balcon ou d&rsquo;une terrasse avec vue sur la mer ou le jardin.<\/p>\t\t\t\t\t\t\t\t<\/div>\n\t\t\t\t<\/div>\n\t\t\t\t\t<\/div>\n\t\t<\/div>\n\t\t\t\t\t<\/div>\n\t\t<\/section>\n\t\t\t\t<\/div>\n\t\t","protected":false},"excerpt":{"rendered":"<p>Ce qui rend l&rsquo;Amnissos Residence unique, c&rsquo;est le style intemporel et pittoresque des bungalows, avec des unit\u00e9s de bungalows confortables et distinctes, plac\u00e9es dans la zone de l&rsquo;h\u00f4tel de mani\u00e8re \u00e0 ressembler \u00e0 un petit village avec des all\u00e9es, de belles cours et des jardins de fleurs. L&rsquo;h\u00f4tel comprend 87 chambres confortables au total.La cat\u00e9gorie [&hellip;]<\/p>\n","protected":false},"author":1,"featured_media":31086,"parent":26221,"menu_order":0,"comment_status":"closed","ping_status":"closed","template":"","meta":{"site-sidebar-layout":"no-sidebar","site-content-layout":"page-builder","ast-site-content-layout":"full-width-container","site-content-style":"unboxed","site-sidebar-style":"unboxed","ast-global-header-display":"","ast-banner-title-visibility":"","ast-main-header-display":"","ast-hfb-above-header-display":"","ast-hfb-below-header-display":"","ast-hfb-mobile-header-display":"","site-post-title":"disabled","ast-breadcrumbs-content":"","ast-featured-img":"disabled","footer-sml-layout":"","theme-transparent-header-meta":"default","adv-header-id-meta":"","stick-header-meta":"default","header-above-stick-meta":"","header-main-stick-meta":"","header-below-stick-meta":"","astra-migrate-meta-layouts":"default","ast-page-background-enabled":"default","ast-page-background-meta":{"desktop":{"background-color":"","background-image":"","background-repeat":"repeat","background-position":"center center","background-size":"auto","background-attachment":"scroll","background-type":"","background-media":"","overlay-type":"","overlay-color":"","overlay-opacity":"","overlay-gradient":""},"tablet":{"background-color":"","background-image":"","background-repeat":"repeat","background-position":"center center","background-size":"auto","background-attachment":"scroll","background-type":"","background-media":"","overlay-type":"","overlay-color":"","overlay-opacity":"","overlay-gradient":""},"mobile":{"background-color":"","background-image":"","background-repeat":"repeat","background-position":"center center","background-size":"auto","background-attachment":"scroll","background-type":"","background-media":"","overlay-type":"","overlay-color":"","overlay-opacity":"","overlay-gradient":""}},"ast-content-background-meta":{"desktop":{"background-color":"var(--ast-global-color-5)","background-image":"","background-repeat":"repeat","background-position":"center center","background-size":"auto","background-attachment":"scroll","background-type":"","background-media":"","overlay-type":"","overlay-color":"","overlay-opacity":"","overlay-gradient":""},"tablet":{"background-color":"var(--ast-global-color-5)","background-image":"","background-repeat":"repeat","background-position":"center center","background-size":"auto","background-attachment":"scroll","background-type":"","background-media":"","overlay-type":"","overlay-color":"","overlay-opacity":"","overlay-gradient":""},"mobile":{"background-color":"var(--ast-global-color-5)","background-image":"","background-repeat":"repeat","background-position":"center center","background-size":"auto","background-attachment":"scroll","background-type":"","background-media":"","overlay-type":"","overlay-color":"","overlay-opacity":"","overlay-gradient":""}},"_glsr_average":0,"_glsr_ranking":0,"_glsr_reviews":0,"footnotes":""},"class_list":["post-26231","page","type-page","status-publish","has-post-thumbnail","hentry"],"yoast_head":"<!-- This site is optimized with the Yoast SEO plugin v25.3.1 - https:\/\/yoast.com\/wordpress\/plugins\/seo\/ -->\n<title>Bungalows - Amnissos Residence<\/title>\n<meta name=\"robots\" content=\"index, follow, max-snippet:-1, max-image-preview:large, max-video-preview:-1\" \/>\n<link rel=\"canonical\" href=\"https:\/\/amnissoshotel.com\/fr\/l-hotel\/bungalows\/\" \/>\n<meta property=\"og:locale\" content=\"fr_FR\" \/>\n<meta property=\"og:type\" content=\"article\" \/>\n<meta property=\"og:title\" content=\"Bungalows - Amnissos Residence\" \/>\n<meta property=\"og:description\" content=\"Ce qui rend l&rsquo;Amnissos Residence unique, c&rsquo;est le style intemporel et pittoresque des bungalows, avec des unit\u00e9s de bungalows confortables et distinctes, plac\u00e9es dans la zone de l&rsquo;h\u00f4tel de mani\u00e8re \u00e0 ressembler \u00e0 un petit village avec des all\u00e9es, de belles cours et des jardins de fleurs. L&rsquo;h\u00f4tel comprend 87 chambres confortables au total.La cat\u00e9gorie [&hellip;]\" \/>\n<meta property=\"og:url\" content=\"https:\/\/amnissoshotel.com\/fr\/l-hotel\/bungalows\/\" \/>\n<meta property=\"og:site_name\" content=\"Amnissos Residence\" \/>\n<meta property=\"article:publisher\" content=\"https:\/\/www.facebook.com\/AmnissosResidence\" \/>\n<meta property=\"article:modified_time\" content=\"2025-06-27T10:35:08+00:00\" \/>\n<meta property=\"og:image\" content=\"https:\/\/amnissoshotel.com\/wp-content\/uploads\/Superior-Bungalow-Jacuzzi-Room-07-1.jpg\" \/>\n\t<meta property=\"og:image:width\" content=\"1799\" \/>\n\t<meta property=\"og:image:height\" content=\"1200\" \/>\n\t<meta property=\"og:image:type\" content=\"image\/jpeg\" \/>\n<meta name=\"twitter:card\" content=\"summary_large_image\" \/>\n<meta name=\"twitter:label1\" content=\"Dur\u00e9e de lecture estim\u00e9e\" \/>\n\t<meta name=\"twitter:data1\" content=\"2 minutes\" \/>\n<script type=\"application\/ld+json\" class=\"yoast-schema-graph\">{\"@context\":\"https:\/\/schema.org\",\"@graph\":[{\"@type\":\"WebPage\",\"@id\":\"https:\/\/amnissoshotel.com\/fr\/l-hotel\/bungalows\/\",\"url\":\"https:\/\/amnissoshotel.com\/fr\/l-hotel\/bungalows\/\",\"name\":\"Bungalows - Amnissos Residence\",\"isPartOf\":{\"@id\":\"https:\/\/amnissoshotel.com\/fr\/#website\"},\"primaryImageOfPage\":{\"@id\":\"https:\/\/amnissoshotel.com\/fr\/l-hotel\/bungalows\/#primaryimage\"},\"image\":{\"@id\":\"https:\/\/amnissoshotel.com\/fr\/l-hotel\/bungalows\/#primaryimage\"},\"thumbnailUrl\":\"https:\/\/amnissoshotel.com\/wp-content\/uploads\/Superior-Bungalow-Jacuzzi-Room-07-1.jpg\",\"datePublished\":\"2016-02-11T16:02:45+00:00\",\"dateModified\":\"2025-06-27T10:35:08+00:00\",\"breadcrumb\":{\"@id\":\"https:\/\/amnissoshotel.com\/fr\/l-hotel\/bungalows\/#breadcrumb\"},\"inLanguage\":\"fr-FR\",\"potentialAction\":[{\"@type\":\"ReadAction\",\"target\":[\"https:\/\/amnissoshotel.com\/fr\/l-hotel\/bungalows\/\"]}]},{\"@type\":\"ImageObject\",\"inLanguage\":\"fr-FR\",\"@id\":\"https:\/\/amnissoshotel.com\/fr\/l-hotel\/bungalows\/#primaryimage\",\"url\":\"https:\/\/amnissoshotel.com\/wp-content\/uploads\/Superior-Bungalow-Jacuzzi-Room-07-1.jpg\",\"contentUrl\":\"https:\/\/amnissoshotel.com\/wp-content\/uploads\/Superior-Bungalow-Jacuzzi-Room-07-1.jpg\",\"width\":1799,\"height\":1200},{\"@type\":\"BreadcrumbList\",\"@id\":\"https:\/\/amnissoshotel.com\/fr\/l-hotel\/bungalows\/#breadcrumb\",\"itemListElement\":[{\"@type\":\"ListItem\",\"position\":1,\"name\":\"Home\",\"item\":\"https:\/\/amnissoshotel.com\/fr\/\"},{\"@type\":\"ListItem\",\"position\":2,\"name\":\"L&#8217; h\u00f4tel\",\"item\":\"https:\/\/amnissoshotel.com\/fr\/the-hotel\/\"},{\"@type\":\"ListItem\",\"position\":3,\"name\":\"Bungalows\"}]},{\"@type\":\"WebSite\",\"@id\":\"https:\/\/amnissoshotel.com\/fr\/#website\",\"url\":\"https:\/\/amnissoshotel.com\/fr\/\",\"name\":\"Amnissos Residence\",\"description\":\"Hotel in Rethymno\",\"publisher\":{\"@id\":\"https:\/\/amnissoshotel.com\/fr\/#organization\"},\"potentialAction\":[{\"@type\":\"SearchAction\",\"target\":{\"@type\":\"EntryPoint\",\"urlTemplate\":\"https:\/\/amnissoshotel.com\/fr\/?s={search_term_string}\"},\"query-input\":{\"@type\":\"PropertyValueSpecification\",\"valueRequired\":true,\"valueName\":\"search_term_string\"}}],\"inLanguage\":\"fr-FR\"},{\"@type\":\"Organization\",\"@id\":\"https:\/\/amnissoshotel.com\/fr\/#organization\",\"name\":\"Amnissos Residence\",\"url\":\"https:\/\/amnissoshotel.com\/fr\/\",\"logo\":{\"@type\":\"ImageObject\",\"inLanguage\":\"fr-FR\",\"@id\":\"https:\/\/amnissoshotel.com\/fr\/#\/schema\/logo\/image\/\",\"url\":\"https:\/\/amnissoshotel.com\/wp-content\/uploads\/logo-trans-light-1.png\",\"contentUrl\":\"https:\/\/amnissoshotel.com\/wp-content\/uploads\/logo-trans-light-1.png\",\"width\":512,\"height\":365,\"caption\":\"Amnissos Residence\"},\"image\":{\"@id\":\"https:\/\/amnissoshotel.com\/fr\/#\/schema\/logo\/image\/\"},\"sameAs\":[\"https:\/\/www.facebook.com\/AmnissosResidence\",\"https:\/\/www.instagram.com\/amnissosresidence_rethymno\/\"]}]}<\/script>\n<!-- \/ Yoast SEO plugin. -->","yoast_head_json":{"title":"Bungalows - Amnissos Residence","robots":{"index":"index","follow":"follow","max-snippet":"max-snippet:-1","max-image-preview":"max-image-preview:large","max-video-preview":"max-video-preview:-1"},"canonical":"https:\/\/amnissoshotel.com\/fr\/l-hotel\/bungalows\/","og_locale":"fr_FR","og_type":"article","og_title":"Bungalows - Amnissos Residence","og_description":"Ce qui rend l&rsquo;Amnissos Residence unique, c&rsquo;est le style intemporel et pittoresque des bungalows, avec des unit\u00e9s de bungalows confortables et distinctes, plac\u00e9es dans la zone de l&rsquo;h\u00f4tel de mani\u00e8re \u00e0 ressembler \u00e0 un petit village avec des all\u00e9es, de belles cours et des jardins de fleurs. L&rsquo;h\u00f4tel comprend 87 chambres confortables au total.La cat\u00e9gorie [&hellip;]","og_url":"https:\/\/amnissoshotel.com\/fr\/l-hotel\/bungalows\/","og_site_name":"Amnissos Residence","article_publisher":"https:\/\/www.facebook.com\/AmnissosResidence","article_modified_time":"2025-06-27T10:35:08+00:00","og_image":[{"width":1799,"height":1200,"url":"https:\/\/amnissoshotel.com\/wp-content\/uploads\/Superior-Bungalow-Jacuzzi-Room-07-1.jpg","type":"image\/jpeg"}],"twitter_card":"summary_large_image","twitter_misc":{"Dur\u00e9e de lecture estim\u00e9e":"2 minutes"},"schema":{"@context":"https:\/\/schema.org","@graph":[{"@type":"WebPage","@id":"https:\/\/amnissoshotel.com\/fr\/l-hotel\/bungalows\/","url":"https:\/\/amnissoshotel.com\/fr\/l-hotel\/bungalows\/","name":"Bungalows - Amnissos Residence","isPartOf":{"@id":"https:\/\/amnissoshotel.com\/fr\/#website"},"primaryImageOfPage":{"@id":"https:\/\/amnissoshotel.com\/fr\/l-hotel\/bungalows\/#primaryimage"},"image":{"@id":"https:\/\/amnissoshotel.com\/fr\/l-hotel\/bungalows\/#primaryimage"},"thumbnailUrl":"https:\/\/amnissoshotel.com\/wp-content\/uploads\/Superior-Bungalow-Jacuzzi-Room-07-1.jpg","datePublished":"2016-02-11T16:02:45+00:00","dateModified":"2025-06-27T10:35:08+00:00","breadcrumb":{"@id":"https:\/\/amnissoshotel.com\/fr\/l-hotel\/bungalows\/#breadcrumb"},"inLanguage":"fr-FR","potentialAction":[{"@type":"ReadAction","target":["https:\/\/amnissoshotel.com\/fr\/l-hotel\/bungalows\/"]}]},{"@type":"ImageObject","inLanguage":"fr-FR","@id":"https:\/\/amnissoshotel.com\/fr\/l-hotel\/bungalows\/#primaryimage","url":"https:\/\/amnissoshotel.com\/wp-content\/uploads\/Superior-Bungalow-Jacuzzi-Room-07-1.jpg","contentUrl":"https:\/\/amnissoshotel.com\/wp-content\/uploads\/Superior-Bungalow-Jacuzzi-Room-07-1.jpg","width":1799,"height":1200},{"@type":"BreadcrumbList","@id":"https:\/\/amnissoshotel.com\/fr\/l-hotel\/bungalows\/#breadcrumb","itemListElement":[{"@type":"ListItem","position":1,"name":"Home","item":"https:\/\/amnissoshotel.com\/fr\/"},{"@type":"ListItem","position":2,"name":"L&#8217; h\u00f4tel","item":"https:\/\/amnissoshotel.com\/fr\/the-hotel\/"},{"@type":"ListItem","position":3,"name":"Bungalows"}]},{"@type":"WebSite","@id":"https:\/\/amnissoshotel.com\/fr\/#website","url":"https:\/\/amnissoshotel.com\/fr\/","name":"Amnissos Residence","description":"Hotel in Rethymno","publisher":{"@id":"https:\/\/amnissoshotel.com\/fr\/#organization"},"potentialAction":[{"@type":"SearchAction","target":{"@type":"EntryPoint","urlTemplate":"https:\/\/amnissoshotel.com\/fr\/?s={search_term_string}"},"query-input":{"@type":"PropertyValueSpecification","valueRequired":true,"valueName":"search_term_string"}}],"inLanguage":"fr-FR"},{"@type":"Organization","@id":"https:\/\/amnissoshotel.com\/fr\/#organization","name":"Amnissos Residence","url":"https:\/\/amnissoshotel.com\/fr\/","logo":{"@type":"ImageObject","inLanguage":"fr-FR","@id":"https:\/\/amnissoshotel.com\/fr\/#\/schema\/logo\/image\/","url":"https:\/\/amnissoshotel.com\/wp-content\/uploads\/logo-trans-light-1.png","contentUrl":"https:\/\/amnissoshotel.com\/wp-content\/uploads\/logo-trans-light-1.png","width":512,"height":365,"caption":"Amnissos Residence"},"image":{"@id":"https:\/\/amnissoshotel.com\/fr\/#\/schema\/logo\/image\/"},"sameAs":["https:\/\/www.facebook.com\/AmnissosResidence","https:\/\/www.instagram.com\/amnissosresidence_rethymno\/"]}]}},"_links":{"self":[{"href":"https:\/\/amnissoshotel.com\/fr\/wp-json\/wp\/v2\/pages\/26231","targetHints":{"allow":["GET"]}}],"collection":[{"href":"https:\/\/amnissoshotel.com\/fr\/wp-json\/wp\/v2\/pages"}],"about":[{"href":"https:\/\/amnissoshotel.com\/fr\/wp-json\/wp\/v2\/types\/page"}],"author":[{"embeddable":true,"href":"https:\/\/amnissoshotel.com\/fr\/wp-json\/wp\/v2\/users\/1"}],"replies":[{"embeddable":true,"href":"https:\/\/amnissoshotel.com\/fr\/wp-json\/wp\/v2\/comments?post=26231"}],"version-history":[{"count":0,"href":"https:\/\/amnissoshotel.com\/fr\/wp-json\/wp\/v2\/pages\/26231\/revisions"}],"up":[{"embeddable":true,"href":"https:\/\/amnissoshotel.com\/fr\/wp-json\/wp\/v2\/pages\/26221"}],"wp:featuredmedia":[{"embeddable":true,"href":"https:\/\/amnissoshotel.com\/fr\/wp-json\/wp\/v2\/media\/31086"}],"wp:attachment":[{"href":"https:\/\/amnissoshotel.com\/fr\/wp-json\/wp\/v2\/media?parent=26231"}],"curies":[{"name":"wp","href":"https:\/\/api.w.org\/{rel}","templated":true}]}}