{"id":26239,"date":"2016-02-11T16:07:39","date_gmt":"2016-02-11T16:07:39","guid":{"rendered":"https:\/\/www.amnissoshotel.com\/the-hotel\/swimming-pool\/"},"modified":"2023-08-28T20:30:04","modified_gmt":"2023-08-28T20:30:04","slug":"la-piscine","status":"publish","type":"page","link":"https:\/\/amnissoshotel.com\/fr\/l-hotel\/la-piscine\/","title":{"rendered":"La piscine"},"content":{"rendered":"\t\t<div data-elementor-type=\"wp-page\" data-elementor-id=\"26239\" class=\"elementor elementor-26239 elementor-11818\" data-elementor-post-type=\"page\">\n\t\t\t\t\t\t<section class=\"elementor-section elementor-top-section elementor-element elementor-element-250728dc elementor-section-boxed elementor-section-height-default elementor-section-height-default\" data-id=\"250728dc\" data-element_type=\"section\">\n\t\t\t\t\t\t<div class=\"elementor-container elementor-column-gap-default\">\n\t\t\t\t\t<div class=\"elementor-column elementor-col-100 elementor-top-column elementor-element elementor-element-5ae6eba\" data-id=\"5ae6eba\" data-element_type=\"column\">\n\t\t\t<div class=\"elementor-widget-wrap elementor-element-populated\">\n\t\t\t\t\t\t<div class=\"elementor-element elementor-element-15468857 elementor-widget elementor-widget-text-editor\" data-id=\"15468857\" data-element_type=\"widget\" data-widget_type=\"text-editor.default\">\n\t\t\t\t<div class=\"elementor-widget-container\">\n\t\t\t\t\t\t\t\t\t<p>Amnissos Residence dispose d\u2019un espace confortable juste \u00e0 c\u00f4t\u00e9 du bar de la piscine principale avec 2 deux piscines enti\u00e8rement r\u00e9nov\u00e9es, une pour adultes de 150 m\u00b2 et une pour enfants de 15 m\u00b2. Les piscines ont une profondeur de 1,70 m. Les transats et les parasols au bord de la piscine sont gratuits pour les clients de l\u2019h\u00f4tel.<\/p><p>Pour ceux qui pr\u00e9f\u00e8rent se d\u00e9tendre au bord de la mer, l\u2019h\u00f4tel propose la plage la plus proche qui se trouve \u00e0 seulement 150 m\u00e8tres de l\u2019h\u00f4tel. La plage se compose de sable et il y a des transats et des parasols gratuits pour les clients de l\u2019h\u00f4tel.<\/p><p><strong>R\u00e8gles de la piscine<\/strong><\/p><p>La piscine est ouverte de 07h30 \u00e0 18h30<\/p><p>Les sauveteurs ne sont pas disponibles \u00e0 l\u2019h\u00f4tel. Les enfants doivent \u00eatre surveill\u00e9s en tout temps.<br \/>Pour des raisons de s\u00e9curit\u00e9, la plong\u00e9e et la baignade nocturne doivent \u00eatre \u00e9vit\u00e9es. Pas de course autour de la piscine.<br \/>Aucun verre est autoris\u00e9 dans la zone de la piscine<\/p>\t\t\t\t\t\t\t\t<\/div>\n\t\t\t\t<\/div>\n\t\t\t\t<div class=\"elementor-element elementor-element-e01b6b9 elementor-widget elementor-widget-image\" data-id=\"e01b6b9\" data-element_type=\"widget\" data-widget_type=\"image.default\">\n\t\t\t\t<div class=\"elementor-widget-container\">\n\t\t\t\t\t\t\t\t\t\t\t\t\t\t\t\t<a href=\"https:\/\/amnissoshotel.com\/wp-content\/uploads\/swimming-pool-2-1.jpg\" data-elementor-open-lightbox=\"yes\" data-elementor-lightbox-title=\"swimming-pool-2\" data-e-action-hash=\"#elementor-action%3Aaction%3Dlightbox%26settings%3DeyJpZCI6MzEyMDYsInVybCI6Imh0dHBzOlwvXC9hbW5pc3Nvc2hvdGVsLmNvbVwvd3AtY29udGVudFwvdXBsb2Fkc1wvc3dpbW1pbmctcG9vbC0yLTEuanBnIn0%3D\">\n\t\t\t\t\t\t\t<img fetchpriority=\"high\" decoding=\"async\" width=\"1799\" height=\"1200\" src=\"https:\/\/amnissoshotel.com\/wp-content\/uploads\/swimming-pool-2-1.jpg\" class=\"attachment-large size-large wp-image-31206\" alt=\"\" srcset=\"https:\/\/amnissoshotel.com\/wp-content\/uploads\/swimming-pool-2-1.jpg 1799w, https:\/\/amnissoshotel.com\/wp-content\/uploads\/swimming-pool-2-1-900x600.jpg 900w, https:\/\/amnissoshotel.com\/wp-content\/uploads\/swimming-pool-2-1-1536x1025.jpg 1536w\" sizes=\"(max-width: 1799px) 100vw, 1799px\" \/>\t\t\t\t\t\t\t\t<\/a>\n\t\t\t\t\t\t\t\t\t\t\t\t\t\t\t<\/div>\n\t\t\t\t<\/div>\n\t\t\t\t<div class=\"elementor-element elementor-element-5b83cea elementor-widget elementor-widget-image\" data-id=\"5b83cea\" data-element_type=\"widget\" data-widget_type=\"image.default\">\n\t\t\t\t<div class=\"elementor-widget-container\">\n\t\t\t\t\t\t\t\t\t\t\t\t\t\t\t\t<a href=\"https:\/\/amnissoshotel.com\/wp-content\/uploads\/Superior-Bungalow-Swim-up-Rooms-02-3-1.jpg\" data-elementor-open-lightbox=\"yes\" data-elementor-lightbox-title=\"Superior-Bungalow-Swim-up-Rooms-02-3.jpg\" data-e-action-hash=\"#elementor-action%3Aaction%3Dlightbox%26settings%3DeyJpZCI6MzE1NzYsInVybCI6Imh0dHBzOlwvXC9hbW5pc3Nvc2hvdGVsLmNvbVwvd3AtY29udGVudFwvdXBsb2Fkc1wvU3VwZXJpb3ItQnVuZ2Fsb3ctU3dpbS11cC1Sb29tcy0wMi0zLTEuanBnIn0%3D\">\n\t\t\t\t\t\t\t<img decoding=\"async\" width=\"1799\" height=\"1200\" src=\"https:\/\/amnissoshotel.com\/wp-content\/uploads\/Superior-Bungalow-Swim-up-Rooms-02-3-1.jpg\" class=\"attachment-large size-large wp-image-31576\" alt=\"\" srcset=\"https:\/\/amnissoshotel.com\/wp-content\/uploads\/Superior-Bungalow-Swim-up-Rooms-02-3-1.jpg 1799w, https:\/\/amnissoshotel.com\/wp-content\/uploads\/Superior-Bungalow-Swim-up-Rooms-02-3-1-900x600.jpg 900w, https:\/\/amnissoshotel.com\/wp-content\/uploads\/Superior-Bungalow-Swim-up-Rooms-02-3-1-1536x1025.jpg 1536w\" sizes=\"(max-width: 1799px) 100vw, 1799px\" \/>\t\t\t\t\t\t\t\t<\/a>\n\t\t\t\t\t\t\t\t\t\t\t\t\t\t\t<\/div>\n\t\t\t\t<\/div>\n\t\t\t\t\t<\/div>\n\t\t<\/div>\n\t\t\t\t\t<\/div>\n\t\t<\/section>\n\t\t\t\t<\/div>\n\t\t","protected":false},"excerpt":{"rendered":"<p>Amnissos Residence dispose d\u2019un espace confortable juste \u00e0 c\u00f4t\u00e9 du bar de la piscine principale avec 2 deux piscines enti\u00e8rement r\u00e9nov\u00e9es, une pour adultes de 150 m\u00b2 et une pour enfants de 15 m\u00b2. Les piscines ont une profondeur de 1,70 m. Les transats et les parasols au bord de la piscine sont gratuits pour [&hellip;]<\/p>\n","protected":false},"author":1,"featured_media":31201,"parent":26221,"menu_order":0,"comment_status":"closed","ping_status":"closed","template":"","meta":{"site-sidebar-layout":"default","site-content-layout":"default","ast-site-content-layout":"default","site-content-style":"default","site-sidebar-style":"default","ast-global-header-display":"","ast-banner-title-visibility":"","ast-main-header-display":"","ast-hfb-above-header-display":"","ast-hfb-below-header-display":"","ast-hfb-mobile-header-display":"","site-post-title":"","ast-breadcrumbs-content":"","ast-featured-img":"","footer-sml-layout":"","theme-transparent-header-meta":"default","adv-header-id-meta":"","stick-header-meta":"default","header-above-stick-meta":"","header-main-stick-meta":"","header-below-stick-meta":"","astra-migrate-meta-layouts":"default","ast-page-background-enabled":"default","ast-page-background-meta":{"desktop":{"background-color":"","background-image":"","background-repeat":"repeat","background-position":"center center","background-size":"auto","background-attachment":"scroll","background-type":"","background-media":"","overlay-type":"","overlay-color":"","overlay-opacity":"","overlay-gradient":""},"tablet":{"background-color":"","background-image":"","background-repeat":"repeat","background-position":"center center","background-size":"auto","background-attachment":"scroll","background-type":"","background-media":"","overlay-type":"","overlay-color":"","overlay-opacity":"","overlay-gradient":""},"mobile":{"background-color":"","background-image":"","background-repeat":"repeat","background-position":"center center","background-size":"auto","background-attachment":"scroll","background-type":"","background-media":"","overlay-type":"","overlay-color":"","overlay-opacity":"","overlay-gradient":""}},"ast-content-background-meta":{"desktop":{"background-color":"var(--ast-global-color-5)","background-image":"","background-repeat":"repeat","background-position":"center center","background-size":"auto","background-attachment":"scroll","background-type":"","background-media":"","overlay-type":"","overlay-color":"","overlay-opacity":"","overlay-gradient":""},"tablet":{"background-color":"var(--ast-global-color-5)","background-image":"","background-repeat":"repeat","background-position":"center center","background-size":"auto","background-attachment":"scroll","background-type":"","background-media":"","overlay-type":"","overlay-color":"","overlay-opacity":"","overlay-gradient":""},"mobile":{"background-color":"var(--ast-global-color-5)","background-image":"","background-repeat":"repeat","background-position":"center center","background-size":"auto","background-attachment":"scroll","background-type":"","background-media":"","overlay-type":"","overlay-color":"","overlay-opacity":"","overlay-gradient":""}},"_glsr_average":0,"_glsr_ranking":0,"_glsr_reviews":0,"footnotes":""},"class_list":["post-26239","page","type-page","status-publish","has-post-thumbnail","hentry"],"yoast_head":"<!-- This site is optimized with the Yoast SEO plugin v25.3.1 - https:\/\/yoast.com\/wordpress\/plugins\/seo\/ -->\n<title>La piscine - Amnissos Residence<\/title>\n<meta name=\"robots\" content=\"index, follow, max-snippet:-1, max-image-preview:large, max-video-preview:-1\" \/>\n<link rel=\"canonical\" href=\"https:\/\/amnissoshotel.com\/fr\/l-hotel\/la-piscine\/\" \/>\n<meta property=\"og:locale\" content=\"fr_FR\" \/>\n<meta property=\"og:type\" content=\"article\" \/>\n<meta property=\"og:title\" content=\"La piscine - Amnissos Residence\" \/>\n<meta property=\"og:description\" content=\"Amnissos Residence dispose d\u2019un espace confortable juste \u00e0 c\u00f4t\u00e9 du bar de la piscine principale avec 2 deux piscines enti\u00e8rement r\u00e9nov\u00e9es, une pour adultes de 150 m\u00b2 et une pour enfants de 15 m\u00b2. Les piscines ont une profondeur de 1,70 m. Les transats et les parasols au bord de la piscine sont gratuits pour [&hellip;]\" \/>\n<meta property=\"og:url\" content=\"https:\/\/amnissoshotel.com\/fr\/l-hotel\/la-piscine\/\" \/>\n<meta property=\"og:site_name\" content=\"Amnissos Residence\" \/>\n<meta property=\"article:publisher\" content=\"https:\/\/www.facebook.com\/AmnissosResidence\" \/>\n<meta property=\"article:modified_time\" content=\"2023-08-28T20:30:04+00:00\" \/>\n<meta property=\"og:image\" content=\"https:\/\/amnissoshotel.com\/wp-content\/uploads\/swimming-pool-1-1.jpg\" \/>\n\t<meta property=\"og:image:width\" content=\"1799\" \/>\n\t<meta property=\"og:image:height\" content=\"1200\" \/>\n\t<meta property=\"og:image:type\" content=\"image\/jpeg\" \/>\n<meta name=\"twitter:card\" content=\"summary_large_image\" \/>\n<meta name=\"twitter:label1\" content=\"Dur\u00e9e de lecture estim\u00e9e\" \/>\n\t<meta name=\"twitter:data1\" content=\"2 minutes\" \/>\n<script type=\"application\/ld+json\" class=\"yoast-schema-graph\">{\"@context\":\"https:\/\/schema.org\",\"@graph\":[{\"@type\":\"WebPage\",\"@id\":\"https:\/\/amnissoshotel.com\/fr\/l-hotel\/la-piscine\/\",\"url\":\"https:\/\/amnissoshotel.com\/fr\/l-hotel\/la-piscine\/\",\"name\":\"La piscine - Amnissos Residence\",\"isPartOf\":{\"@id\":\"https:\/\/amnissoshotel.com\/fr\/#website\"},\"primaryImageOfPage\":{\"@id\":\"https:\/\/amnissoshotel.com\/fr\/l-hotel\/la-piscine\/#primaryimage\"},\"image\":{\"@id\":\"https:\/\/amnissoshotel.com\/fr\/l-hotel\/la-piscine\/#primaryimage\"},\"thumbnailUrl\":\"https:\/\/amnissoshotel.com\/wp-content\/uploads\/swimming-pool-1-1.jpg\",\"datePublished\":\"2016-02-11T16:07:39+00:00\",\"dateModified\":\"2023-08-28T20:30:04+00:00\",\"breadcrumb\":{\"@id\":\"https:\/\/amnissoshotel.com\/fr\/l-hotel\/la-piscine\/#breadcrumb\"},\"inLanguage\":\"fr-FR\",\"potentialAction\":[{\"@type\":\"ReadAction\",\"target\":[\"https:\/\/amnissoshotel.com\/fr\/l-hotel\/la-piscine\/\"]}]},{\"@type\":\"ImageObject\",\"inLanguage\":\"fr-FR\",\"@id\":\"https:\/\/amnissoshotel.com\/fr\/l-hotel\/la-piscine\/#primaryimage\",\"url\":\"https:\/\/amnissoshotel.com\/wp-content\/uploads\/swimming-pool-1-1.jpg\",\"contentUrl\":\"https:\/\/amnissoshotel.com\/wp-content\/uploads\/swimming-pool-1-1.jpg\",\"width\":1799,\"height\":1200},{\"@type\":\"BreadcrumbList\",\"@id\":\"https:\/\/amnissoshotel.com\/fr\/l-hotel\/la-piscine\/#breadcrumb\",\"itemListElement\":[{\"@type\":\"ListItem\",\"position\":1,\"name\":\"Home\",\"item\":\"https:\/\/amnissoshotel.com\/fr\/\"},{\"@type\":\"ListItem\",\"position\":2,\"name\":\"L&#8217; h\u00f4tel\",\"item\":\"https:\/\/amnissoshotel.com\/fr\/the-hotel\/\"},{\"@type\":\"ListItem\",\"position\":3,\"name\":\"La piscine\"}]},{\"@type\":\"WebSite\",\"@id\":\"https:\/\/amnissoshotel.com\/fr\/#website\",\"url\":\"https:\/\/amnissoshotel.com\/fr\/\",\"name\":\"Amnissos Residence\",\"description\":\"Hotel in Rethymno\",\"publisher\":{\"@id\":\"https:\/\/amnissoshotel.com\/fr\/#organization\"},\"potentialAction\":[{\"@type\":\"SearchAction\",\"target\":{\"@type\":\"EntryPoint\",\"urlTemplate\":\"https:\/\/amnissoshotel.com\/fr\/?s={search_term_string}\"},\"query-input\":{\"@type\":\"PropertyValueSpecification\",\"valueRequired\":true,\"valueName\":\"search_term_string\"}}],\"inLanguage\":\"fr-FR\"},{\"@type\":\"Organization\",\"@id\":\"https:\/\/amnissoshotel.com\/fr\/#organization\",\"name\":\"Amnissos Residence\",\"url\":\"https:\/\/amnissoshotel.com\/fr\/\",\"logo\":{\"@type\":\"ImageObject\",\"inLanguage\":\"fr-FR\",\"@id\":\"https:\/\/amnissoshotel.com\/fr\/#\/schema\/logo\/image\/\",\"url\":\"https:\/\/amnissoshotel.com\/wp-content\/uploads\/logo-trans-light-1.png\",\"contentUrl\":\"https:\/\/amnissoshotel.com\/wp-content\/uploads\/logo-trans-light-1.png\",\"width\":512,\"height\":365,\"caption\":\"Amnissos Residence\"},\"image\":{\"@id\":\"https:\/\/amnissoshotel.com\/fr\/#\/schema\/logo\/image\/\"},\"sameAs\":[\"https:\/\/www.facebook.com\/AmnissosResidence\",\"https:\/\/www.instagram.com\/amnissosresidence_rethymno\/\"]}]}<\/script>\n<!-- \/ Yoast SEO plugin. -->","yoast_head_json":{"title":"La piscine - Amnissos Residence","robots":{"index":"index","follow":"follow","max-snippet":"max-snippet:-1","max-image-preview":"max-image-preview:large","max-video-preview":"max-video-preview:-1"},"canonical":"https:\/\/amnissoshotel.com\/fr\/l-hotel\/la-piscine\/","og_locale":"fr_FR","og_type":"article","og_title":"La piscine - Amnissos Residence","og_description":"Amnissos Residence dispose d\u2019un espace confortable juste \u00e0 c\u00f4t\u00e9 du bar de la piscine principale avec 2 deux piscines enti\u00e8rement r\u00e9nov\u00e9es, une pour adultes de 150 m\u00b2 et une pour enfants de 15 m\u00b2. Les piscines ont une profondeur de 1,70 m. Les transats et les parasols au bord de la piscine sont gratuits pour [&hellip;]","og_url":"https:\/\/amnissoshotel.com\/fr\/l-hotel\/la-piscine\/","og_site_name":"Amnissos Residence","article_publisher":"https:\/\/www.facebook.com\/AmnissosResidence","article_modified_time":"2023-08-28T20:30:04+00:00","og_image":[{"width":1799,"height":1200,"url":"https:\/\/amnissoshotel.com\/wp-content\/uploads\/swimming-pool-1-1.jpg","type":"image\/jpeg"}],"twitter_card":"summary_large_image","twitter_misc":{"Dur\u00e9e de lecture estim\u00e9e":"2 minutes"},"schema":{"@context":"https:\/\/schema.org","@graph":[{"@type":"WebPage","@id":"https:\/\/amnissoshotel.com\/fr\/l-hotel\/la-piscine\/","url":"https:\/\/amnissoshotel.com\/fr\/l-hotel\/la-piscine\/","name":"La piscine - Amnissos Residence","isPartOf":{"@id":"https:\/\/amnissoshotel.com\/fr\/#website"},"primaryImageOfPage":{"@id":"https:\/\/amnissoshotel.com\/fr\/l-hotel\/la-piscine\/#primaryimage"},"image":{"@id":"https:\/\/amnissoshotel.com\/fr\/l-hotel\/la-piscine\/#primaryimage"},"thumbnailUrl":"https:\/\/amnissoshotel.com\/wp-content\/uploads\/swimming-pool-1-1.jpg","datePublished":"2016-02-11T16:07:39+00:00","dateModified":"2023-08-28T20:30:04+00:00","breadcrumb":{"@id":"https:\/\/amnissoshotel.com\/fr\/l-hotel\/la-piscine\/#breadcrumb"},"inLanguage":"fr-FR","potentialAction":[{"@type":"ReadAction","target":["https:\/\/amnissoshotel.com\/fr\/l-hotel\/la-piscine\/"]}]},{"@type":"ImageObject","inLanguage":"fr-FR","@id":"https:\/\/amnissoshotel.com\/fr\/l-hotel\/la-piscine\/#primaryimage","url":"https:\/\/amnissoshotel.com\/wp-content\/uploads\/swimming-pool-1-1.jpg","contentUrl":"https:\/\/amnissoshotel.com\/wp-content\/uploads\/swimming-pool-1-1.jpg","width":1799,"height":1200},{"@type":"BreadcrumbList","@id":"https:\/\/amnissoshotel.com\/fr\/l-hotel\/la-piscine\/#breadcrumb","itemListElement":[{"@type":"ListItem","position":1,"name":"Home","item":"https:\/\/amnissoshotel.com\/fr\/"},{"@type":"ListItem","position":2,"name":"L&#8217; h\u00f4tel","item":"https:\/\/amnissoshotel.com\/fr\/the-hotel\/"},{"@type":"ListItem","position":3,"name":"La piscine"}]},{"@type":"WebSite","@id":"https:\/\/amnissoshotel.com\/fr\/#website","url":"https:\/\/amnissoshotel.com\/fr\/","name":"Amnissos Residence","description":"Hotel in Rethymno","publisher":{"@id":"https:\/\/amnissoshotel.com\/fr\/#organization"},"potentialAction":[{"@type":"SearchAction","target":{"@type":"EntryPoint","urlTemplate":"https:\/\/amnissoshotel.com\/fr\/?s={search_term_string}"},"query-input":{"@type":"PropertyValueSpecification","valueRequired":true,"valueName":"search_term_string"}}],"inLanguage":"fr-FR"},{"@type":"Organization","@id":"https:\/\/amnissoshotel.com\/fr\/#organization","name":"Amnissos Residence","url":"https:\/\/amnissoshotel.com\/fr\/","logo":{"@type":"ImageObject","inLanguage":"fr-FR","@id":"https:\/\/amnissoshotel.com\/fr\/#\/schema\/logo\/image\/","url":"https:\/\/amnissoshotel.com\/wp-content\/uploads\/logo-trans-light-1.png","contentUrl":"https:\/\/amnissoshotel.com\/wp-content\/uploads\/logo-trans-light-1.png","width":512,"height":365,"caption":"Amnissos Residence"},"image":{"@id":"https:\/\/amnissoshotel.com\/fr\/#\/schema\/logo\/image\/"},"sameAs":["https:\/\/www.facebook.com\/AmnissosResidence","https:\/\/www.instagram.com\/amnissosresidence_rethymno\/"]}]}},"_links":{"self":[{"href":"https:\/\/amnissoshotel.com\/fr\/wp-json\/wp\/v2\/pages\/26239","targetHints":{"allow":["GET"]}}],"collection":[{"href":"https:\/\/amnissoshotel.com\/fr\/wp-json\/wp\/v2\/pages"}],"about":[{"href":"https:\/\/amnissoshotel.com\/fr\/wp-json\/wp\/v2\/types\/page"}],"author":[{"embeddable":true,"href":"https:\/\/amnissoshotel.com\/fr\/wp-json\/wp\/v2\/users\/1"}],"replies":[{"embeddable":true,"href":"https:\/\/amnissoshotel.com\/fr\/wp-json\/wp\/v2\/comments?post=26239"}],"version-history":[{"count":0,"href":"https:\/\/amnissoshotel.com\/fr\/wp-json\/wp\/v2\/pages\/26239\/revisions"}],"up":[{"embeddable":true,"href":"https:\/\/amnissoshotel.com\/fr\/wp-json\/wp\/v2\/pages\/26221"}],"wp:featuredmedia":[{"embeddable":true,"href":"https:\/\/amnissoshotel.com\/fr\/wp-json\/wp\/v2\/media\/31201"}],"wp:attachment":[{"href":"https:\/\/amnissoshotel.com\/fr\/wp-json\/wp\/v2\/media?parent=26239"}],"curies":[{"name":"wp","href":"https:\/\/api.w.org\/{rel}","templated":true}]}}