{"id":26260,"date":"2016-02-11T16:07:56","date_gmt":"2016-02-11T16:07:56","guid":{"rendered":"https:\/\/www.amnissoshotel.com\/the-hotel\/restaurant\/"},"modified":"2025-06-27T11:32:14","modified_gmt":"2025-06-27T11:32:14","slug":"restaurant","status":"publish","type":"page","link":"https:\/\/amnissoshotel.com\/fr\/l-hotel\/restaurant\/","title":{"rendered":"Restaurant"},"content":{"rendered":"\t\t<div data-elementor-type=\"wp-page\" data-elementor-id=\"26260\" class=\"elementor elementor-26260 elementor-11815\" data-elementor-post-type=\"page\">\n\t\t\t\t\t\t<section class=\"elementor-section elementor-top-section elementor-element elementor-element-15fdd0c elementor-section-boxed elementor-section-height-default elementor-section-height-default\" data-id=\"15fdd0c\" data-element_type=\"section\">\n\t\t\t\t\t\t<div class=\"elementor-container elementor-column-gap-default\">\n\t\t\t\t\t<div class=\"elementor-column elementor-col-100 elementor-top-column elementor-element elementor-element-9230fe7\" data-id=\"9230fe7\" data-element_type=\"column\">\n\t\t\t<div class=\"elementor-widget-wrap elementor-element-populated\">\n\t\t\t\t\t\t<div class=\"elementor-element elementor-element-4608e1d elementor-widget elementor-widget-text-editor\" data-id=\"4608e1d\" data-element_type=\"widget\" data-widget_type=\"text-editor.default\">\n\t\t\t\t<div class=\"elementor-widget-container\">\n\t\t\t\t\t\t\t\t\t<p>Le restaurant principal de l&rsquo;Amnissos combine un espace \u00e9l\u00e9gant et unique o\u00f9 les clients peuvent go\u00fbter \u00e0 la cuisine grecque et internationale.<\/p><p>Le restaurant de l&rsquo;h\u00f4tel a \u00e9t\u00e9 enti\u00e8rement r\u00e9nov\u00e9 en 2018, 2019 et 2023. Il se compose d&rsquo;une salle int\u00e9rieure de buffets et d&rsquo;un magnifique espace ext\u00e9rieur donnant sur les jardins et la mer \u00e0 c\u00f4t\u00e9 de la Live Cooking Bar Station.<\/p><p>Le restaurant propose un buffet complet, le petit-d\u00e9jeuner anglais, le d\u00e9jeuner et le d\u00eener en formule All<\/p><p>Inclusive.<\/p><ul><li>Petit-d\u00e9jeuner : 7h30-10h00 (self-service)<\/li><li>D\u00e9jeuner : 13h30-15h00 (self-service)<\/li><li>D\u00eener : 19h30-21h30 (self-service) <\/li><\/ul><p><strong>Il y a \u00e9galement une vari\u00e9t\u00e9 de plats \u00e0 la carte.<\/strong><\/p><p><strong>*Le menu de notre restaurant est supervis\u00e9 par le chef ex\u00e9cutif \u00ab\u00a0Katerina Mitzelou\u00a0\u00bb et son \u00e9quipe.<\/strong><\/p><p><strong>*Pendant le d\u00e9jeuner et le d\u00eener, les boissons tout compris (\u00e0 l&rsquo;exception des cocktails) peuvent \u00eatre command\u00e9es et servies.<\/strong><\/p><h4>Libre service dans l&rsquo;espace restaurant<\/h4><p>&#8211; Filtre Caf\u00e9, espresso, cappuccino, chocolat chaud ou th\u00e9 chaud, lait, jus d&rsquo;orange, jus de pamplemousse et eau.<\/p><h4>En-cas ou desserts 11h30-12h30 \u00e0 la station Live Cooking Bar<\/h4><ul><li>Tortillas, tortillas v\u00e9g\u00e9taliennes ou mini-sandwichs<\/li><li>Pizza ou Chicken Nuggets et pommes de terre frites<\/li><\/ul><h4>Cr\u00e8me glac\u00e9e 12h00-16h00 \u00e0 la station Live Cooking Bar<\/h4><ul><li>Pause caf\u00e9\/th\u00e9 15h00-16h00 au restaurant<\/li><li>Cr\u00e8me glac\u00e9e, biscuits et g\u00e2teaux ou fruits, caf\u00e9s et th\u00e9s chauds.<\/li><\/ul>\t\t\t\t\t\t\t\t<\/div>\n\t\t\t\t<\/div>\n\t\t\t\t<div class=\"elementor-element elementor-element-dda0c91 elementor-align-center elementor-widget elementor-widget-button\" data-id=\"dda0c91\" data-element_type=\"widget\" data-widget_type=\"button.default\">\n\t\t\t\t<div class=\"elementor-widget-container\">\n\t\t\t\t\t\t\t\t\t<div class=\"elementor-button-wrapper\">\n\t\t\t\t\t<a class=\"elementor-button elementor-button-link elementor-size-sm\" href=\"https:\/\/amnissoshotel.com\/wp-content\/uploads\/menu-amnissos-1.pdf\" target=\"_blank\" rel=\"nofollow\">\n\t\t\t\t\t\t<span class=\"elementor-button-content-wrapper\">\n\t\t\t\t\t\t<span class=\"elementor-button-icon\">\n\t\t\t\t<i aria-hidden=\"true\" class=\"far fa-arrow-alt-circle-right\"><\/i>\t\t\t<\/span>\n\t\t\t\t\t\t\t\t\t<span class=\"elementor-button-text\">Menu<\/span>\n\t\t\t\t\t<\/span>\n\t\t\t\t\t<\/a>\n\t\t\t\t<\/div>\n\t\t\t\t\t\t\t\t<\/div>\n\t\t\t\t<\/div>\n\t\t\t\t<div class=\"elementor-element elementor-element-fc9953a elementor-widget elementor-widget-image\" data-id=\"fc9953a\" data-element_type=\"widget\" data-widget_type=\"image.default\">\n\t\t\t\t<div class=\"elementor-widget-container\">\n\t\t\t\t\t\t\t\t\t\t\t\t\t\t\t\t<a href=\"https:\/\/amnissoshotel.com\/wp-content\/uploads\/restaurant-06-3-1.jpg\" data-elementor-open-lightbox=\"yes\" data-elementor-lightbox-title=\"restaurant-06-3.jpg\" data-e-action-hash=\"#elementor-action%3Aaction%3Dlightbox%26settings%3DeyJpZCI6MzE4ODEsInVybCI6Imh0dHBzOlwvXC9hbW5pc3Nvc2hvdGVsLmNvbVwvd3AtY29udGVudFwvdXBsb2Fkc1wvcmVzdGF1cmFudC0wNi0zLTEuanBnIn0%3D\">\n\t\t\t\t\t\t\t<img fetchpriority=\"high\" decoding=\"async\" width=\"1799\" height=\"1200\" src=\"https:\/\/amnissoshotel.com\/wp-content\/uploads\/restaurant-06-3-1.jpg\" class=\"attachment-large size-large wp-image-31881\" alt=\"\" srcset=\"https:\/\/amnissoshotel.com\/wp-content\/uploads\/restaurant-06-3-1.jpg 1799w, https:\/\/amnissoshotel.com\/wp-content\/uploads\/restaurant-06-3-1-900x600.jpg 900w, https:\/\/amnissoshotel.com\/wp-content\/uploads\/restaurant-06-3-1-1536x1025.jpg 1536w\" sizes=\"(max-width: 1799px) 100vw, 1799px\" \/>\t\t\t\t\t\t\t\t<\/a>\n\t\t\t\t\t\t\t\t\t\t\t\t\t\t\t<\/div>\n\t\t\t\t<\/div>\n\t\t\t\t<div class=\"elementor-element elementor-element-944aa86 elementor-widget elementor-widget-image\" data-id=\"944aa86\" data-element_type=\"widget\" data-widget_type=\"image.default\">\n\t\t\t\t<div class=\"elementor-widget-container\">\n\t\t\t\t\t\t\t\t\t\t\t\t\t\t\t\t<a href=\"https:\/\/amnissoshotel.com\/wp-content\/uploads\/restaurant-09-3-1.jpg\" data-elementor-open-lightbox=\"yes\" data-elementor-lightbox-title=\"restaurant-09-3.jpg\" data-e-action-hash=\"#elementor-action%3Aaction%3Dlightbox%26settings%3DeyJpZCI6MzE4NTIsInVybCI6Imh0dHBzOlwvXC9hbW5pc3Nvc2hvdGVsLmNvbVwvd3AtY29udGVudFwvdXBsb2Fkc1wvcmVzdGF1cmFudC0wOS0zLTEuanBnIn0%3D\">\n\t\t\t\t\t\t\t<img decoding=\"async\" width=\"1799\" height=\"1200\" src=\"https:\/\/amnissoshotel.com\/wp-content\/uploads\/restaurant-09-3-1.jpg\" class=\"attachment-large size-large wp-image-31852\" alt=\"\" srcset=\"https:\/\/amnissoshotel.com\/wp-content\/uploads\/restaurant-09-3-1.jpg 1799w, https:\/\/amnissoshotel.com\/wp-content\/uploads\/restaurant-09-3-1-900x600.jpg 900w, https:\/\/amnissoshotel.com\/wp-content\/uploads\/restaurant-09-3-1-1536x1025.jpg 1536w\" sizes=\"(max-width: 1799px) 100vw, 1799px\" \/>\t\t\t\t\t\t\t\t<\/a>\n\t\t\t\t\t\t\t\t\t\t\t\t\t\t\t<\/div>\n\t\t\t\t<\/div>\n\t\t\t\t<div class=\"elementor-element elementor-element-53fba70 elementor-widget elementor-widget-image\" data-id=\"53fba70\" data-element_type=\"widget\" data-widget_type=\"image.default\">\n\t\t\t\t<div class=\"elementor-widget-container\">\n\t\t\t\t\t\t\t\t\t\t\t\t\t\t\t\t<a href=\"https:\/\/amnissoshotel.com\/wp-content\/uploads\/restaurant-08-3-1.jpg\" data-elementor-open-lightbox=\"yes\" data-elementor-lightbox-title=\"restaurant-08-3.jpg\" data-e-action-hash=\"#elementor-action%3Aaction%3Dlightbox%26settings%3DeyJpZCI6MzE4NjgsInVybCI6Imh0dHBzOlwvXC9hbW5pc3Nvc2hvdGVsLmNvbVwvd3AtY29udGVudFwvdXBsb2Fkc1wvcmVzdGF1cmFudC0wOC0zLTEuanBnIn0%3D\">\n\t\t\t\t\t\t\t<img decoding=\"async\" width=\"1799\" height=\"1200\" src=\"https:\/\/amnissoshotel.com\/wp-content\/uploads\/restaurant-08-3-1.jpg\" class=\"attachment-large size-large wp-image-31868\" alt=\"\" srcset=\"https:\/\/amnissoshotel.com\/wp-content\/uploads\/restaurant-08-3-1.jpg 1799w, https:\/\/amnissoshotel.com\/wp-content\/uploads\/restaurant-08-3-1-900x600.jpg 900w, https:\/\/amnissoshotel.com\/wp-content\/uploads\/restaurant-08-3-1-1536x1025.jpg 1536w\" sizes=\"(max-width: 1799px) 100vw, 1799px\" \/>\t\t\t\t\t\t\t\t<\/a>\n\t\t\t\t\t\t\t\t\t\t\t\t\t\t\t<\/div>\n\t\t\t\t<\/div>\n\t\t\t\t\t<\/div>\n\t\t<\/div>\n\t\t\t\t\t<\/div>\n\t\t<\/section>\n\t\t\t\t<\/div>\n\t\t","protected":false},"excerpt":{"rendered":"<p>Le restaurant principal de l&rsquo;Amnissos combine un espace \u00e9l\u00e9gant et unique o\u00f9 les clients peuvent go\u00fbter \u00e0 la cuisine grecque et internationale. Le restaurant de l&rsquo;h\u00f4tel a \u00e9t\u00e9 enti\u00e8rement r\u00e9nov\u00e9 en 2018, 2019 et 2023. Il se compose d&rsquo;une salle int\u00e9rieure de buffets et d&rsquo;un magnifique espace ext\u00e9rieur donnant sur les jardins et la mer [&hellip;]<\/p>\n","protected":false},"author":1,"featured_media":30771,"parent":26221,"menu_order":0,"comment_status":"closed","ping_status":"closed","template":"","meta":{"site-sidebar-layout":"no-sidebar","site-content-layout":"page-builder","ast-site-content-layout":"full-width-container","site-content-style":"unboxed","site-sidebar-style":"unboxed","ast-global-header-display":"","ast-banner-title-visibility":"","ast-main-header-display":"","ast-hfb-above-header-display":"","ast-hfb-below-header-display":"","ast-hfb-mobile-header-display":"","site-post-title":"disabled","ast-breadcrumbs-content":"","ast-featured-img":"disabled","footer-sml-layout":"","theme-transparent-header-meta":"default","adv-header-id-meta":"","stick-header-meta":"default","header-above-stick-meta":"","header-main-stick-meta":"","header-below-stick-meta":"","astra-migrate-meta-layouts":"default","ast-page-background-enabled":"default","ast-page-background-meta":{"desktop":{"background-color":"","background-image":"","background-repeat":"repeat","background-position":"center center","background-size":"auto","background-attachment":"scroll","background-type":"","background-media":"","overlay-type":"","overlay-color":"","overlay-opacity":"","overlay-gradient":""},"tablet":{"background-color":"","background-image":"","background-repeat":"repeat","background-position":"center center","background-size":"auto","background-attachment":"scroll","background-type":"","background-media":"","overlay-type":"","overlay-color":"","overlay-opacity":"","overlay-gradient":""},"mobile":{"background-color":"","background-image":"","background-repeat":"repeat","background-position":"center center","background-size":"auto","background-attachment":"scroll","background-type":"","background-media":"","overlay-type":"","overlay-color":"","overlay-opacity":"","overlay-gradient":""}},"ast-content-background-meta":{"desktop":{"background-color":"var(--ast-global-color-5)","background-image":"","background-repeat":"repeat","background-position":"center center","background-size":"auto","background-attachment":"scroll","background-type":"","background-media":"","overlay-type":"","overlay-color":"","overlay-opacity":"","overlay-gradient":""},"tablet":{"background-color":"var(--ast-global-color-5)","background-image":"","background-repeat":"repeat","background-position":"center center","background-size":"auto","background-attachment":"scroll","background-type":"","background-media":"","overlay-type":"","overlay-color":"","overlay-opacity":"","overlay-gradient":""},"mobile":{"background-color":"var(--ast-global-color-5)","background-image":"","background-repeat":"repeat","background-position":"center center","background-size":"auto","background-attachment":"scroll","background-type":"","background-media":"","overlay-type":"","overlay-color":"","overlay-opacity":"","overlay-gradient":""}},"_glsr_average":0,"_glsr_ranking":0,"_glsr_reviews":0,"footnotes":""},"class_list":["post-26260","page","type-page","status-publish","has-post-thumbnail","hentry"],"yoast_head":"<!-- This site is optimized with the Yoast SEO plugin v25.3.1 - https:\/\/yoast.com\/wordpress\/plugins\/seo\/ -->\n<title>Restaurant - Amnissos Residence<\/title>\n<meta name=\"robots\" content=\"index, follow, max-snippet:-1, max-image-preview:large, max-video-preview:-1\" \/>\n<link rel=\"canonical\" href=\"https:\/\/amnissoshotel.com\/fr\/l-hotel\/restaurant\/\" \/>\n<meta property=\"og:locale\" content=\"fr_FR\" \/>\n<meta property=\"og:type\" content=\"article\" \/>\n<meta property=\"og:title\" content=\"Restaurant - Amnissos Residence\" \/>\n<meta property=\"og:description\" content=\"Le restaurant principal de l&rsquo;Amnissos combine un espace \u00e9l\u00e9gant et unique o\u00f9 les clients peuvent go\u00fbter \u00e0 la cuisine grecque et internationale. Le restaurant de l&rsquo;h\u00f4tel a \u00e9t\u00e9 enti\u00e8rement r\u00e9nov\u00e9 en 2018, 2019 et 2023. Il se compose d&rsquo;une salle int\u00e9rieure de buffets et d&rsquo;un magnifique espace ext\u00e9rieur donnant sur les jardins et la mer [&hellip;]\" \/>\n<meta property=\"og:url\" content=\"https:\/\/amnissoshotel.com\/fr\/l-hotel\/restaurant\/\" \/>\n<meta property=\"og:site_name\" content=\"Amnissos Residence\" \/>\n<meta property=\"article:publisher\" content=\"https:\/\/www.facebook.com\/AmnissosResidence\" \/>\n<meta property=\"article:modified_time\" content=\"2025-06-27T11:32:14+00:00\" \/>\n<meta property=\"og:image\" content=\"https:\/\/amnissoshotel.com\/wp-content\/uploads\/restaurant-02-4.jpg\" \/>\n\t<meta property=\"og:image:width\" content=\"1799\" \/>\n\t<meta property=\"og:image:height\" content=\"1200\" \/>\n\t<meta property=\"og:image:type\" content=\"image\/jpeg\" \/>\n<meta name=\"twitter:card\" content=\"summary_large_image\" \/>\n<meta name=\"twitter:label1\" content=\"Dur\u00e9e de lecture estim\u00e9e\" \/>\n\t<meta name=\"twitter:data1\" content=\"2 minutes\" \/>\n<script type=\"application\/ld+json\" class=\"yoast-schema-graph\">{\"@context\":\"https:\/\/schema.org\",\"@graph\":[{\"@type\":\"WebPage\",\"@id\":\"https:\/\/amnissoshotel.com\/fr\/l-hotel\/restaurant\/\",\"url\":\"https:\/\/amnissoshotel.com\/fr\/l-hotel\/restaurant\/\",\"name\":\"Restaurant - Amnissos Residence\",\"isPartOf\":{\"@id\":\"https:\/\/amnissoshotel.com\/fr\/#website\"},\"primaryImageOfPage\":{\"@id\":\"https:\/\/amnissoshotel.com\/fr\/l-hotel\/restaurant\/#primaryimage\"},\"image\":{\"@id\":\"https:\/\/amnissoshotel.com\/fr\/l-hotel\/restaurant\/#primaryimage\"},\"thumbnailUrl\":\"https:\/\/amnissoshotel.com\/wp-content\/uploads\/restaurant-02-4.jpg\",\"datePublished\":\"2016-02-11T16:07:56+00:00\",\"dateModified\":\"2025-06-27T11:32:14+00:00\",\"breadcrumb\":{\"@id\":\"https:\/\/amnissoshotel.com\/fr\/l-hotel\/restaurant\/#breadcrumb\"},\"inLanguage\":\"fr-FR\",\"potentialAction\":[{\"@type\":\"ReadAction\",\"target\":[\"https:\/\/amnissoshotel.com\/fr\/l-hotel\/restaurant\/\"]}]},{\"@type\":\"ImageObject\",\"inLanguage\":\"fr-FR\",\"@id\":\"https:\/\/amnissoshotel.com\/fr\/l-hotel\/restaurant\/#primaryimage\",\"url\":\"https:\/\/amnissoshotel.com\/wp-content\/uploads\/restaurant-02-4.jpg\",\"contentUrl\":\"https:\/\/amnissoshotel.com\/wp-content\/uploads\/restaurant-02-4.jpg\",\"width\":1799,\"height\":1200},{\"@type\":\"BreadcrumbList\",\"@id\":\"https:\/\/amnissoshotel.com\/fr\/l-hotel\/restaurant\/#breadcrumb\",\"itemListElement\":[{\"@type\":\"ListItem\",\"position\":1,\"name\":\"Home\",\"item\":\"https:\/\/amnissoshotel.com\/fr\/\"},{\"@type\":\"ListItem\",\"position\":2,\"name\":\"L&#8217; h\u00f4tel\",\"item\":\"https:\/\/amnissoshotel.com\/fr\/the-hotel\/\"},{\"@type\":\"ListItem\",\"position\":3,\"name\":\"Restaurant\"}]},{\"@type\":\"WebSite\",\"@id\":\"https:\/\/amnissoshotel.com\/fr\/#website\",\"url\":\"https:\/\/amnissoshotel.com\/fr\/\",\"name\":\"Amnissos Residence\",\"description\":\"Hotel in Rethymno\",\"publisher\":{\"@id\":\"https:\/\/amnissoshotel.com\/fr\/#organization\"},\"potentialAction\":[{\"@type\":\"SearchAction\",\"target\":{\"@type\":\"EntryPoint\",\"urlTemplate\":\"https:\/\/amnissoshotel.com\/fr\/?s={search_term_string}\"},\"query-input\":{\"@type\":\"PropertyValueSpecification\",\"valueRequired\":true,\"valueName\":\"search_term_string\"}}],\"inLanguage\":\"fr-FR\"},{\"@type\":\"Organization\",\"@id\":\"https:\/\/amnissoshotel.com\/fr\/#organization\",\"name\":\"Amnissos Residence\",\"url\":\"https:\/\/amnissoshotel.com\/fr\/\",\"logo\":{\"@type\":\"ImageObject\",\"inLanguage\":\"fr-FR\",\"@id\":\"https:\/\/amnissoshotel.com\/fr\/#\/schema\/logo\/image\/\",\"url\":\"https:\/\/amnissoshotel.com\/wp-content\/uploads\/logo-trans-light-1.png\",\"contentUrl\":\"https:\/\/amnissoshotel.com\/wp-content\/uploads\/logo-trans-light-1.png\",\"width\":512,\"height\":365,\"caption\":\"Amnissos Residence\"},\"image\":{\"@id\":\"https:\/\/amnissoshotel.com\/fr\/#\/schema\/logo\/image\/\"},\"sameAs\":[\"https:\/\/www.facebook.com\/AmnissosResidence\",\"https:\/\/www.instagram.com\/amnissosresidence_rethymno\/\"]}]}<\/script>\n<!-- \/ Yoast SEO plugin. -->","yoast_head_json":{"title":"Restaurant - Amnissos Residence","robots":{"index":"index","follow":"follow","max-snippet":"max-snippet:-1","max-image-preview":"max-image-preview:large","max-video-preview":"max-video-preview:-1"},"canonical":"https:\/\/amnissoshotel.com\/fr\/l-hotel\/restaurant\/","og_locale":"fr_FR","og_type":"article","og_title":"Restaurant - Amnissos Residence","og_description":"Le restaurant principal de l&rsquo;Amnissos combine un espace \u00e9l\u00e9gant et unique o\u00f9 les clients peuvent go\u00fbter \u00e0 la cuisine grecque et internationale. Le restaurant de l&rsquo;h\u00f4tel a \u00e9t\u00e9 enti\u00e8rement r\u00e9nov\u00e9 en 2018, 2019 et 2023. Il se compose d&rsquo;une salle int\u00e9rieure de buffets et d&rsquo;un magnifique espace ext\u00e9rieur donnant sur les jardins et la mer [&hellip;]","og_url":"https:\/\/amnissoshotel.com\/fr\/l-hotel\/restaurant\/","og_site_name":"Amnissos Residence","article_publisher":"https:\/\/www.facebook.com\/AmnissosResidence","article_modified_time":"2025-06-27T11:32:14+00:00","og_image":[{"width":1799,"height":1200,"url":"https:\/\/amnissoshotel.com\/wp-content\/uploads\/restaurant-02-4.jpg","type":"image\/jpeg"}],"twitter_card":"summary_large_image","twitter_misc":{"Dur\u00e9e de lecture estim\u00e9e":"2 minutes"},"schema":{"@context":"https:\/\/schema.org","@graph":[{"@type":"WebPage","@id":"https:\/\/amnissoshotel.com\/fr\/l-hotel\/restaurant\/","url":"https:\/\/amnissoshotel.com\/fr\/l-hotel\/restaurant\/","name":"Restaurant - Amnissos Residence","isPartOf":{"@id":"https:\/\/amnissoshotel.com\/fr\/#website"},"primaryImageOfPage":{"@id":"https:\/\/amnissoshotel.com\/fr\/l-hotel\/restaurant\/#primaryimage"},"image":{"@id":"https:\/\/amnissoshotel.com\/fr\/l-hotel\/restaurant\/#primaryimage"},"thumbnailUrl":"https:\/\/amnissoshotel.com\/wp-content\/uploads\/restaurant-02-4.jpg","datePublished":"2016-02-11T16:07:56+00:00","dateModified":"2025-06-27T11:32:14+00:00","breadcrumb":{"@id":"https:\/\/amnissoshotel.com\/fr\/l-hotel\/restaurant\/#breadcrumb"},"inLanguage":"fr-FR","potentialAction":[{"@type":"ReadAction","target":["https:\/\/amnissoshotel.com\/fr\/l-hotel\/restaurant\/"]}]},{"@type":"ImageObject","inLanguage":"fr-FR","@id":"https:\/\/amnissoshotel.com\/fr\/l-hotel\/restaurant\/#primaryimage","url":"https:\/\/amnissoshotel.com\/wp-content\/uploads\/restaurant-02-4.jpg","contentUrl":"https:\/\/amnissoshotel.com\/wp-content\/uploads\/restaurant-02-4.jpg","width":1799,"height":1200},{"@type":"BreadcrumbList","@id":"https:\/\/amnissoshotel.com\/fr\/l-hotel\/restaurant\/#breadcrumb","itemListElement":[{"@type":"ListItem","position":1,"name":"Home","item":"https:\/\/amnissoshotel.com\/fr\/"},{"@type":"ListItem","position":2,"name":"L&#8217; h\u00f4tel","item":"https:\/\/amnissoshotel.com\/fr\/the-hotel\/"},{"@type":"ListItem","position":3,"name":"Restaurant"}]},{"@type":"WebSite","@id":"https:\/\/amnissoshotel.com\/fr\/#website","url":"https:\/\/amnissoshotel.com\/fr\/","name":"Amnissos Residence","description":"Hotel in Rethymno","publisher":{"@id":"https:\/\/amnissoshotel.com\/fr\/#organization"},"potentialAction":[{"@type":"SearchAction","target":{"@type":"EntryPoint","urlTemplate":"https:\/\/amnissoshotel.com\/fr\/?s={search_term_string}"},"query-input":{"@type":"PropertyValueSpecification","valueRequired":true,"valueName":"search_term_string"}}],"inLanguage":"fr-FR"},{"@type":"Organization","@id":"https:\/\/amnissoshotel.com\/fr\/#organization","name":"Amnissos Residence","url":"https:\/\/amnissoshotel.com\/fr\/","logo":{"@type":"ImageObject","inLanguage":"fr-FR","@id":"https:\/\/amnissoshotel.com\/fr\/#\/schema\/logo\/image\/","url":"https:\/\/amnissoshotel.com\/wp-content\/uploads\/logo-trans-light-1.png","contentUrl":"https:\/\/amnissoshotel.com\/wp-content\/uploads\/logo-trans-light-1.png","width":512,"height":365,"caption":"Amnissos Residence"},"image":{"@id":"https:\/\/amnissoshotel.com\/fr\/#\/schema\/logo\/image\/"},"sameAs":["https:\/\/www.facebook.com\/AmnissosResidence","https:\/\/www.instagram.com\/amnissosresidence_rethymno\/"]}]}},"_links":{"self":[{"href":"https:\/\/amnissoshotel.com\/fr\/wp-json\/wp\/v2\/pages\/26260","targetHints":{"allow":["GET"]}}],"collection":[{"href":"https:\/\/amnissoshotel.com\/fr\/wp-json\/wp\/v2\/pages"}],"about":[{"href":"https:\/\/amnissoshotel.com\/fr\/wp-json\/wp\/v2\/types\/page"}],"author":[{"embeddable":true,"href":"https:\/\/amnissoshotel.com\/fr\/wp-json\/wp\/v2\/users\/1"}],"replies":[{"embeddable":true,"href":"https:\/\/amnissoshotel.com\/fr\/wp-json\/wp\/v2\/comments?post=26260"}],"version-history":[{"count":0,"href":"https:\/\/amnissoshotel.com\/fr\/wp-json\/wp\/v2\/pages\/26260\/revisions"}],"up":[{"embeddable":true,"href":"https:\/\/amnissoshotel.com\/fr\/wp-json\/wp\/v2\/pages\/26221"}],"wp:featuredmedia":[{"embeddable":true,"href":"https:\/\/amnissoshotel.com\/fr\/wp-json\/wp\/v2\/media\/30771"}],"wp:attachment":[{"href":"https:\/\/amnissoshotel.com\/fr\/wp-json\/wp\/v2\/media?parent=26260"}],"curies":[{"name":"wp","href":"https:\/\/api.w.org\/{rel}","templated":true}]}}