{"id":26823,"date":"2022-11-21T10:40:19","date_gmt":"2022-11-21T10:40:19","guid":{"rendered":"https:\/\/www.amnissoshotel.com\/?page_id=26823"},"modified":"2023-04-24T15:36:26","modified_gmt":"2023-04-24T15:36:26","slug":"chambres-services","status":"publish","type":"page","link":"https:\/\/amnissoshotel.com\/fr\/l-hotel\/chambres-services\/","title":{"rendered":"Sensibilisation \u00e0 l&rsquo;environnement"},"content":{"rendered":"\t\t<div data-elementor-type=\"wp-page\" data-elementor-id=\"26823\" class=\"elementor elementor-26823 elementor-26821\" data-elementor-post-type=\"page\">\n\t\t\t\t\t\t<section class=\"elementor-section elementor-top-section elementor-element elementor-element-f904ef elementor-section-boxed elementor-section-height-default elementor-section-height-default\" data-id=\"f904ef\" data-element_type=\"section\">\n\t\t\t\t\t\t<div class=\"elementor-container elementor-column-gap-default\">\n\t\t\t\t\t<div class=\"elementor-column elementor-col-100 elementor-top-column elementor-element elementor-element-2916e547\" data-id=\"2916e547\" data-element_type=\"column\">\n\t\t\t<div class=\"elementor-widget-wrap elementor-element-populated\">\n\t\t\t\t\t\t<div class=\"elementor-element elementor-element-318b11b6 elementor-widget elementor-widget-text-editor\" data-id=\"318b11b6\" data-element_type=\"widget\" data-widget_type=\"text-editor.default\">\n\t\t\t\t<div class=\"elementor-widget-container\">\n\t\t\t\t\t\t\t\t\t<p>La r\u00e9gion de R\u00e9thymnon a \u00e9t\u00e9 min\u00e9e ces derni\u00e8res ann\u00e9es par un manque de ressources naturelles (approvisionnement en eau &amp; \u00e9lectricit\u00e9). La position g\u00e9ographique de la pr\u00e9fecture, en relation avec la pr\u00e9servation du cher patrimoine \u00e9cologique et la sensibilisation de ses habitants, la rend toujours autonome dans la production d&rsquo;\u00e9lectricit\u00e9.<\/p><p>\u00c9tant donn\u00e9 que nous sommes conscients de l&rsquo;environnement dans notre h\u00f4tel, nous avons \u00e9tabli et respectons les \u00e9l\u00e9ments suivants\u00a0:<\/p><p>Des panneaux d&rsquo;avertissement ont \u00e9t\u00e9 plac\u00e9s dans les salles de bains pour ne pas gaspiller l&rsquo;eau.<\/p><p>Pour \u00e9conomiser de l&rsquo;\u00e9nergie, des syst\u00e8mes passifs ont \u00e9t\u00e9 mis en \u0153uvre, c&rsquo;est-\u00e0-dire orientation du b\u00e2timent sur l&rsquo;axe N-N, application de double vitrage, forte \u00e9paisseur de ma\u00e7onnerie ext\u00e9rieure, isolation thermique des murs et des \u00e9l\u00e9ments de structure, isolation thermique du toit et du toit, utilisation de l&rsquo;\u00e9nergie -lampes \u00e0 \u00e9conomie d&rsquo;\u00e9nergie, bonne ventilation de l&rsquo;espace, fen\u00eatres avec stores int\u00e9rieurs (volets).<\/p><p>De plus, des cartes magn\u00e9tiques \u00e0 \u00e9conomie d&rsquo;\u00e9nergie sont utilis\u00e9es dans les chambres\/appartements. Leur utilisation \u00e9vite la consommation inconsid\u00e9r\u00e9e d&rsquo;\u00e9lectricit\u00e9 et minimise les risques d&rsquo;incendie.<\/p><p>Dans le b\u00e2timent nouvellement construit (comme dans les b\u00e2timents pr\u00e9c\u00e9dents), toutes les fen\u00eatres sont en double vitrage et tous les cadres ext\u00e9rieurs sont en aluminium.<\/p><p>Le type \u00ab\u00a0LED\u00a0\u00bb a \u00e9t\u00e9 soigneusement s\u00e9lectionn\u00e9 pour certaines lampes et luminaires du logement \u00e0 haute efficacit\u00e9 \u00e9nerg\u00e9tique.<\/p><p>La peinture de ma\u00e7onnerie blanche a \u00e9t\u00e9 utilis\u00e9e pour maximiser la r\u00e9flexion du soleil et minimiser l&rsquo;augmentation de la temp\u00e9rature dans les espaces int\u00e9rieurs.<\/p><p>Des panneaux ont \u00e9t\u00e9 plac\u00e9s pour la non-pollution des espaces ext\u00e9rieurs.<\/p><p>La zone environnante a \u00e9t\u00e9 plant\u00e9e en maximisant la zone de plantation.<\/p><p>Nous recyclons le papier, le plastique, le verre et le m\u00e9tal.<\/p><p>Des d\u00e9pliants de sensibilisation \u00e0 l&rsquo;environnement et \u00e0 la culture ont \u00e9t\u00e9 pr\u00e9par\u00e9s et distribu\u00e9s, tant \u00e0 notre personnel qu&rsquo;\u00e0 nos partenaires\/fournisseurs, qui sont \u00e9galement distribu\u00e9s \u00e0 nos clients.<\/p><p>Les visiteurs ont pu au moins d\u00e9montrer durant leur s\u00e9jour, la conscience de pr\u00e9server les ressources naturelles de l&rsquo;\u00eele.<\/p><p>Ils pourraient \u00e9teindre ou \u00e9teindre les appareils \u00e9lectriques lorsqu&rsquo;ils ne sont pas utilis\u00e9s (t\u00e9l\u00e9viseurs, climatiseurs, ordinateurs portables, etc.), ouvrir le robinet de l&rsquo;\u00e9vier en se brossant les dents, ou m\u00eame ne pas laisser les robinets de l&rsquo;appartement ouverts.<\/p><p>De plus, les clients peuvent choisir, apr\u00e8s consultation la veille, de ne pas changer les draps et\/ou les serviettes.<\/p><p>De l&rsquo;Administration,<\/p><p><strong>H\u00f4tel Amnissos<\/strong><\/p>\t\t\t\t\t\t\t\t<\/div>\n\t\t\t\t<\/div>\n\t\t\t\t\t<\/div>\n\t\t<\/div>\n\t\t\t\t\t<\/div>\n\t\t<\/section>\n\t\t\t\t<\/div>\n\t\t","protected":false},"excerpt":{"rendered":"<p>La r\u00e9gion de R\u00e9thymnon a \u00e9t\u00e9 min\u00e9e ces derni\u00e8res ann\u00e9es par un manque de ressources naturelles (approvisionnement en eau &amp; \u00e9lectricit\u00e9). La position g\u00e9ographique de la pr\u00e9fecture, en relation avec la pr\u00e9servation du cher patrimoine \u00e9cologique et la sensibilisation de ses habitants, la rend toujours autonome dans la production d&rsquo;\u00e9lectricit\u00e9. \u00c9tant donn\u00e9 que nous sommes [&hellip;]<\/p>\n","protected":false},"author":5,"featured_media":31236,"parent":26221,"menu_order":0,"comment_status":"closed","ping_status":"closed","template":"","meta":{"site-sidebar-layout":"default","site-content-layout":"default","ast-site-content-layout":"default","site-content-style":"default","site-sidebar-style":"default","ast-global-header-display":"","ast-banner-title-visibility":"","ast-main-header-display":"","ast-hfb-above-header-display":"","ast-hfb-below-header-display":"","ast-hfb-mobile-header-display":"","site-post-title":"","ast-breadcrumbs-content":"","ast-featured-img":"","footer-sml-layout":"","theme-transparent-header-meta":"default","adv-header-id-meta":"","stick-header-meta":"default","header-above-stick-meta":"","header-main-stick-meta":"","header-below-stick-meta":"","astra-migrate-meta-layouts":"default","ast-page-background-enabled":"default","ast-page-background-meta":{"desktop":{"background-color":"","background-image":"","background-repeat":"repeat","background-position":"center center","background-size":"auto","background-attachment":"scroll","background-type":"","background-media":"","overlay-type":"","overlay-color":"","overlay-opacity":"","overlay-gradient":""},"tablet":{"background-color":"","background-image":"","background-repeat":"repeat","background-position":"center center","background-size":"auto","background-attachment":"scroll","background-type":"","background-media":"","overlay-type":"","overlay-color":"","overlay-opacity":"","overlay-gradient":""},"mobile":{"background-color":"","background-image":"","background-repeat":"repeat","background-position":"center center","background-size":"auto","background-attachment":"scroll","background-type":"","background-media":"","overlay-type":"","overlay-color":"","overlay-opacity":"","overlay-gradient":""}},"ast-content-background-meta":{"desktop":{"background-color":"var(--ast-global-color-5)","background-image":"","background-repeat":"repeat","background-position":"center center","background-size":"auto","background-attachment":"scroll","background-type":"","background-media":"","overlay-type":"","overlay-color":"","overlay-opacity":"","overlay-gradient":""},"tablet":{"background-color":"var(--ast-global-color-5)","background-image":"","background-repeat":"repeat","background-position":"center center","background-size":"auto","background-attachment":"scroll","background-type":"","background-media":"","overlay-type":"","overlay-color":"","overlay-opacity":"","overlay-gradient":""},"mobile":{"background-color":"var(--ast-global-color-5)","background-image":"","background-repeat":"repeat","background-position":"center center","background-size":"auto","background-attachment":"scroll","background-type":"","background-media":"","overlay-type":"","overlay-color":"","overlay-opacity":"","overlay-gradient":""}},"_glsr_average":0,"_glsr_ranking":0,"_glsr_reviews":0,"footnotes":""},"class_list":["post-26823","page","type-page","status-publish","has-post-thumbnail","hentry"],"yoast_head":"<!-- This site is optimized with the Yoast SEO plugin v25.3.1 - https:\/\/yoast.com\/wordpress\/plugins\/seo\/ -->\n<title>Sensibilisation \u00e0 l&#039;environnement - Amnissos Residence<\/title>\n<meta name=\"robots\" content=\"index, follow, max-snippet:-1, max-image-preview:large, max-video-preview:-1\" \/>\n<link rel=\"canonical\" href=\"https:\/\/amnissoshotel.com\/fr\/l-hotel\/chambres-services\/\" \/>\n<meta property=\"og:locale\" content=\"fr_FR\" \/>\n<meta property=\"og:type\" content=\"article\" \/>\n<meta property=\"og:title\" content=\"Sensibilisation \u00e0 l&#039;environnement - Amnissos Residence\" \/>\n<meta property=\"og:description\" content=\"La r\u00e9gion de R\u00e9thymnon a \u00e9t\u00e9 min\u00e9e ces derni\u00e8res ann\u00e9es par un manque de ressources naturelles (approvisionnement en eau &amp; \u00e9lectricit\u00e9). La position g\u00e9ographique de la pr\u00e9fecture, en relation avec la pr\u00e9servation du cher patrimoine \u00e9cologique et la sensibilisation de ses habitants, la rend toujours autonome dans la production d&rsquo;\u00e9lectricit\u00e9. \u00c9tant donn\u00e9 que nous sommes [&hellip;]\" \/>\n<meta property=\"og:url\" content=\"https:\/\/amnissoshotel.com\/fr\/l-hotel\/chambres-services\/\" \/>\n<meta property=\"og:site_name\" content=\"Amnissos Residence\" \/>\n<meta property=\"article:publisher\" content=\"https:\/\/www.facebook.com\/AmnissosResidence\" \/>\n<meta property=\"article:modified_time\" content=\"2023-04-24T15:36:26+00:00\" \/>\n<meta property=\"og:image\" content=\"https:\/\/amnissoshotel.com\/wp-content\/uploads\/swimming-pool3.jpg\" \/>\n\t<meta property=\"og:image:width\" content=\"1600\" \/>\n\t<meta property=\"og:image:height\" content=\"900\" \/>\n\t<meta property=\"og:image:type\" content=\"image\/jpeg\" \/>\n<meta name=\"twitter:card\" content=\"summary_large_image\" \/>\n<meta name=\"twitter:label1\" content=\"Dur\u00e9e de lecture estim\u00e9e\" \/>\n\t<meta name=\"twitter:data1\" content=\"3 minutes\" \/>\n<script type=\"application\/ld+json\" class=\"yoast-schema-graph\">{\"@context\":\"https:\/\/schema.org\",\"@graph\":[{\"@type\":\"WebPage\",\"@id\":\"https:\/\/amnissoshotel.com\/fr\/l-hotel\/chambres-services\/\",\"url\":\"https:\/\/amnissoshotel.com\/fr\/l-hotel\/chambres-services\/\",\"name\":\"Sensibilisation \u00e0 l'environnement - Amnissos Residence\",\"isPartOf\":{\"@id\":\"https:\/\/amnissoshotel.com\/fr\/#website\"},\"primaryImageOfPage\":{\"@id\":\"https:\/\/amnissoshotel.com\/fr\/l-hotel\/chambres-services\/#primaryimage\"},\"image\":{\"@id\":\"https:\/\/amnissoshotel.com\/fr\/l-hotel\/chambres-services\/#primaryimage\"},\"thumbnailUrl\":\"https:\/\/amnissoshotel.com\/wp-content\/uploads\/swimming-pool-8-1.jpg\",\"datePublished\":\"2022-11-21T10:40:19+00:00\",\"dateModified\":\"2023-04-24T15:36:26+00:00\",\"breadcrumb\":{\"@id\":\"https:\/\/amnissoshotel.com\/fr\/l-hotel\/chambres-services\/#breadcrumb\"},\"inLanguage\":\"fr-FR\",\"potentialAction\":[{\"@type\":\"ReadAction\",\"target\":[\"https:\/\/amnissoshotel.com\/fr\/l-hotel\/chambres-services\/\"]}]},{\"@type\":\"ImageObject\",\"inLanguage\":\"fr-FR\",\"@id\":\"https:\/\/amnissoshotel.com\/fr\/l-hotel\/chambres-services\/#primaryimage\",\"url\":\"https:\/\/amnissoshotel.com\/wp-content\/uploads\/swimming-pool-8-1.jpg\",\"contentUrl\":\"https:\/\/amnissoshotel.com\/wp-content\/uploads\/swimming-pool-8-1.jpg\",\"width\":1799,\"height\":1200},{\"@type\":\"BreadcrumbList\",\"@id\":\"https:\/\/amnissoshotel.com\/fr\/l-hotel\/chambres-services\/#breadcrumb\",\"itemListElement\":[{\"@type\":\"ListItem\",\"position\":1,\"name\":\"Home\",\"item\":\"https:\/\/amnissoshotel.com\/fr\/\"},{\"@type\":\"ListItem\",\"position\":2,\"name\":\"L&#8217; h\u00f4tel\",\"item\":\"https:\/\/amnissoshotel.com\/fr\/the-hotel\/\"},{\"@type\":\"ListItem\",\"position\":3,\"name\":\"Sensibilisation \u00e0 l&#8217;environnement\"}]},{\"@type\":\"WebSite\",\"@id\":\"https:\/\/amnissoshotel.com\/fr\/#website\",\"url\":\"https:\/\/amnissoshotel.com\/fr\/\",\"name\":\"Amnissos Residence\",\"description\":\"Hotel in Rethymno\",\"publisher\":{\"@id\":\"https:\/\/amnissoshotel.com\/fr\/#organization\"},\"potentialAction\":[{\"@type\":\"SearchAction\",\"target\":{\"@type\":\"EntryPoint\",\"urlTemplate\":\"https:\/\/amnissoshotel.com\/fr\/?s={search_term_string}\"},\"query-input\":{\"@type\":\"PropertyValueSpecification\",\"valueRequired\":true,\"valueName\":\"search_term_string\"}}],\"inLanguage\":\"fr-FR\"},{\"@type\":\"Organization\",\"@id\":\"https:\/\/amnissoshotel.com\/fr\/#organization\",\"name\":\"Amnissos Residence\",\"url\":\"https:\/\/amnissoshotel.com\/fr\/\",\"logo\":{\"@type\":\"ImageObject\",\"inLanguage\":\"fr-FR\",\"@id\":\"https:\/\/amnissoshotel.com\/fr\/#\/schema\/logo\/image\/\",\"url\":\"https:\/\/amnissoshotel.com\/wp-content\/uploads\/logo-trans-light-1.png\",\"contentUrl\":\"https:\/\/amnissoshotel.com\/wp-content\/uploads\/logo-trans-light-1.png\",\"width\":512,\"height\":365,\"caption\":\"Amnissos Residence\"},\"image\":{\"@id\":\"https:\/\/amnissoshotel.com\/fr\/#\/schema\/logo\/image\/\"},\"sameAs\":[\"https:\/\/www.facebook.com\/AmnissosResidence\",\"https:\/\/www.instagram.com\/amnissosresidence_rethymno\/\"]}]}<\/script>\n<!-- \/ Yoast SEO plugin. -->","yoast_head_json":{"title":"Sensibilisation \u00e0 l'environnement - Amnissos Residence","robots":{"index":"index","follow":"follow","max-snippet":"max-snippet:-1","max-image-preview":"max-image-preview:large","max-video-preview":"max-video-preview:-1"},"canonical":"https:\/\/amnissoshotel.com\/fr\/l-hotel\/chambres-services\/","og_locale":"fr_FR","og_type":"article","og_title":"Sensibilisation \u00e0 l'environnement - Amnissos Residence","og_description":"La r\u00e9gion de R\u00e9thymnon a \u00e9t\u00e9 min\u00e9e ces derni\u00e8res ann\u00e9es par un manque de ressources naturelles (approvisionnement en eau &amp; \u00e9lectricit\u00e9). La position g\u00e9ographique de la pr\u00e9fecture, en relation avec la pr\u00e9servation du cher patrimoine \u00e9cologique et la sensibilisation de ses habitants, la rend toujours autonome dans la production d&rsquo;\u00e9lectricit\u00e9. \u00c9tant donn\u00e9 que nous sommes [&hellip;]","og_url":"https:\/\/amnissoshotel.com\/fr\/l-hotel\/chambres-services\/","og_site_name":"Amnissos Residence","article_publisher":"https:\/\/www.facebook.com\/AmnissosResidence","article_modified_time":"2023-04-24T15:36:26+00:00","og_image":[{"width":1600,"height":900,"url":"https:\/\/amnissoshotel.com\/wp-content\/uploads\/swimming-pool3.jpg","type":"image\/jpeg"}],"twitter_card":"summary_large_image","twitter_misc":{"Dur\u00e9e de lecture estim\u00e9e":"3 minutes"},"schema":{"@context":"https:\/\/schema.org","@graph":[{"@type":"WebPage","@id":"https:\/\/amnissoshotel.com\/fr\/l-hotel\/chambres-services\/","url":"https:\/\/amnissoshotel.com\/fr\/l-hotel\/chambres-services\/","name":"Sensibilisation \u00e0 l'environnement - Amnissos Residence","isPartOf":{"@id":"https:\/\/amnissoshotel.com\/fr\/#website"},"primaryImageOfPage":{"@id":"https:\/\/amnissoshotel.com\/fr\/l-hotel\/chambres-services\/#primaryimage"},"image":{"@id":"https:\/\/amnissoshotel.com\/fr\/l-hotel\/chambres-services\/#primaryimage"},"thumbnailUrl":"https:\/\/amnissoshotel.com\/wp-content\/uploads\/swimming-pool-8-1.jpg","datePublished":"2022-11-21T10:40:19+00:00","dateModified":"2023-04-24T15:36:26+00:00","breadcrumb":{"@id":"https:\/\/amnissoshotel.com\/fr\/l-hotel\/chambres-services\/#breadcrumb"},"inLanguage":"fr-FR","potentialAction":[{"@type":"ReadAction","target":["https:\/\/amnissoshotel.com\/fr\/l-hotel\/chambres-services\/"]}]},{"@type":"ImageObject","inLanguage":"fr-FR","@id":"https:\/\/amnissoshotel.com\/fr\/l-hotel\/chambres-services\/#primaryimage","url":"https:\/\/amnissoshotel.com\/wp-content\/uploads\/swimming-pool-8-1.jpg","contentUrl":"https:\/\/amnissoshotel.com\/wp-content\/uploads\/swimming-pool-8-1.jpg","width":1799,"height":1200},{"@type":"BreadcrumbList","@id":"https:\/\/amnissoshotel.com\/fr\/l-hotel\/chambres-services\/#breadcrumb","itemListElement":[{"@type":"ListItem","position":1,"name":"Home","item":"https:\/\/amnissoshotel.com\/fr\/"},{"@type":"ListItem","position":2,"name":"L&#8217; h\u00f4tel","item":"https:\/\/amnissoshotel.com\/fr\/the-hotel\/"},{"@type":"ListItem","position":3,"name":"Sensibilisation \u00e0 l&#8217;environnement"}]},{"@type":"WebSite","@id":"https:\/\/amnissoshotel.com\/fr\/#website","url":"https:\/\/amnissoshotel.com\/fr\/","name":"Amnissos Residence","description":"Hotel in Rethymno","publisher":{"@id":"https:\/\/amnissoshotel.com\/fr\/#organization"},"potentialAction":[{"@type":"SearchAction","target":{"@type":"EntryPoint","urlTemplate":"https:\/\/amnissoshotel.com\/fr\/?s={search_term_string}"},"query-input":{"@type":"PropertyValueSpecification","valueRequired":true,"valueName":"search_term_string"}}],"inLanguage":"fr-FR"},{"@type":"Organization","@id":"https:\/\/amnissoshotel.com\/fr\/#organization","name":"Amnissos Residence","url":"https:\/\/amnissoshotel.com\/fr\/","logo":{"@type":"ImageObject","inLanguage":"fr-FR","@id":"https:\/\/amnissoshotel.com\/fr\/#\/schema\/logo\/image\/","url":"https:\/\/amnissoshotel.com\/wp-content\/uploads\/logo-trans-light-1.png","contentUrl":"https:\/\/amnissoshotel.com\/wp-content\/uploads\/logo-trans-light-1.png","width":512,"height":365,"caption":"Amnissos Residence"},"image":{"@id":"https:\/\/amnissoshotel.com\/fr\/#\/schema\/logo\/image\/"},"sameAs":["https:\/\/www.facebook.com\/AmnissosResidence","https:\/\/www.instagram.com\/amnissosresidence_rethymno\/"]}]}},"_links":{"self":[{"href":"https:\/\/amnissoshotel.com\/fr\/wp-json\/wp\/v2\/pages\/26823","targetHints":{"allow":["GET"]}}],"collection":[{"href":"https:\/\/amnissoshotel.com\/fr\/wp-json\/wp\/v2\/pages"}],"about":[{"href":"https:\/\/amnissoshotel.com\/fr\/wp-json\/wp\/v2\/types\/page"}],"author":[{"embeddable":true,"href":"https:\/\/amnissoshotel.com\/fr\/wp-json\/wp\/v2\/users\/5"}],"replies":[{"embeddable":true,"href":"https:\/\/amnissoshotel.com\/fr\/wp-json\/wp\/v2\/comments?post=26823"}],"version-history":[{"count":0,"href":"https:\/\/amnissoshotel.com\/fr\/wp-json\/wp\/v2\/pages\/26823\/revisions"}],"up":[{"embeddable":true,"href":"https:\/\/amnissoshotel.com\/fr\/wp-json\/wp\/v2\/pages\/26221"}],"wp:featuredmedia":[{"embeddable":true,"href":"https:\/\/amnissoshotel.com\/fr\/wp-json\/wp\/v2\/media\/31236"}],"wp:attachment":[{"href":"https:\/\/amnissoshotel.com\/fr\/wp-json\/wp\/v2\/media?parent=26823"}],"curies":[{"name":"wp","href":"https:\/\/api.w.org\/{rel}","templated":true}]}}