{"id":26916,"date":"2022-12-05T07:32:44","date_gmt":"2022-12-05T07:32:44","guid":{"rendered":"https:\/\/www.amnissoshotel.com\/?page_id=26916"},"modified":"2025-06-27T11:25:50","modified_gmt":"2025-06-27T11:25:50","slug":"tropical-shisha-bar","status":"publish","type":"page","link":"https:\/\/amnissoshotel.com\/fr\/l-hotel\/tropical-shisha-bar\/","title":{"rendered":"Tropical Shisha Bar"},"content":{"rendered":"\t\t<div data-elementor-type=\"wp-page\" data-elementor-id=\"26916\" class=\"elementor elementor-26916 elementor-26914\" data-elementor-post-type=\"page\">\n\t\t\t\t\t\t<section class=\"elementor-section elementor-top-section elementor-element elementor-element-17602090 elementor-section-boxed elementor-section-height-default elementor-section-height-default\" data-id=\"17602090\" data-element_type=\"section\">\n\t\t\t\t\t\t<div class=\"elementor-container elementor-column-gap-default\">\n\t\t\t\t\t<div class=\"elementor-column elementor-col-100 elementor-top-column elementor-element elementor-element-5104f978\" data-id=\"5104f978\" data-element_type=\"column\">\n\t\t\t<div class=\"elementor-widget-wrap elementor-element-populated\">\n\t\t\t\t\t\t<div class=\"elementor-element elementor-element-645b4118 elementor-widget elementor-widget-text-editor\" data-id=\"645b4118\" data-element_type=\"widget\" data-widget_type=\"text-editor.default\">\n\t\t\t\t<div class=\"elementor-widget-container\">\n\t\t\t\t\t\t\t\t\t<h3>Amnissos \u00ab\u00a0Tropical\u00a0\u00bb Shisha Bar 11:00-00:00<\/h3><p>\u00a0<\/p><p>Le Tropical Shisha Bar se trouve sous les arbres, dans un magnifique jardin.<\/p><p>Choisissez votre shisha pr\u00e9f\u00e9r\u00e9e, d\u00e9tendez-vous dans une balancelle ou un gazebo et vivez la magie d&rsquo;une exp\u00e9rience estivale unique.<\/p><p><strong>*La shisha est en suppl\u00e9ment.<\/strong><\/p><p><strong>*Au bar \u00e0 shisha \u00ab\u00a0Tropical\u00a0\u00bb, vous pouvez profiter de toutes les boissons et cocktails tout compris, ainsi que du cocktail du jour, moyennant un suppl\u00e9ment.<\/strong><\/p><h4>Boissons tout compris au bar \u00e0 shisha \u00ab\u00a0Tropical\u00a0\u00bb et au bar sur le toit \u00ab\u00a0Open Sky\u00a0\u00bb Bar \u00e0 shisha \u00ab\u00a0Tropical\u00a0\u00bb (boissons tout compris)<\/h4><p>\u00a0<\/p><p><strong>Libre service &#8211; 11:00-23 :00<\/strong><\/p><p>&#8211; Verre de vin (ros\u00e9 ou rouge et blanc)<\/p><p>&#8211; Verre de bi\u00e8re pression<\/p><p>&#8211; Boissons non alcoolis\u00e9es (soda, cola, citron, Sprite, orange, jus d&rsquo;orange, jus de pomme, jus d&rsquo;ananas)<\/p><p>&#8211; Spiritueux locaux (raki, ouzo, brandy)<\/p><p>&#8211; Whisky, vodka, tequila, rhum, gin 5 cocktails (Blue Lagoon, Cosmopolitan, Tequila Sunrise, Cretan Margarita, Greek Sunset)<\/p><p>&#8211; Cocktail du jour \u00e0 la carte.<\/p><h4>\u00ab\u00a0Open Sky\u00a0\u00bb Roof Top Bar (boissons tout compris)<\/h4><p><strong>Self Service &#8211; 17:00-23 :00<\/strong><\/p><p>&#8211; Verre de vin (ros\u00e9 ou rouge et blanc)<\/p><p>&#8211; Verre de bi\u00e8re pression &#8211; Boissons non alcoolis\u00e9es (soda, cola, citron, sprite, orange, jus d&rsquo;orange, jus de pomme, jus d&rsquo;ananas)<\/p><p>&#8211; Spiritueux locaux (raki, ouzo, brandy)<\/p><p>&#8211; Whisky, Vodka, Tequila, Rhum, Gin 5 cocktails ( Blue Lagoon, Cosmopolitan, Tequila Sunrise, Cretan Margarita , Greek Sunset)<\/p><h5>*Lors du d\u00e9jeuner et du d\u00eener, les boissons tout compris (sauf les cocktails) peuvent \u00eatre command\u00e9es et servies.<\/h5>\t\t\t\t\t\t\t\t<\/div>\n\t\t\t\t<\/div>\n\t\t\t\t\t<\/div>\n\t\t<\/div>\n\t\t\t\t\t<\/div>\n\t\t<\/section>\n\t\t\t\t<section class=\"elementor-section elementor-top-section elementor-element elementor-element-58d112e elementor-section-boxed elementor-section-height-default elementor-section-height-default\" data-id=\"58d112e\" data-element_type=\"section\">\n\t\t\t\t\t\t<div class=\"elementor-container elementor-column-gap-default\">\n\t\t\t\t\t<div class=\"elementor-column elementor-col-100 elementor-top-column elementor-element elementor-element-b6e7fa4\" data-id=\"b6e7fa4\" data-element_type=\"column\">\n\t\t\t<div class=\"elementor-widget-wrap elementor-element-populated\">\n\t\t\t\t\t\t<div class=\"elementor-element elementor-element-025a518 elementor-align-center elementor-widget elementor-widget-button\" data-id=\"025a518\" data-element_type=\"widget\" data-widget_type=\"button.default\">\n\t\t\t\t<div class=\"elementor-widget-container\">\n\t\t\t\t\t\t\t\t\t<div class=\"elementor-button-wrapper\">\n\t\t\t\t\t<a class=\"elementor-button elementor-button-link elementor-size-sm\" href=\"https:\/\/amnissoshotel.com\/wp-content\/uploads\/menu-amnissos.pdf\" target=\"_blank\" rel=\"nofollow\">\n\t\t\t\t\t\t<span class=\"elementor-button-content-wrapper\">\n\t\t\t\t\t\t<span class=\"elementor-button-icon\">\n\t\t\t\t<i aria-hidden=\"true\" class=\"fas fa-glass-martini-alt\"><\/i>\t\t\t<\/span>\n\t\t\t\t\t\t\t\t\t<span class=\"elementor-button-text\">MENU<\/span>\n\t\t\t\t\t<\/span>\n\t\t\t\t\t<\/a>\n\t\t\t\t<\/div>\n\t\t\t\t\t\t\t\t<\/div>\n\t\t\t\t<\/div>\n\t\t\t\t\t<\/div>\n\t\t<\/div>\n\t\t\t\t\t<\/div>\n\t\t<\/section>\n\t\t\t\t<\/div>\n\t\t","protected":false},"excerpt":{"rendered":"<p>Amnissos \u00ab\u00a0Tropical\u00a0\u00bb Shisha Bar 11:00-00:00 \u00a0 Le Tropical Shisha Bar se trouve sous les arbres, dans un magnifique jardin. Choisissez votre shisha pr\u00e9f\u00e9r\u00e9e, d\u00e9tendez-vous dans une balancelle ou un gazebo et vivez la magie d&rsquo;une exp\u00e9rience estivale unique. *La shisha est en suppl\u00e9ment. *Au bar \u00e0 shisha \u00ab\u00a0Tropical\u00a0\u00bb, vous pouvez profiter de toutes les boissons [&hellip;]<\/p>\n","protected":false},"author":5,"featured_media":28431,"parent":26221,"menu_order":0,"comment_status":"closed","ping_status":"closed","template":"","meta":{"site-sidebar-layout":"default","site-content-layout":"default","ast-site-content-layout":"default","site-content-style":"default","site-sidebar-style":"default","ast-global-header-display":"","ast-banner-title-visibility":"","ast-main-header-display":"","ast-hfb-above-header-display":"","ast-hfb-below-header-display":"","ast-hfb-mobile-header-display":"","site-post-title":"","ast-breadcrumbs-content":"","ast-featured-img":"","footer-sml-layout":"","theme-transparent-header-meta":"default","adv-header-id-meta":"","stick-header-meta":"default","header-above-stick-meta":"","header-main-stick-meta":"","header-below-stick-meta":"","astra-migrate-meta-layouts":"default","ast-page-background-enabled":"default","ast-page-background-meta":{"desktop":{"background-color":"","background-image":"","background-repeat":"repeat","background-position":"center center","background-size":"auto","background-attachment":"scroll","background-type":"","background-media":"","overlay-type":"","overlay-color":"","overlay-opacity":"","overlay-gradient":""},"tablet":{"background-color":"","background-image":"","background-repeat":"repeat","background-position":"center center","background-size":"auto","background-attachment":"scroll","background-type":"","background-media":"","overlay-type":"","overlay-color":"","overlay-opacity":"","overlay-gradient":""},"mobile":{"background-color":"","background-image":"","background-repeat":"repeat","background-position":"center center","background-size":"auto","background-attachment":"scroll","background-type":"","background-media":"","overlay-type":"","overlay-color":"","overlay-opacity":"","overlay-gradient":""}},"ast-content-background-meta":{"desktop":{"background-color":"var(--ast-global-color-5)","background-image":"","background-repeat":"repeat","background-position":"center center","background-size":"auto","background-attachment":"scroll","background-type":"","background-media":"","overlay-type":"","overlay-color":"","overlay-opacity":"","overlay-gradient":""},"tablet":{"background-color":"var(--ast-global-color-5)","background-image":"","background-repeat":"repeat","background-position":"center center","background-size":"auto","background-attachment":"scroll","background-type":"","background-media":"","overlay-type":"","overlay-color":"","overlay-opacity":"","overlay-gradient":""},"mobile":{"background-color":"var(--ast-global-color-5)","background-image":"","background-repeat":"repeat","background-position":"center center","background-size":"auto","background-attachment":"scroll","background-type":"","background-media":"","overlay-type":"","overlay-color":"","overlay-opacity":"","overlay-gradient":""}},"_glsr_average":0,"_glsr_ranking":0,"_glsr_reviews":0,"footnotes":""},"class_list":["post-26916","page","type-page","status-publish","has-post-thumbnail","hentry"],"yoast_head":"<!-- This site is optimized with the Yoast SEO plugin v25.3.1 - https:\/\/yoast.com\/wordpress\/plugins\/seo\/ -->\n<title>Tropical Shisha Bar - Amnissos Residence<\/title>\n<meta name=\"robots\" content=\"index, follow, max-snippet:-1, max-image-preview:large, max-video-preview:-1\" \/>\n<link rel=\"canonical\" href=\"https:\/\/amnissoshotel.com\/fr\/l-hotel\/tropical-shisha-bar\/\" \/>\n<meta property=\"og:locale\" content=\"fr_FR\" \/>\n<meta property=\"og:type\" content=\"article\" \/>\n<meta property=\"og:title\" content=\"Tropical Shisha Bar - Amnissos Residence\" \/>\n<meta property=\"og:description\" content=\"Amnissos \u00ab\u00a0Tropical\u00a0\u00bb Shisha Bar 11:00-00:00 \u00a0 Le Tropical Shisha Bar se trouve sous les arbres, dans un magnifique jardin. Choisissez votre shisha pr\u00e9f\u00e9r\u00e9e, d\u00e9tendez-vous dans une balancelle ou un gazebo et vivez la magie d&rsquo;une exp\u00e9rience estivale unique. *La shisha est en suppl\u00e9ment. *Au bar \u00e0 shisha \u00ab\u00a0Tropical\u00a0\u00bb, vous pouvez profiter de toutes les boissons [&hellip;]\" \/>\n<meta property=\"og:url\" content=\"https:\/\/amnissoshotel.com\/fr\/l-hotel\/tropical-shisha-bar\/\" \/>\n<meta property=\"og:site_name\" content=\"Amnissos Residence\" \/>\n<meta property=\"article:publisher\" content=\"https:\/\/www.facebook.com\/AmnissosResidence\" \/>\n<meta property=\"article:modified_time\" content=\"2025-06-27T11:25:50+00:00\" \/>\n<meta property=\"og:image\" content=\"https:\/\/amnissoshotel.com\/wp-content\/uploads\/tropical-bar-garden-view-015-1.jpg\" \/>\n\t<meta property=\"og:image:width\" content=\"1600\" \/>\n\t<meta property=\"og:image:height\" content=\"1068\" \/>\n\t<meta property=\"og:image:type\" content=\"image\/jpeg\" \/>\n<meta name=\"twitter:card\" content=\"summary_large_image\" \/>\n<meta name=\"twitter:label1\" content=\"Dur\u00e9e de lecture estim\u00e9e\" \/>\n\t<meta name=\"twitter:data1\" content=\"2 minutes\" \/>\n<script type=\"application\/ld+json\" class=\"yoast-schema-graph\">{\"@context\":\"https:\/\/schema.org\",\"@graph\":[{\"@type\":\"WebPage\",\"@id\":\"https:\/\/amnissoshotel.com\/fr\/l-hotel\/tropical-shisha-bar\/\",\"url\":\"https:\/\/amnissoshotel.com\/fr\/l-hotel\/tropical-shisha-bar\/\",\"name\":\"Tropical Shisha Bar - Amnissos Residence\",\"isPartOf\":{\"@id\":\"https:\/\/amnissoshotel.com\/fr\/#website\"},\"primaryImageOfPage\":{\"@id\":\"https:\/\/amnissoshotel.com\/fr\/l-hotel\/tropical-shisha-bar\/#primaryimage\"},\"image\":{\"@id\":\"https:\/\/amnissoshotel.com\/fr\/l-hotel\/tropical-shisha-bar\/#primaryimage\"},\"thumbnailUrl\":\"https:\/\/amnissoshotel.com\/wp-content\/uploads\/tropical-bar-garden-view-015-1.jpg\",\"datePublished\":\"2022-12-05T07:32:44+00:00\",\"dateModified\":\"2025-06-27T11:25:50+00:00\",\"breadcrumb\":{\"@id\":\"https:\/\/amnissoshotel.com\/fr\/l-hotel\/tropical-shisha-bar\/#breadcrumb\"},\"inLanguage\":\"fr-FR\",\"potentialAction\":[{\"@type\":\"ReadAction\",\"target\":[\"https:\/\/amnissoshotel.com\/fr\/l-hotel\/tropical-shisha-bar\/\"]}]},{\"@type\":\"ImageObject\",\"inLanguage\":\"fr-FR\",\"@id\":\"https:\/\/amnissoshotel.com\/fr\/l-hotel\/tropical-shisha-bar\/#primaryimage\",\"url\":\"https:\/\/amnissoshotel.com\/wp-content\/uploads\/tropical-bar-garden-view-015-1.jpg\",\"contentUrl\":\"https:\/\/amnissoshotel.com\/wp-content\/uploads\/tropical-bar-garden-view-015-1.jpg\",\"width\":1600,\"height\":1068},{\"@type\":\"BreadcrumbList\",\"@id\":\"https:\/\/amnissoshotel.com\/fr\/l-hotel\/tropical-shisha-bar\/#breadcrumb\",\"itemListElement\":[{\"@type\":\"ListItem\",\"position\":1,\"name\":\"Home\",\"item\":\"https:\/\/amnissoshotel.com\/fr\/\"},{\"@type\":\"ListItem\",\"position\":2,\"name\":\"L&#8217; h\u00f4tel\",\"item\":\"https:\/\/amnissoshotel.com\/fr\/the-hotel\/\"},{\"@type\":\"ListItem\",\"position\":3,\"name\":\"Tropical Shisha Bar\"}]},{\"@type\":\"WebSite\",\"@id\":\"https:\/\/amnissoshotel.com\/fr\/#website\",\"url\":\"https:\/\/amnissoshotel.com\/fr\/\",\"name\":\"Amnissos Residence\",\"description\":\"Hotel in Rethymno\",\"publisher\":{\"@id\":\"https:\/\/amnissoshotel.com\/fr\/#organization\"},\"potentialAction\":[{\"@type\":\"SearchAction\",\"target\":{\"@type\":\"EntryPoint\",\"urlTemplate\":\"https:\/\/amnissoshotel.com\/fr\/?s={search_term_string}\"},\"query-input\":{\"@type\":\"PropertyValueSpecification\",\"valueRequired\":true,\"valueName\":\"search_term_string\"}}],\"inLanguage\":\"fr-FR\"},{\"@type\":\"Organization\",\"@id\":\"https:\/\/amnissoshotel.com\/fr\/#organization\",\"name\":\"Amnissos Residence\",\"url\":\"https:\/\/amnissoshotel.com\/fr\/\",\"logo\":{\"@type\":\"ImageObject\",\"inLanguage\":\"fr-FR\",\"@id\":\"https:\/\/amnissoshotel.com\/fr\/#\/schema\/logo\/image\/\",\"url\":\"https:\/\/amnissoshotel.com\/wp-content\/uploads\/logo-trans-light-1.png\",\"contentUrl\":\"https:\/\/amnissoshotel.com\/wp-content\/uploads\/logo-trans-light-1.png\",\"width\":512,\"height\":365,\"caption\":\"Amnissos Residence\"},\"image\":{\"@id\":\"https:\/\/amnissoshotel.com\/fr\/#\/schema\/logo\/image\/\"},\"sameAs\":[\"https:\/\/www.facebook.com\/AmnissosResidence\",\"https:\/\/www.instagram.com\/amnissosresidence_rethymno\/\"]}]}<\/script>\n<!-- \/ Yoast SEO plugin. -->","yoast_head_json":{"title":"Tropical Shisha Bar - Amnissos Residence","robots":{"index":"index","follow":"follow","max-snippet":"max-snippet:-1","max-image-preview":"max-image-preview:large","max-video-preview":"max-video-preview:-1"},"canonical":"https:\/\/amnissoshotel.com\/fr\/l-hotel\/tropical-shisha-bar\/","og_locale":"fr_FR","og_type":"article","og_title":"Tropical Shisha Bar - Amnissos Residence","og_description":"Amnissos \u00ab\u00a0Tropical\u00a0\u00bb Shisha Bar 11:00-00:00 \u00a0 Le Tropical Shisha Bar se trouve sous les arbres, dans un magnifique jardin. Choisissez votre shisha pr\u00e9f\u00e9r\u00e9e, d\u00e9tendez-vous dans une balancelle ou un gazebo et vivez la magie d&rsquo;une exp\u00e9rience estivale unique. *La shisha est en suppl\u00e9ment. *Au bar \u00e0 shisha \u00ab\u00a0Tropical\u00a0\u00bb, vous pouvez profiter de toutes les boissons [&hellip;]","og_url":"https:\/\/amnissoshotel.com\/fr\/l-hotel\/tropical-shisha-bar\/","og_site_name":"Amnissos Residence","article_publisher":"https:\/\/www.facebook.com\/AmnissosResidence","article_modified_time":"2025-06-27T11:25:50+00:00","og_image":[{"width":1600,"height":1068,"url":"https:\/\/amnissoshotel.com\/wp-content\/uploads\/tropical-bar-garden-view-015-1.jpg","type":"image\/jpeg"}],"twitter_card":"summary_large_image","twitter_misc":{"Dur\u00e9e de lecture estim\u00e9e":"2 minutes"},"schema":{"@context":"https:\/\/schema.org","@graph":[{"@type":"WebPage","@id":"https:\/\/amnissoshotel.com\/fr\/l-hotel\/tropical-shisha-bar\/","url":"https:\/\/amnissoshotel.com\/fr\/l-hotel\/tropical-shisha-bar\/","name":"Tropical Shisha Bar - Amnissos Residence","isPartOf":{"@id":"https:\/\/amnissoshotel.com\/fr\/#website"},"primaryImageOfPage":{"@id":"https:\/\/amnissoshotel.com\/fr\/l-hotel\/tropical-shisha-bar\/#primaryimage"},"image":{"@id":"https:\/\/amnissoshotel.com\/fr\/l-hotel\/tropical-shisha-bar\/#primaryimage"},"thumbnailUrl":"https:\/\/amnissoshotel.com\/wp-content\/uploads\/tropical-bar-garden-view-015-1.jpg","datePublished":"2022-12-05T07:32:44+00:00","dateModified":"2025-06-27T11:25:50+00:00","breadcrumb":{"@id":"https:\/\/amnissoshotel.com\/fr\/l-hotel\/tropical-shisha-bar\/#breadcrumb"},"inLanguage":"fr-FR","potentialAction":[{"@type":"ReadAction","target":["https:\/\/amnissoshotel.com\/fr\/l-hotel\/tropical-shisha-bar\/"]}]},{"@type":"ImageObject","inLanguage":"fr-FR","@id":"https:\/\/amnissoshotel.com\/fr\/l-hotel\/tropical-shisha-bar\/#primaryimage","url":"https:\/\/amnissoshotel.com\/wp-content\/uploads\/tropical-bar-garden-view-015-1.jpg","contentUrl":"https:\/\/amnissoshotel.com\/wp-content\/uploads\/tropical-bar-garden-view-015-1.jpg","width":1600,"height":1068},{"@type":"BreadcrumbList","@id":"https:\/\/amnissoshotel.com\/fr\/l-hotel\/tropical-shisha-bar\/#breadcrumb","itemListElement":[{"@type":"ListItem","position":1,"name":"Home","item":"https:\/\/amnissoshotel.com\/fr\/"},{"@type":"ListItem","position":2,"name":"L&#8217; h\u00f4tel","item":"https:\/\/amnissoshotel.com\/fr\/the-hotel\/"},{"@type":"ListItem","position":3,"name":"Tropical Shisha Bar"}]},{"@type":"WebSite","@id":"https:\/\/amnissoshotel.com\/fr\/#website","url":"https:\/\/amnissoshotel.com\/fr\/","name":"Amnissos Residence","description":"Hotel in Rethymno","publisher":{"@id":"https:\/\/amnissoshotel.com\/fr\/#organization"},"potentialAction":[{"@type":"SearchAction","target":{"@type":"EntryPoint","urlTemplate":"https:\/\/amnissoshotel.com\/fr\/?s={search_term_string}"},"query-input":{"@type":"PropertyValueSpecification","valueRequired":true,"valueName":"search_term_string"}}],"inLanguage":"fr-FR"},{"@type":"Organization","@id":"https:\/\/amnissoshotel.com\/fr\/#organization","name":"Amnissos Residence","url":"https:\/\/amnissoshotel.com\/fr\/","logo":{"@type":"ImageObject","inLanguage":"fr-FR","@id":"https:\/\/amnissoshotel.com\/fr\/#\/schema\/logo\/image\/","url":"https:\/\/amnissoshotel.com\/wp-content\/uploads\/logo-trans-light-1.png","contentUrl":"https:\/\/amnissoshotel.com\/wp-content\/uploads\/logo-trans-light-1.png","width":512,"height":365,"caption":"Amnissos Residence"},"image":{"@id":"https:\/\/amnissoshotel.com\/fr\/#\/schema\/logo\/image\/"},"sameAs":["https:\/\/www.facebook.com\/AmnissosResidence","https:\/\/www.instagram.com\/amnissosresidence_rethymno\/"]}]}},"_links":{"self":[{"href":"https:\/\/amnissoshotel.com\/fr\/wp-json\/wp\/v2\/pages\/26916","targetHints":{"allow":["GET"]}}],"collection":[{"href":"https:\/\/amnissoshotel.com\/fr\/wp-json\/wp\/v2\/pages"}],"about":[{"href":"https:\/\/amnissoshotel.com\/fr\/wp-json\/wp\/v2\/types\/page"}],"author":[{"embeddable":true,"href":"https:\/\/amnissoshotel.com\/fr\/wp-json\/wp\/v2\/users\/5"}],"replies":[{"embeddable":true,"href":"https:\/\/amnissoshotel.com\/fr\/wp-json\/wp\/v2\/comments?post=26916"}],"version-history":[{"count":0,"href":"https:\/\/amnissoshotel.com\/fr\/wp-json\/wp\/v2\/pages\/26916\/revisions"}],"up":[{"embeddable":true,"href":"https:\/\/amnissoshotel.com\/fr\/wp-json\/wp\/v2\/pages\/26221"}],"wp:featuredmedia":[{"embeddable":true,"href":"https:\/\/amnissoshotel.com\/fr\/wp-json\/wp\/v2\/media\/28431"}],"wp:attachment":[{"href":"https:\/\/amnissoshotel.com\/fr\/wp-json\/wp\/v2\/media?parent=26916"}],"curies":[{"name":"wp","href":"https:\/\/api.w.org\/{rel}","templated":true}]}}